{"id":800,"date":"2021-07-06T17:12:52","date_gmt":"2021-07-06T15:12:52","guid":{"rendered":"http:\/\/originhobbies.com\/?post_type=product&#038;p=800"},"modified":"2026-04-06T01:06:57","modified_gmt":"2026-04-05T23:06:57","slug":"radiomaster-tx16s-carry-case-large","status":"publish","type":"product","link":"https:\/\/originhobbies.com\/sv\/shop\/radio-control\/radio-transmitters-receivers\/radiomaster-tx16s-accessories\/radiomaster-tx16s-carry-case-large\/","title":{"rendered":"RadioMaster TX16S b\u00e4rv\u00e4ska &amp; #8211; Stor"},"content":{"rendered":"<p>Radiomaster TX16s b\u00e4rv\u00e4ska - stor storlek.<\/p>\n<p>H\u00e5ll din TX16 s\u00e4ker med stil med det officiella RadioMaster -fodralet. Detta fodral kommer att b\u00e4ra din radio och andra tillbeh\u00f6r som FPV -glas\u00f6gon f\u00f6r att spara plats och ser bra ut. Det inre fodret \u00e4r mjukt och vadderat f\u00f6r att f\u00f6rhindra repor och skydda radion. \u00d6verst p\u00e5 fodralet har en dragkedjesektion f\u00f6r tillbeh\u00f6r.<\/p>\n<h4>Specifikation:<\/h4>\n<p>M\u00e4rke: Radiomaster<br \/>\nArtikelnamn: S\u00e4ndarhandv\u00e4ska<br \/>\nVikt: 800g<br \/>\nStorlek: 33 x 23,5 x 12 cm (L*W*H)<br \/>\nF\u00e4rg: Gr\u00e5<br \/>\nMaterial: Tyg<\/p>\n<p><strong>Obs: ** Passar endast radioapparater med f\u00e4llbart handtag (inte tillr\u00e4ckligt med h\u00f6jd f\u00f6r det fasta handtaget). **<\/strong><\/p>\n<p>Du kan enkelt konvertera det fasta handtaget till ett vikbart. Kolla in f\u00e4llhandtaget i TX16S -tillbeh\u00f6r.<\/p>","protected":false},"excerpt":{"rendered":"<p>Storlek: Stor<\/p>","protected":false},"featured_media":802,"comment_status":"open","ping_status":"closed","template":"","meta":{"_eb_attr":""},"product_brand":[],"product_cat":[53,239],"product_tag":[],"class_list":{"0":"post-800","1":"product","2":"type-product","3":"status-publish","4":"has-post-thumbnail","6":"product_cat-radiomaster-tx16s-accessories","7":"product_cat-radiomaster-accessories","9":"first","10":"outofstock","11":"taxable","12":"shipping-taxable","13":"purchasable","14":"product-type-simple"},"jetpack_sharing_enabled":true,"_links":{"self":[{"href":"https:\/\/originhobbies.com\/sv\/wp-json\/wp\/v2\/product\/800","targetHints":{"allow":["GET"]}}],"collection":[{"href":"https:\/\/originhobbies.com\/sv\/wp-json\/wp\/v2\/product"}],"about":[{"href":"https:\/\/originhobbies.com\/sv\/wp-json\/wp\/v2\/types\/product"}],"replies":[{"embeddable":true,"href":"https:\/\/originhobbies.com\/sv\/wp-json\/wp\/v2\/comments?post=800"}],"wp:featuredmedia":[{"embeddable":true,"href":"https:\/\/originhobbies.com\/sv\/wp-json\/wp\/v2\/media\/802"}],"wp:attachment":[{"href":"https:\/\/originhobbies.com\/sv\/wp-json\/wp\/v2\/media?parent=800"}],"wp:term":[{"taxonomy":"product_brand","embeddable":true,"href":"https:\/\/originhobbies.com\/sv\/wp-json\/wp\/v2\/product_brand?post=800"},{"taxonomy":"product_cat","embeddable":true,"href":"https:\/\/originhobbies.com\/sv\/wp-json\/wp\/v2\/product_cat?post=800"},{"taxonomy":"product_tag","embeddable":true,"href":"https:\/\/originhobbies.com\/sv\/wp-json\/wp\/v2\/product_tag?post=800"}],"curies":[{"name":"wp","href":"https:\/\/api.w.org\/{rel}","templated":true}]}}