{"id":795,"date":"2021-07-06T17:00:23","date_gmt":"2021-07-06T14:00:23","guid":{"rendered":"http:\/\/originhobbies.com\/?post_type=product&#038;p=795"},"modified":"2026-04-20T16:49:25","modified_gmt":"2026-04-20T14:49:25","slug":"radiomaster-tx16s-lipo-5000mah-battery","status":"publish","type":"product","link":"https:\/\/originhobbies.com\/sv\/shop\/radio-control\/radio-transmitters-receivers\/radiomaster-tx16s-accessories\/radiomaster-tx16s-lipo-5000mah-battery\/","title":{"rendered":"RadioMaster 21700 Li-ion battery 5000mah (TX16S \/ TX12 \/ Boxer \/ TX15)"},"content":{"rendered":"<p>RadioMaster 5000mah* 2s Li-ion pack is the perfect battery for all variants of the TX16S and TX12. Offering longer run times and safer use when compared to Li-poly batteries. Li-ion batteries typically offer higher energy density and are well suited to lower current draw applications.<\/p>\n<p>RadioMaster 5000mah* -paketet tillsammans med de interna laddningsm\u00f6jligheterna i TX16 -enheterna ger bekv\u00e4mlighet och sinnesro laddning f\u00f6r timmar av flyggl\u00e4dje.<\/p>\n<p>Batteriet inneh\u00e5ller en XT30 -utg\u00e5ng som \u00e4r idealisk f\u00f6r anv\u00e4ndning med externa moduler som TBS Crossfire.<\/p>\n<h2>Specifikationer<\/h2>\n<ul>\n<li>Kapacitet: 5000 mah*<\/li>\n<li>Wattimmar: 37wh<\/li>\n<li>Sp\u00e4nning: 7,4v<\/li>\n<li>Celler: 2 x 21700 Li-ion 3.7v 18.5Wh<\/li>\n<li>Anslutning: JST-XH och XT30<\/li>\n<li>Vikt: 150g<\/li>\n<li>Storlek: 72 mm x 42 mm x 22 mm<\/li>\n<li>Laddningsstr\u00f6m: Max 2 amp<\/li>\n<\/ul>\n<p><b>*Det har visat sig att det uppm\u00e4tta mAh-betyget f\u00f6r detta batteri har varit mellan 3000-4000mAh, trots 5000mAh-m\u00e4rkningen. Trots detta h\u00e5ller batteriet mycket l\u00e4nge i din TX16S -radio och vi rekommenderar starkt denna lipo.<\/b><\/p>","protected":false},"excerpt":{"rendered":"<p>RadioMaster 5000mah* 2s Li-ion pack is the perfect battery for all variants of the TX16S and TX12. Offering longer run times and safer use when compared to Li-poly batteries. Li-ion batteries typically offer higher energy density and are well suited to lower current draw applications. The RadioMaster 5000mah* pack coupled with the internal charging capabilities [&hellip;]<\/p>\n","protected":false},"featured_media":793,"comment_status":"open","ping_status":"closed","template":"","meta":{"_eb_attr":""},"product_brand":[],"product_cat":[53,105,239,197,391,450,198],"product_tag":[135],"class_list":{"0":"post-795","1":"product","2":"type-product","3":"status-publish","4":"has-post-thumbnail","6":"product_cat-radiomaster-tx16s-accessories","7":"product_cat-batteries","8":"product_cat-radiomaster-accessories","9":"product_cat-radiomaster-tx12-accessories","10":"product_cat-radiomaster-tx15-accessories","11":"product_cat-radiomaster-tx16s-mk3-accessories","12":"product_cat-radiomaster-boxer-accessories","13":"product_tag-lipo","15":"first","16":"instock","17":"taxable","18":"shipping-taxable","19":"purchasable","20":"product-type-simple"},"jetpack_sharing_enabled":true,"_links":{"self":[{"href":"https:\/\/originhobbies.com\/sv\/wp-json\/wp\/v2\/product\/795","targetHints":{"allow":["GET"]}}],"collection":[{"href":"https:\/\/originhobbies.com\/sv\/wp-json\/wp\/v2\/product"}],"about":[{"href":"https:\/\/originhobbies.com\/sv\/wp-json\/wp\/v2\/types\/product"}],"replies":[{"embeddable":true,"href":"https:\/\/originhobbies.com\/sv\/wp-json\/wp\/v2\/comments?post=795"}],"wp:featuredmedia":[{"embeddable":true,"href":"https:\/\/originhobbies.com\/sv\/wp-json\/wp\/v2\/media\/793"}],"wp:attachment":[{"href":"https:\/\/originhobbies.com\/sv\/wp-json\/wp\/v2\/media?parent=795"}],"wp:term":[{"taxonomy":"product_brand","embeddable":true,"href":"https:\/\/originhobbies.com\/sv\/wp-json\/wp\/v2\/product_brand?post=795"},{"taxonomy":"product_cat","embeddable":true,"href":"https:\/\/originhobbies.com\/sv\/wp-json\/wp\/v2\/product_cat?post=795"},{"taxonomy":"product_tag","embeddable":true,"href":"https:\/\/originhobbies.com\/sv\/wp-json\/wp\/v2\/product_tag?post=795"}],"curies":[{"name":"wp","href":"https:\/\/api.w.org\/{rel}","templated":true}]}}