{"id":739,"date":"2021-07-02T18:38:42","date_gmt":"2021-07-02T16:38:42","guid":{"rendered":"http:\/\/originhobbies.com\/?post_type=product&#038;p=739"},"modified":"2026-04-06T01:06:57","modified_gmt":"2026-04-05T23:06:57","slug":"radiomaster-tx16s-max-transmitter","status":"publish","type":"product","link":"https:\/\/originhobbies.com\/sv\/shop\/radio-control\/radio-transmitters-receivers\/radiomaster-tx16s-max-transmitter\/","title":{"rendered":"Radiomaster TX16S Max Transmitter (Carbon\/Gold\/Silver) EdgeTX"},"content":{"rendered":"<p>Radiomaster TX16S Max Transmitter \u00e4r en h\u00f6gpresterande multiprotokolls\u00e4ndare med st\u00f6d f\u00f6r OpenTX-programvara. Radiomaster TX16S MAX -s\u00e4ndaren \u00e4r toppmodellen i TX16S -serien. Den har m\u00e5nga f\u00f6rb\u00e4ttringar, inklusive ett metallvikhandtag, l\u00e4derhandtag och en f\u00f6rb\u00e4ttrad nackremskrok.<\/p>\n<p><strong> We update Firmware to latest EdgeTX version with touchscreen support before shipping <\/strong><\/p>\n<p><strong>MAX -versionen har en yta av kolfiber\/guld\/silver -effekt med ett f\u00e4llbart metallhandtag, l\u00e4derhandtag och alla CNC -aluminiumuppgraderingar som \u00e4r fabriksmonterade. Halsband och nyckelring ing\u00e5r.<\/strong><\/p>\n<p>Max-versionen har en extremt smidig precisionshalsensor med aluminiumfacia och en stor 4,3 \u201df\u00e4rgdisplay. Radiomastern har en inbyggd multiprotokollmodul som st\u00f6der de flesta eller de popul\u00e4ra radioprotokollen och en JR -expansionsmodulfack som st\u00f6der bland annat TBS Crossfire -moduler.<\/p>\n<p>Denna s\u00e4ndare \u00e4r i l\u00e4ge 2 -konfiguration (gasreglage p\u00e5 v\u00e4nster pinne). Det kan enkelt v\u00e4xlas till l\u00e4ge 1. Om du vill att vi ska byta till l\u00e4ge 1, v\u00e4nligen meddela oss. Vi hj\u00e4lper dig g\u00e4rna.<\/p>\n<p>Radiomaster TX16S Max edition har ocks\u00e5 en inbyggd peksk\u00e4rm som kommer att aktiveras i framtida versioner av OpenTX.<\/p>\n<p><strong>** Requires <a href=\"https:\/\/originhobbies.com\/sv\/shop\/radio-transmitters-receivers\/radiomaster-li-ion-18650-2500mah-2pcs\/\">2x 18650 cells<\/a> OR <a href=\"https:\/\/originhobbies.com\/sv\/shop\/radio-transmitters-receivers\/radiomaster-tx16s-accessories\/radiomaster-tx16s-lipo-5000mah-battery\/\" target=\"_blank\" rel=\"noopener\">LiPo batteri<\/a> att fungera **<\/strong><\/p>\n<h4>Specifikationer:<\/h4>\n<div>- Vikt: 820 g (med 2 x 18650 batterier installerade)<br \/>\n-Sp\u00e4nning: DC7-8.4V<br \/>\n- Batteri: 2 x 18650 (fack medf\u00f6ljer) eller 2S lipo (batterier ing\u00e5r ej)<br \/>\n- Str\u00f6m: 350mAh (INGEN CRSF)<br \/>\n- Kanal: 16 kanaler<br \/>\n- Extern Micro SD -kortplats: Kort ing\u00e5r<br \/>\n- 2 x externa UART -expansionsportar<\/div>\n<div><\/div>\n<h4><\/h4>\n<h4>Funktioner:<\/h4>\n<div>- STM32F429BIT6 MCU<br \/>\n- Industriell 4,3 tum 480*272 utomhusl\u00e4sbar f\u00e4rgsk\u00e4rm<\/div>\n<div><strong>- F\u00e4llbart handtag i metall<br \/>\n- Annodiserad CNC -aluminiumplatta<\/strong><\/div>\n<div><strong>- L\u00e4dergrepp<\/strong><br \/>\n- Kompatibel med OpenTX<br \/>\n- Hjulmenyknapp<br \/>\n- Full storlek HALL sensor gimbals med CNC Aluminium Facia.<br \/>\n-Internt multiprotokoll RF-system<br \/>\n- Native Full Speed TBS Crossfire support (400K)<br \/>\n- St\u00f6der telemetri (beroende p\u00e5 protokoll och mottagare)<br \/>\n- Minne 16M (kan ut\u00f6kas med Micro SD -kort)<br \/>\n- R\u00f6stfunktion<br \/>\n&#8211; Touch Screen (activated in EdgeTX software releases)<br \/>\n- Vibrationsp\u00e5minnelse<br \/>\n- F\u00f6rb\u00e4ttrad JR -modulplats<br \/>\n-6-flygl\u00e4gesknappar (Pixhawk, anpassade funktioner och mer!)<br \/>\n-Tref\u00e4rgad LED-statusvisning<br \/>\n-USB-C laddningsport.<br \/>\n-USB-C Simulator och PC-anslutningsport.<br \/>\n- Externa UART -portar f\u00f6r att ut\u00f6ka din radios m\u00f6jligheter. \u201d<\/div>\n<div><\/div>\n<h4>Ing\u00e5r:<\/h4>\n<div>- Radiomaster T16S -s\u00e4ndare - Hall Sensor Gimbals (MODE 2) x1<br \/>\n- Skumfodral med h\u00f6g densitet<br \/>\n- USB-kabel<br \/>\n- 18650 Bricka<\/div>\n<div>- Halsband<\/div>\n<div>- Nyckelring<\/div>\n<div><\/div>\n<h4>Nedladdningar<\/h4>\n<div>\n<ul>\n<li><a href=\"https:\/\/originhobbies.com\/wp-content\/uploads\/2021\/08\/tx16s-quick-start-guide.pdf\" target=\"_blank\" rel=\"noopener\">TX16s snabbstartguide<\/a><\/li>\n<li><a href=\"https:\/\/originhobbies.com\/wp-content\/uploads\/2021\/08\/tx16s-user-manual.pdf\" target=\"_blank\" rel=\"noopener\">TX16S HALL Manual<\/a><\/li>\n<\/ul>\n<\/div>","protected":false},"excerpt":{"rendered":"<p>The Radiomaster TX16S Max Transmitter is a high-performance multi-protocol transmitter with OpenTX software support. The Radiomaster TX16S MAX Transmitter is the top model in the TX16S range. It features\u00a0 numerous improvements including\u00a0 a metal folding handle, leather side grips and an improved neck strap hook. We update Firmware to latest EdgeTX version with touchscreen support [&hellip;]<\/p>\n","protected":false},"featured_media":755,"comment_status":"open","ping_status":"closed","template":"","meta":{"_eb_attr":""},"product_brand":[],"product_cat":[46],"product_tag":[],"class_list":{"0":"post-739","1":"product","2":"type-product","3":"status-publish","4":"has-post-thumbnail","6":"product_cat-radio-transmitters-receivers","8":"first","9":"discontinued","10":"taxable","11":"shipping-taxable","12":"product-type-simple"},"jetpack_sharing_enabled":true,"_links":{"self":[{"href":"https:\/\/originhobbies.com\/sv\/wp-json\/wp\/v2\/product\/739","targetHints":{"allow":["GET"]}}],"collection":[{"href":"https:\/\/originhobbies.com\/sv\/wp-json\/wp\/v2\/product"}],"about":[{"href":"https:\/\/originhobbies.com\/sv\/wp-json\/wp\/v2\/types\/product"}],"replies":[{"embeddable":true,"href":"https:\/\/originhobbies.com\/sv\/wp-json\/wp\/v2\/comments?post=739"}],"wp:featuredmedia":[{"embeddable":true,"href":"https:\/\/originhobbies.com\/sv\/wp-json\/wp\/v2\/media\/755"}],"wp:attachment":[{"href":"https:\/\/originhobbies.com\/sv\/wp-json\/wp\/v2\/media?parent=739"}],"wp:term":[{"taxonomy":"product_brand","embeddable":true,"href":"https:\/\/originhobbies.com\/sv\/wp-json\/wp\/v2\/product_brand?post=739"},{"taxonomy":"product_cat","embeddable":true,"href":"https:\/\/originhobbies.com\/sv\/wp-json\/wp\/v2\/product_cat?post=739"},{"taxonomy":"product_tag","embeddable":true,"href":"https:\/\/originhobbies.com\/sv\/wp-json\/wp\/v2\/product_tag?post=739"}],"curies":[{"name":"wp","href":"https:\/\/api.w.org\/{rel}","templated":true}]}}