{"id":5711,"date":"2022-12-20T22:37:29","date_gmt":"2022-12-20T20:37:29","guid":{"rendered":"http:\/\/originhobbies.com\/?post_type=product&#038;p=5711"},"modified":"2026-04-24T10:54:23","modified_gmt":"2026-04-24T08:54:23","slug":"radiomaster-6200mah-2s-7-4v-lipo-battery-tx16s-boxer","status":"publish","type":"product","link":"https:\/\/originhobbies.com\/sv\/shop\/radio-control\/radio-transmitters-receivers\/radiomaster-boxer-accessories\/radiomaster-6200mah-2s-7-4v-lipo-battery-tx16s-boxer\/","title":{"rendered":"RadioMaster 6200mAh 2S 7.4V Lipo Battery (TX16S \/ TX15 \/ Boxer)"},"content":{"rendered":"<p>RadioMaster 6200mAh 2S 7.4V Lipo Battery is the perfect battery for all variants of the TX16S and Boxer Radio.<\/p>\n<p>Batteriet inneh\u00e5ller en XT30 -utg\u00e5ng som \u00e4r idealisk f\u00f6r anv\u00e4ndning med externa moduler som TBS Crossfire.<\/p>\n<h4>Specifikationer<\/h4>\n<ul>\n<li>Item: 2S 7.4V 6200mAh LiPo Battery<\/li>\n<li>Nominal Voltage: 7.4V<\/li>\n<li>Capacity: 6200mAh<\/li>\n<li>Watt Hours: 45.88wh<\/li>\n<li>Anslutning: JST-XH och XT30<\/li>\n<li>Charge current: Max 2A<\/li>\n<li>Dimensions: 85mm x 50mm x 21mm<\/li>\n<li>Weight: 203g<\/li>\n<li>Fits RadioMaster BOXER Radio, TX16S and TX15 series Radios.<\/li>\n<\/ul>","protected":false},"excerpt":{"rendered":"<p>RadioMaster 6200mAh 2S 7.4V Lipo Battery is the perfect battery for all variants of the TX16S and Boxer Radio. The battery includes an XT30 output plug that is the ideal length for use with external modules such as the TBS Crossfire. Specifications Item: 2S 7.4V 6200mAh LiPo Battery Nominal Voltage: 7.4V Capacity: 6200mAh Watt Hours: [&hellip;]<\/p>\n","protected":false},"featured_media":5714,"comment_status":"open","ping_status":"closed","template":"","meta":{"_eb_attr":""},"product_brand":[],"product_cat":[198,105,239,391,53,450],"product_tag":[135],"class_list":{"0":"post-5711","1":"product","2":"type-product","3":"status-publish","4":"has-post-thumbnail","6":"product_cat-radiomaster-boxer-accessories","7":"product_cat-batteries","8":"product_cat-radiomaster-accessories","9":"product_cat-radiomaster-tx15-accessories","10":"product_cat-radiomaster-tx16s-accessories","11":"product_cat-radiomaster-tx16s-mk3-accessories","12":"product_tag-lipo","14":"first","15":"instock","16":"taxable","17":"shipping-taxable","18":"purchasable","19":"product-type-simple"},"jetpack_sharing_enabled":true,"_links":{"self":[{"href":"https:\/\/originhobbies.com\/sv\/wp-json\/wp\/v2\/product\/5711","targetHints":{"allow":["GET"]}}],"collection":[{"href":"https:\/\/originhobbies.com\/sv\/wp-json\/wp\/v2\/product"}],"about":[{"href":"https:\/\/originhobbies.com\/sv\/wp-json\/wp\/v2\/types\/product"}],"replies":[{"embeddable":true,"href":"https:\/\/originhobbies.com\/sv\/wp-json\/wp\/v2\/comments?post=5711"}],"wp:featuredmedia":[{"embeddable":true,"href":"https:\/\/originhobbies.com\/sv\/wp-json\/wp\/v2\/media\/5714"}],"wp:attachment":[{"href":"https:\/\/originhobbies.com\/sv\/wp-json\/wp\/v2\/media?parent=5711"}],"wp:term":[{"taxonomy":"product_brand","embeddable":true,"href":"https:\/\/originhobbies.com\/sv\/wp-json\/wp\/v2\/product_brand?post=5711"},{"taxonomy":"product_cat","embeddable":true,"href":"https:\/\/originhobbies.com\/sv\/wp-json\/wp\/v2\/product_cat?post=5711"},{"taxonomy":"product_tag","embeddable":true,"href":"https:\/\/originhobbies.com\/sv\/wp-json\/wp\/v2\/product_tag?post=5711"}],"curies":[{"name":"wp","href":"https:\/\/api.w.org\/{rel}","templated":true}]}}