{"id":498,"date":"2021-06-18T20:06:35","date_gmt":"2021-06-18T17:06:35","guid":{"rendered":"http:\/\/originhobbies.com\/?post_type=product&#038;p=498"},"modified":"2026-04-06T01:06:57","modified_gmt":"2026-04-05T23:06:57","slug":"hobbywing-platinum-pro-60a-2-6s-bec-7a-for-450-heli-3d-and-50-plane-hw30215100","status":"publish","type":"product","link":"https:\/\/originhobbies.com\/sv\/shop\/esc-speed-controllers\/hobbywing-platinum-pro-60a-2-6s-bec-7a-for-450-heli-3d-and-50-plane-hw30215100\/","title":{"rendered":"Hobbywing Platinum Pro 60A v4 ESC for 450 Heli 3D and .50 Plane"},"content":{"rendered":"<div class=\"col-xs-12 col-lg-12\">\n<p>Hobbywing Platinum Pro 60A v4 ESC (HW30215100 ) is a great ESC for RC Helicopters like OMPhobby M4, goblin 380, Oxy4, Gaui X3, trex 450, trex 470. It has built in RPM governor for helicopters. It also has separate RPM signal output port compatible with various flybarless controllers (e.g. V-bar). Firmware is upgrade-able.<\/p>\n<h4>Utm\u00e4rkt motorstyrhastighet<\/h4>\n<p>H\u00f6gpresterande 32-bitars processor med en k\u00f6rfrekvens p\u00e5 72MHz i kombination med avancerad algoritm optimerar den styrda hastigheten. Tillsammans med de justerbara regulatorparametrarna garanterar varje pilot en exakt kontrollupplevelse.<\/p>\n<h4>Inbyggd h\u00f6gsp\u00e4nning BEC<\/h4>\n<p>Det inbyggda switchl\u00e4get BEC med ett justerbart sp\u00e4nningsintervall fr\u00e5n 5V till 8V, en kontinuerlig str\u00f6m p\u00e5 \u00f6ver 7A och en toppstr\u00f6m p\u00e5 18A kan ge tillr\u00e4ckligt med str\u00f6m f\u00f6r att dina servon ska fungera effektivt.<\/p>\n<h4>DEO -teknik<strong><br \/>\n<\/strong><\/h4>\n<p>DEO -tekniken (Driving Efficiency Optimization, eller s\u00e5 kallad &quot;Active Freewheeling&quot;) som implementeras i ESC har flera f\u00f6rdelar.<\/p>\n<ul>\n<li>Snabbare svar p\u00e5 gasreglaget.<\/li>\n<li>H\u00f6gre k\u00f6reffektivitet, l\u00e4ngre flygtid.<\/li>\n<li>L\u00e4gre ESC -temperatur och en mer tillf\u00f6rlitlig drift.<\/li>\n<\/ul>\n<h4>Fyra bromsl\u00e4gen<\/h4>\n<p>Hobbywing Platinum Pro 60A v4 ESC har \u201dbroms inaktiverad, normal broms, proportionell broms och bakre broms\u201d fyra bromsl\u00e4gen. Bromsm\u00e4ngden \u00e4r justerbar i normalt bromsl\u00e4ge; i proportionellt bromsl\u00e4ge blir bromskraften<br \/>\nautomatiskt tilldelad baserat p\u00e5 positionen f\u00f6r radiogasreglaget; i omv\u00e4nt bromsl\u00e4ge kan motorrotationen \u00e4ndras via en extra s\u00e4ndarkanal.<\/p>\n<h4>Flera skydd<strong><br \/>\n<\/strong><\/h4>\n<p>Flera skyddsfunktioner inkluderar, ESC termisk, kondensator termisk (HOBBYWING-patenterad teknik), ESC \u00f6verbelastning, f\u00f6rlust av gassignal (eller Fail Safe) och l\u00e5gsp\u00e4nningsavst\u00e4ngning f\u00f6rl\u00e4nger effektivt ESC: s livsl\u00e4ngd.<\/p>\n<h4>Andra funktioner<\/h4>\n<p>En separat programmeringsport f\u00f6r anslutning av programmeraren p\u00e5 denna ESC till\u00e5ter anv\u00e4ndare<\/p>\n<ul>\n<li>Program ESC<\/li>\n<li>kontrollera flygdata inkluderar minsta sp\u00e4nning, h\u00f6gsta temperatur, standardiserat varvtal och hastighetskurva (i Heli Governing Store -l\u00e4ge) f\u00f6r flygdata som registrerats av ESC,<\/li>\n<li>Uppgradera ESC-firmware med en multifunktions-LCD-programbox eller en Wi-Fi-modul och v\u00e5r Apple\/Android-telefonapp<\/li>\n<\/ul>\n<h4>Teknisk data:<\/h4>\n<ul>\n<li><strong>Produktnamn:<\/strong> Platina 60A V4<\/li>\n<li><strong>Produktnummer:<\/strong> 30215100<\/li>\n<li><strong>Typ:<\/strong>\n<ul>\n<li>Borstad\/borstl\u00f6s: BL<\/li>\n<li>H\u00f6gsp\u00e4nning\/vanlig: Regelbunden<\/li>\n<\/ul>\n<\/li>\n<li><strong>Specifikationer:<\/strong>\n<ul>\n<li>Forts.\/Toppstr\u00f6m: 60A\/80A<\/li>\n<li>Ing\u00e5ng: 3-6S LiPo<\/li>\n<li>BEC-utg\u00e5ng: switchl\u00e4ge: 5-8V, 7A<\/li>\n<\/ul>\n<\/li>\n<li><strong>Ledningar och kontakter<\/strong>\n<ul>\n<li>Ing\u00e5ngskablar: R\u00f6d-14AWG-100mm*1\/Svart-14AWG-100mm*1<\/li>\n<li>Utg\u00e5ngskablar: Svart-14AWG-75mm*3<\/li>\n<li>Ing\u00e5ngskontakter: Nej<\/li>\n<li>Utg\u00e5ngskontakter: 3,5 mm guldkontakter (hona)<br \/>\nObs! All tr\u00e5dl\u00e4ngd ovan \u00e4r originall\u00e4ngden, inte l\u00e4ngden du ser fr\u00e5n utsidan.)<\/li>\n<\/ul>\n<\/li>\n<li><strong>ESC -programmering via<\/strong>\n<ul>\n<li>S\u00e4ndare: St\u00f6ds inte<\/li>\n<li>LED -programkort: St\u00f6ds inte<\/li>\n<li>LED -programbox: st\u00f6ds inte<\/li>\n<li>LCD -programbox: st\u00f6ds<\/li>\n<li>WiFi -modul: st\u00f6ds<\/li>\n<li>Programport: Program\/gasreglage<\/li>\n<\/ul>\n<\/li>\n<li><strong>Firmware<\/strong>\n<ul>\n<li>Firmware -uppgradering: st\u00f6ds<\/li>\n<\/ul>\n<\/li>\n<li><strong>Storlek och vikt<\/strong>\n<ul>\n<li>Storlek: 48,0 \u00d7 30,0x15,5 mm<\/li>\n<li>Vikt: 49g<\/li>\n<\/ul>\n<\/li>\n<li><strong>Ans\u00f6kningar<\/strong>\n<ul>\n<li>450-480 klass Heli (huvudblad: 325-360mm)<\/li>\n<\/ul>\n<\/li>\n<\/ul>\n<\/div>","protected":false},"excerpt":{"rendered":"<p>Hobbywing Platinum Pro 60A v4 ESC (HW30215100 ) is a great ESC for RC Helicopters like OMPhobby M4, goblin 380, Oxy4, Gaui X3, trex 450, trex 470. It has built in RPM governor for helicopters. It also has separate RPM signal output port compatible with various flybarless controllers (e.g. V-bar). Firmware is upgrade-able. Excellent Motor [&hellip;]<\/p>\n","protected":false},"featured_media":499,"comment_status":"open","ping_status":"closed","template":"","meta":{"_eb_attr":""},"product_brand":[],"product_cat":[20],"product_tag":[],"class_list":["post-498","product","type-product","status-publish","has-post-thumbnail","product_cat-esc-speed-controllers","first","discontinued","taxable","shipping-taxable","product-type-simple"],"jetpack_sharing_enabled":true,"_links":{"self":[{"href":"https:\/\/originhobbies.com\/sv\/wp-json\/wp\/v2\/product\/498","targetHints":{"allow":["GET"]}}],"collection":[{"href":"https:\/\/originhobbies.com\/sv\/wp-json\/wp\/v2\/product"}],"about":[{"href":"https:\/\/originhobbies.com\/sv\/wp-json\/wp\/v2\/types\/product"}],"replies":[{"embeddable":true,"href":"https:\/\/originhobbies.com\/sv\/wp-json\/wp\/v2\/comments?post=498"}],"wp:featuredmedia":[{"embeddable":true,"href":"https:\/\/originhobbies.com\/sv\/wp-json\/wp\/v2\/media\/499"}],"wp:attachment":[{"href":"https:\/\/originhobbies.com\/sv\/wp-json\/wp\/v2\/media?parent=498"}],"wp:term":[{"taxonomy":"product_brand","embeddable":true,"href":"https:\/\/originhobbies.com\/sv\/wp-json\/wp\/v2\/product_brand?post=498"},{"taxonomy":"product_cat","embeddable":true,"href":"https:\/\/originhobbies.com\/sv\/wp-json\/wp\/v2\/product_cat?post=498"},{"taxonomy":"product_tag","embeddable":true,"href":"https:\/\/originhobbies.com\/sv\/wp-json\/wp\/v2\/product_tag?post=498"}],"curies":[{"name":"wp","href":"https:\/\/api.w.org\/{rel}","templated":true}]}}