{"id":4066,"date":"2022-07-23T21:34:43","date_gmt":"2022-07-23T19:34:43","guid":{"rendered":"http:\/\/originhobbies.com\/?post_type=product&#038;p=4066"},"modified":"2026-04-06T01:06:25","modified_gmt":"2026-04-05T23:06:25","slug":"omphobby-m1-evo-rc-helicopter-bnf","status":"publish","type":"product","link":"https:\/\/originhobbies.com\/sv\/shop\/rc-helicopters\/helicopter-rtf-bnf-kits\/omphobby-m1-evo-rc-helicopter-bnf\/","title":{"rendered":"OMPHobby M1 EVO RC Helikopter BnF"},"content":{"rendered":"<div>The OMPHobby M1 EVO RC Helicopter is the latest revision of the M1 helicopter. It has an updated carbon fiber frame and available in 4 new colors.<\/div>\n<div><\/div>\n<div>OMPHobby M1 RC Helicopter BnF \u00e4r en fantastisk mikro (150 storlek) 3D Flybarless RC helikopter. B\u00e4st f\u00f6r inomhusflyg under dagar med d\u00e5ligt v\u00e4der. Den kan flygas utomhus ocks\u00e5.<\/div>\n<p>&nbsp;<\/p>\n<hr \/>\n<p><span style=\"color: #ff0000;\">VARNING!<\/span> Detta \u00e4r ingen leksak. Felaktig anv\u00e4ndning kan leda till allvarlig skada. RC-simulator\u00f6vning rekommenderas innan du f\u00f6rs\u00f6ker flyga denna modell. Inte l\u00e4mplig f\u00f6r barn.<br \/>\n<a href=\"https:\/\/originhobbies.com\/sv\/legal-disclaimer\/\">L\u00e4s mer!<\/a><\/p>\n<div>\n<hr \/>\n<\/div>\n<div><\/div>\n<p><span class=\"style-scope yt-formatted-string\" dir=\"auto\">Highlights of the M1 EVO:<\/span><\/p>\n<ul>\n<li><span class=\"style-scope yt-formatted-string\" dir=\"auto\"> All new visual design fitting with OMP\u2019s new line, available in white, red, orange and yellow<\/span><\/li>\n<li><span class=\"style-scope yt-formatted-string\" dir=\"auto\">Newly designed carbon fiber frame with central aluminium backbone<\/span><\/li>\n<li><span class=\"style-scope yt-formatted-string\" dir=\"auto\">New, crash-proof aluminium tail motor mount with painted CF tail fin<\/span><\/li>\n<li><span class=\"style-scope yt-formatted-string\" dir=\"auto\">Length adjustable tail boom for easy CG adjustment<\/span><\/li>\n<li><span class=\"style-scope yt-formatted-string\" dir=\"auto\">1g lighter than the original M1<\/span><\/li>\n<li><span class=\"style-scope yt-formatted-string\" dir=\"auto\">Proven propulsion system of the M1, allowing for efficient, long flights<\/span><\/li>\n<li><span class=\"style-scope yt-formatted-string\" dir=\"auto\">Swash leveling tool included in package<\/span><\/li>\n<\/ul>\n<figure id=\"attachment_4108\" aria-describedby=\"caption-attachment-4108\" style=\"width: 300px\" class=\"wp-caption aligncenter\"><img loading=\"lazy\" decoding=\"async\" class=\"wp-image-4108 size-medium\" src=\"https:\/\/originhobbies.com\/wp-content\/uploads\/2022\/07\/m1-EVO-frame-300x300.jpg\" alt=\"\" width=\"300\" height=\"300\" srcset=\"https:\/\/originhobbies.com\/wp-content\/uploads\/2022\/07\/m1-EVO-frame-300x300.jpg 300w, https:\/\/originhobbies.com\/wp-content\/uploads\/2022\/07\/m1-EVO-frame-1024x1024.jpg 1024w, https:\/\/originhobbies.com\/wp-content\/uploads\/2022\/07\/m1-EVO-frame-150x150.jpg 150w, https:\/\/originhobbies.com\/wp-content\/uploads\/2022\/07\/m1-EVO-frame-768x768.jpg 768w, https:\/\/originhobbies.com\/wp-content\/uploads\/2022\/07\/m1-EVO-frame-1600x1600.jpg 1600w, https:\/\/originhobbies.com\/wp-content\/uploads\/2022\/07\/m1-EVO-frame-1536x1536.jpg 1536w, https:\/\/originhobbies.com\/wp-content\/uploads\/2022\/07\/m1-EVO-frame-2048x2048.jpg 2048w, https:\/\/originhobbies.com\/wp-content\/uploads\/2022\/07\/m1-EVO-frame-12x12.jpg 12w, https:\/\/originhobbies.com\/wp-content\/uploads\/2022\/07\/m1-EVO-frame-324x324.jpg 324w, https:\/\/originhobbies.com\/wp-content\/uploads\/2022\/07\/m1-EVO-frame-416x416.jpg 416w, https:\/\/originhobbies.com\/wp-content\/uploads\/2022\/07\/m1-EVO-frame-100x100.jpg 100w\" sizes=\"auto, (max-width: 300px) 100vw, 300px\" \/><figcaption id=\"caption-attachment-4108\" class=\"wp-caption-text\">Carbon Fiber main frame and metal tail boom mount<\/figcaption><\/figure>\n<figure id=\"attachment_4109\" aria-describedby=\"caption-attachment-4109\" style=\"width: 300px\" class=\"wp-caption aligncenter\"><img loading=\"lazy\" decoding=\"async\" class=\"wp-image-4109 size-medium\" src=\"https:\/\/originhobbies.com\/wp-content\/uploads\/2022\/07\/m1-EVO-tail-300x300.jpg\" alt=\"\" width=\"300\" height=\"300\" srcset=\"https:\/\/originhobbies.com\/wp-content\/uploads\/2022\/07\/m1-EVO-tail-300x300.jpg 300w, https:\/\/originhobbies.com\/wp-content\/uploads\/2022\/07\/m1-EVO-tail-150x150.jpg 150w, https:\/\/originhobbies.com\/wp-content\/uploads\/2022\/07\/m1-EVO-tail-768x768.jpg 768w, https:\/\/originhobbies.com\/wp-content\/uploads\/2022\/07\/m1-EVO-tail-12x12.jpg 12w, https:\/\/originhobbies.com\/wp-content\/uploads\/2022\/07\/m1-EVO-tail-324x324.jpg 324w, https:\/\/originhobbies.com\/wp-content\/uploads\/2022\/07\/m1-EVO-tail-416x416.jpg 416w, https:\/\/originhobbies.com\/wp-content\/uploads\/2022\/07\/m1-EVO-tail-100x100.jpg 100w, https:\/\/originhobbies.com\/wp-content\/uploads\/2022\/07\/m1-EVO-tail.jpg 1000w\" sizes=\"auto, (max-width: 300px) 100vw, 300px\" \/><figcaption id=\"caption-attachment-4109\" class=\"wp-caption-text\">Carbon Fiber tail fin and metal tail motor mount<\/figcaption><\/figure>\n<h4><strong><a href=\"https:\/\/originhobbies.com\/sv\/shop\/helicopter-parts\/omp-m1-helicopter-parts\/omphobby-m1-swash-leveling-tool\/\">M1 Swash leveling tool<\/a> + <a href=\"https:\/\/originhobbies.com\/sv\/shop\/helicopter-parts\/omphobby-m1-evo-spare-parts\/oshm1205-omp-m1-evo-swash-plate-leveler\/\">OSHM1205<\/a> tillhandah\u00e5lls gratis med varje M1 Helikopter!<\/strong><\/h4>\n<div>\n<h4><a href=\"https:\/\/originhobbies.com\/sv\/shop\/helicopter-parts\/omp-m1-helicopter-parts\/omphobby-m1-swash-leveling-tool\/\"><img loading=\"lazy\" decoding=\"async\" class=\"alignleft wp-image-4802\" src=\"https:\/\/originhobbies.com\/wp-content\/uploads\/2022\/05\/OH-M1-swash-tool4-300x300.jpg\" alt=\"OMPHobby M1 swash leveling tool\" width=\"228\" height=\"228\" srcset=\"https:\/\/originhobbies.com\/wp-content\/uploads\/2022\/05\/OH-M1-swash-tool4-300x300.jpg 300w, https:\/\/originhobbies.com\/wp-content\/uploads\/2022\/05\/OH-M1-swash-tool4-150x150.jpg 150w, https:\/\/originhobbies.com\/wp-content\/uploads\/2022\/05\/OH-M1-swash-tool4-12x12.jpg 12w, https:\/\/originhobbies.com\/wp-content\/uploads\/2022\/05\/OH-M1-swash-tool4-324x324.jpg 324w, https:\/\/originhobbies.com\/wp-content\/uploads\/2022\/05\/OH-M1-swash-tool4-416x416.jpg 416w, https:\/\/originhobbies.com\/wp-content\/uploads\/2022\/05\/OH-M1-swash-tool4-100x100.jpg 100w, https:\/\/originhobbies.com\/wp-content\/uploads\/2022\/05\/OH-M1-swash-tool4.jpg 700w\" sizes=\"auto, (max-width: 228px) 100vw, 228px\" \/><\/a><\/h4>\n<\/div>\n<div><a href=\"https:\/\/originhobbies.com\/sv\/shop\/helicopter-parts\/omphobby-m1-evo-spare-parts\/oshm1205-omp-m1-evo-swash-plate-leveler\/\"><img loading=\"lazy\" decoding=\"async\" class=\"alignnone wp-image-5306\" src=\"https:\/\/originhobbies.com\/wp-content\/uploads\/2022\/07\/OSHM1205-1.jpg\" alt=\"OSHM1205 Swash plate leveler OMP M1 EVO\" width=\"237\" height=\"237\" srcset=\"https:\/\/originhobbies.com\/wp-content\/uploads\/2022\/07\/OSHM1205-1.jpg 700w, https:\/\/originhobbies.com\/wp-content\/uploads\/2022\/07\/OSHM1205-1-300x300.jpg 300w, https:\/\/originhobbies.com\/wp-content\/uploads\/2022\/07\/OSHM1205-1-150x150.jpg 150w, https:\/\/originhobbies.com\/wp-content\/uploads\/2022\/07\/OSHM1205-1-12x12.jpg 12w, https:\/\/originhobbies.com\/wp-content\/uploads\/2022\/07\/OSHM1205-1-324x324.jpg 324w, https:\/\/originhobbies.com\/wp-content\/uploads\/2022\/07\/OSHM1205-1-416x416.jpg 416w, https:\/\/originhobbies.com\/wp-content\/uploads\/2022\/07\/OSHM1205-1-100x100.jpg 100w\" sizes=\"auto, (max-width: 237px) 100vw, 237px\" \/><\/a><\/div>\n<div>\n<h4>OMP eller S-FHSS protokoll?<\/h4>\n<ul>\n<li>Om du har en Futaba- eller multiprotokollradio, v\u00e4lj S-FHSS-protokollversionen.<\/li>\n<li>Om du har en Spektrum Radio kan du v\u00e4lja vilket protokoll som helst och l\u00e4gga till ett <a href=\"https:\/\/originhobbies.com\/sv\/shop\/radio-control\/radio-receivers\/kensun-dsm2-dsmx-nano-satellite-receiver-with-bind-button\/\">DSM2\/DSMX satellite receiver.<\/a><\/li>\n<li>If you have an OpenTX \/ EdgeTX multi protocol radio you can choose either S-FHSS or OMP protocol. S-FHSS protocol has fully customizable throttle curve but no telemetry. OMP Protocol has Battery telemetry but fixed Throttle curve.<\/li>\n<\/ul>\n<\/div>\n<h4>Funktioner:<\/h4>\n<ul>\n<li>H\u00f6gpresterande direktdriven 3D -helikopter med dubbla borstl\u00f6sa motorer<\/li>\n<li>290 mm Huvudrotordiameter<\/li>\n<li>Vikt: ca 118 g<\/li>\n<li>Sex k\u00e4rnf\u00f6rdelar<\/li>\n<li>Justerbara flygkontrollparametrar<\/li>\n<li>Dubbel borstl\u00f6s Direct Drive<\/li>\n<li>H\u00f6gpresterande 3D-flygning<\/li>\n<li>H\u00f6g precision<\/li>\n<li>Low Noise<\/li>\n<li>L\u00e4tt underh\u00e5llet<\/li>\n<\/ul>\n<h4>Specifikationer:<\/h4>\n<ul>\n<li><strong>Main motor<\/strong>: Sunnysky R23-II<\/li>\n<li><strong>Tail motor:<\/strong> Sunnysky R08-II<\/li>\n<li><strong>Diameter of main blades:<\/strong> 290 mm<\/li>\n<li><strong>Diameter of tail blades:<\/strong> 46,5 mm<\/li>\n<li><strong>Vikt:<\/strong> cirka. 118 g<\/li>\n<li><strong>Total storlek:<\/strong> 290*88*290<\/li>\n<li><strong>Batteri:<\/strong> 2s 350mAh 50C (1 batteri ing\u00e5r)<\/li>\n<li><strong>Flygtid:<\/strong> maximal flygtid 8Min \/ 3D 3min<\/li>\n<li><strong>Servos: <\/strong>Digital submikro, metallv\u00e4xlar, plastfodral<\/li>\n<li><strong>Flygkontrollant:<\/strong> Justerbara parametrar, regulatorl\u00e4ge<\/li>\n<li><strong>Mottagare:<\/strong> S-FHSS (Futaba) integrerad mottagare plus S-BUS &amp; DSM-portar f\u00f6r extern Rx.<\/li>\n<li><strong>Medf\u00f6ljande tillbeh\u00f6r: <\/strong>Laddkabel, mutternyckel, skruvmejsel, 1 mm insexnyckel, reservskruvar och servoarmar.<\/li>\n<\/ul>\n<h4>Inneh\u00e5ll:<\/h4>\n<ul>\n<li>Helikopter<\/li>\n<li>Batteri <b>(Installerad i helikopter)<\/b><\/li>\n<li>EPP -l\u00e5da<\/li>\n<li>Rycka<\/li>\n<li>1x Screw driver<\/li>\n<li>3x servohorn<\/li>\n<li>Spare Screws<\/li>\n<li>1x balanskabel<\/li>\n<li>1x flygkontrollens inst\u00e4llningsblad<\/li>\n<li>1x OMP Metal swash leveling tool OSHM1205<\/li>\n<li>1x OriginHobbies Shop setup and Flight test sheet<\/li>\n<li>1x OriginHobbies 3D printed swash leveling tool<\/li>\n<\/ul>\n<h4>Nedladdningar:<\/h4>\n<ul>\n<li><a href=\"https:\/\/originhobbies.com\/sv\/omphobby-m1-m2-evo-rtf-user-guides\/\">OriginHobbies RTF User guides (TX16S \/ Zorro)<\/a><\/li>\n<li><a href=\"https:\/\/originhobbies.com\/sv\/m1-evo-flight-controller-settings\/\">M1 Flight Controller User Guide<\/a><\/li>\n<li><a href=\"https:\/\/originhobbies.com\/wp-content\/uploads\/2022\/07\/M1-EVO-user-manual-2022.pdf\">OMP M1 EVO User Manual<\/a><\/li>\n<li><a href=\"https:\/\/originhobbies.com\/sv\/radio-setup-guides-for-omphobby-m2-omp-m1\/\">Radio Setup guides (TX16S \/ Zorro \/ Futaba T18SZ)<\/a><\/li>\n<li><a href=\"https:\/\/originhobbies.com\/sv\/omphobby-m1-evo-spare-part-list\/\">OMP M1 EVO Spare Parts list<\/a><\/li>\n<\/ul>\n<h4>videoklipp<\/h4>\n<p><iframe loading=\"lazy\" title=\"YouTube video player\" src=\"https:\/\/www.youtube.com\/embed\/yCFMMI5CDT8\" width=\"560\" height=\"315\" frameborder=\"0\" allowfullscreen=\"allowfullscreen\"><\/iframe><\/p>","protected":false},"excerpt":{"rendered":"<p>The OMPHobby M1 EVO RC Helicopter is the latest revision of the M1 helicopter. It has an updated carbon fiber frame and available in 4 new colors. The OMPHobby M1 RC Helicopter BnF is a great micro (150 size) 3D Flybarless RC helicopter. Best for indoor flying during bad weather days. It can be flown [&hellip;]<\/p>\n","protected":false},"featured_media":4518,"comment_status":"open","ping_status":"closed","template":"","meta":{"_eb_attr":""},"product_brand":[],"product_cat":[23],"product_tag":[],"class_list":{"0":"post-4066","1":"product","2":"type-product","3":"status-publish","4":"has-post-thumbnail","6":"product_cat-helicopter-rtf-bnf-kits","8":"first","9":"outofstock","10":"taxable","11":"shipping-taxable","12":"purchasable","13":"product-type-variable","14":"has-default-attributes"},"jetpack_sharing_enabled":true,"_links":{"self":[{"href":"https:\/\/originhobbies.com\/sv\/wp-json\/wp\/v2\/product\/4066","targetHints":{"allow":["GET"]}}],"collection":[{"href":"https:\/\/originhobbies.com\/sv\/wp-json\/wp\/v2\/product"}],"about":[{"href":"https:\/\/originhobbies.com\/sv\/wp-json\/wp\/v2\/types\/product"}],"replies":[{"embeddable":true,"href":"https:\/\/originhobbies.com\/sv\/wp-json\/wp\/v2\/comments?post=4066"}],"wp:featuredmedia":[{"embeddable":true,"href":"https:\/\/originhobbies.com\/sv\/wp-json\/wp\/v2\/media\/4518"}],"wp:attachment":[{"href":"https:\/\/originhobbies.com\/sv\/wp-json\/wp\/v2\/media?parent=4066"}],"wp:term":[{"taxonomy":"product_brand","embeddable":true,"href":"https:\/\/originhobbies.com\/sv\/wp-json\/wp\/v2\/product_brand?post=4066"},{"taxonomy":"product_cat","embeddable":true,"href":"https:\/\/originhobbies.com\/sv\/wp-json\/wp\/v2\/product_cat?post=4066"},{"taxonomy":"product_tag","embeddable":true,"href":"https:\/\/originhobbies.com\/sv\/wp-json\/wp\/v2\/product_tag?post=4066"}],"curies":[{"name":"wp","href":"https:\/\/api.w.org\/{rel}","templated":true}]}}