{"id":3926,"date":"2022-07-15T07:15:59","date_gmt":"2022-07-15T05:15:59","guid":{"rendered":"http:\/\/originhobbies.com\/?post_type=product&#038;p=3926"},"modified":"2026-04-06T01:06:25","modified_gmt":"2026-04-05T23:06:25","slug":"omp-m2-evo-helicopter-rtf-combo","status":"publish","type":"product","link":"https:\/\/originhobbies.com\/sv\/shop\/rc-helicopters\/helicopter-rtf-bnf-kits\/omp-m2-evo-helicopter-rtf-combo\/","title":{"rendered":"OMP M2 EVO Helikopter RTF combo"},"content":{"rendered":"<div>The OMP M2 EVO RTF combo comes with everything you need to fly out of the box. The transmitter is linked and configured for the OMP M2 EVO so that you can get off the ground in no time.<\/div>\n<p>&nbsp;<\/p>\n<div><strong>OBS: Denna produkt har utg\u00e5tt. Du kan kontrollera det nya <a href=\"https:\/\/originhobbies.com\/sv\/shop\/rc-helicopters\/helikopter-rtf-bnf-kit\/omp-m2-evo-mk2-rc-helicopter-rtf-combo\/\">OMP M2 EVO MK2 RTF Combo<\/a>.<\/strong><\/div>\n<p>&nbsp;<\/p>\n<hr \/>\n<p><span style=\"color: #ff0000;\">VARNING!<\/span> Detta \u00e4r ingen leksak. Felaktig anv\u00e4ndning kan leda till allvarlig skada. RC-simulator\u00f6vning rekommenderas innan du f\u00f6rs\u00f6ker flyga denna modell. Inte l\u00e4mplig f\u00f6r barn.<br \/>\n<a href=\"https:\/\/originhobbies.com\/sv\/legal-disclaimer\/\">L\u00e4s mer!<\/a><\/p>\n<div>\n<hr \/>\n<div>\n<div>\n<figure id=\"attachment_4112\" aria-describedby=\"caption-attachment-4112\" style=\"width: 300px\" class=\"wp-caption aligncenter\"><img loading=\"lazy\" decoding=\"async\" class=\"wp-image-4112 size-medium\" src=\"https:\/\/originhobbies.com\/wp-content\/uploads\/2022\/06\/m2-evo-full-300x300.jpg\" alt=\"\" width=\"300\" height=\"300\" srcset=\"https:\/\/originhobbies.com\/wp-content\/uploads\/2022\/06\/m2-evo-full-300x300.jpg 300w, https:\/\/originhobbies.com\/wp-content\/uploads\/2022\/06\/m2-evo-full-1024x1024.jpg 1024w, https:\/\/originhobbies.com\/wp-content\/uploads\/2022\/06\/m2-evo-full-150x150.jpg 150w, https:\/\/originhobbies.com\/wp-content\/uploads\/2022\/06\/m2-evo-full-768x768.jpg 768w, https:\/\/originhobbies.com\/wp-content\/uploads\/2022\/06\/m2-evo-full-1536x1536.jpg 1536w, https:\/\/originhobbies.com\/wp-content\/uploads\/2022\/06\/m2-evo-full-12x12.jpg 12w, https:\/\/originhobbies.com\/wp-content\/uploads\/2022\/06\/m2-evo-full-324x324.jpg 324w, https:\/\/originhobbies.com\/wp-content\/uploads\/2022\/06\/m2-evo-full-416x416.jpg 416w, https:\/\/originhobbies.com\/wp-content\/uploads\/2022\/06\/m2-evo-full-100x100.jpg 100w, https:\/\/originhobbies.com\/wp-content\/uploads\/2022\/06\/m2-evo-full.jpg 1600w\" sizes=\"auto, (max-width: 300px) 100vw, 300px\" \/><figcaption id=\"caption-attachment-4112\" class=\"wp-caption-text\">EVO series with New color scheme<\/figcaption><\/figure>\n<figure id=\"attachment_4113\" aria-describedby=\"caption-attachment-4113\" style=\"width: 300px\" class=\"wp-caption aligncenter\"><img loading=\"lazy\" decoding=\"async\" class=\"wp-image-4113 size-medium\" src=\"https:\/\/originhobbies.com\/wp-content\/uploads\/2022\/06\/m2-evo-frame-300x300.jpg\" alt=\"\" width=\"300\" height=\"300\" srcset=\"https:\/\/originhobbies.com\/wp-content\/uploads\/2022\/06\/m2-evo-frame-300x300.jpg 300w, https:\/\/originhobbies.com\/wp-content\/uploads\/2022\/06\/m2-evo-frame-150x150.jpg 150w, https:\/\/originhobbies.com\/wp-content\/uploads\/2022\/06\/m2-evo-frame-768x768.jpg 768w, https:\/\/originhobbies.com\/wp-content\/uploads\/2022\/06\/m2-evo-frame-12x12.jpg 12w, https:\/\/originhobbies.com\/wp-content\/uploads\/2022\/06\/m2-evo-frame-324x324.jpg 324w, https:\/\/originhobbies.com\/wp-content\/uploads\/2022\/06\/m2-evo-frame-416x416.jpg 416w, https:\/\/originhobbies.com\/wp-content\/uploads\/2022\/06\/m2-evo-frame-100x100.jpg 100w, https:\/\/originhobbies.com\/wp-content\/uploads\/2022\/06\/m2-evo-frame.jpg 1000w\" sizes=\"auto, (max-width: 300px) 100vw, 300px\" \/><figcaption id=\"caption-attachment-4113\" class=\"wp-caption-text\">Updated Head, Motor, Frame and Battery<\/figcaption><\/figure>\n<\/div>\n<\/div>\n<div><\/div>\n<h4>Radiokompatibilitet:<\/h4>\n<ul>\n<li>The helicopter has built-in OMPHobby protocol receiver<\/li>\n<li>You can also use any multi-protocol radio controllers from Radiomaster or Jumper.<\/li>\n<li>For Futaba\/Spektrum radio controller support you can connect an external SBUS or DSMX satellite receiver to the helicopter.<\/li>\n<\/ul>\n<h4><strong><a href=\"https:\/\/originhobbies.com\/sv\/shop\/helicopter-parts\/omp-m2-parts\/omphobby-m2-swash-leveling-tool\/\">M2 Swash leveling tool<\/a> provided free with every M2 Helicopter purchase!<\/strong><\/h4>\n<p><img loading=\"lazy\" decoding=\"async\" class=\"wp-image-4825 aligncenter\" src=\"https:\/\/originhobbies.com\/wp-content\/uploads\/2022\/09\/oh-m2-swash-tool5-300x300.jpg\" alt=\"OMPHobby M2 Swash leveling tool\" width=\"245\" height=\"245\" srcset=\"https:\/\/originhobbies.com\/wp-content\/uploads\/2022\/09\/oh-m2-swash-tool5-300x300.jpg 300w, https:\/\/originhobbies.com\/wp-content\/uploads\/2022\/09\/oh-m2-swash-tool5-150x150.jpg 150w, https:\/\/originhobbies.com\/wp-content\/uploads\/2022\/09\/oh-m2-swash-tool5-12x12.jpg 12w, https:\/\/originhobbies.com\/wp-content\/uploads\/2022\/09\/oh-m2-swash-tool5-324x324.jpg 324w, https:\/\/originhobbies.com\/wp-content\/uploads\/2022\/09\/oh-m2-swash-tool5-416x416.jpg 416w, https:\/\/originhobbies.com\/wp-content\/uploads\/2022\/09\/oh-m2-swash-tool5-100x100.jpg 100w, https:\/\/originhobbies.com\/wp-content\/uploads\/2022\/09\/oh-m2-swash-tool5.jpg 700w\" sizes=\"auto, (max-width: 245px) 100vw, 245px\" \/><\/p>\n<h4>Features<\/h4>\n<ul>\n<li>More rigid main frame with lower parts count<\/li>\n<li>Increased blade length to 190mm(7.5in), rotor diameter of 434mm(17in)<\/li>\n<li>Updated Main and Tail motors to suit new blade sizes<\/li>\n<li>Adjustable length for tail boom<\/li>\n<li>Larger 3S 750mAh with high 60C discharge rate battery<\/li>\n<li>FBL rotor head for improved control characteristics<\/li>\n<\/ul>\n<div><\/div>\n<h4>Specifikationer<\/h4>\n<ul>\n<li><strong>Huvudmotor:<\/strong> SunnySky V4-II<\/li>\n<li><strong>Svansmotor:<\/strong> SunnySky R1-II<\/li>\n<li><strong>Servos: <\/strong>10g 5V 0.08set \/ 60-1.65kg.cm<\/li>\n<li><strong>Huvudrotorns diameter:<\/strong> 434mm<\/li>\n<li><strong>Tail Rotor Diameter:<\/strong> 89mm<\/li>\n<li><strong>Flygande vikt:<\/strong> Approx. 335g<\/li>\n<li><strong>M\u00e5tt:<\/strong> 428mm*72mm*138mm<\/li>\n<li><strong>Batteri:<\/strong> 3S 750 mAh 60C<\/li>\n<li><strong>Flygtid:<\/strong> Maximum flight time 10 mins \u2013 4 mins for extreme 3D maneuvers<\/li>\n<li><strong>N\u00f6dv\u00e4ndig<\/strong>: OMPHobby T6 transmitter (not included) or your own Tx and DSM2\/DSMX or SBus receiver<\/li>\n<\/ul>\n<h4>Inneh\u00e5ll<\/h4>\n<ul>\n<li>1x Helicopter<\/li>\n<li>1x Radio Transmitter<\/li>\n<li>1x LiPo Battery<\/li>\n<li>1x spare Feathering shaft<\/li>\n<li>1x spare Main shaft<\/li>\n<li>3x servo arms<\/li>\n<li>3x zip ties<\/li>\n<li>1x Instruction leaflet<\/li>\n<li>1x EPP box<\/li>\n<li>1x OriginHobbies Shop setup and Flight test sheet<\/li>\n<li>1x OriginHobbies 3D printed swash leveling tool<\/li>\n<\/ul>\n<h4>Compatible receivers<\/h4>\n<ul>\n<li>Spektrum DSM2:<a href=\"https:\/\/originhobbies.com\/sv\/shop\/radio-control\/radio-receivers\/kensun-dsm2-dsmx-nano-satellite-receiver-with-bind-button\/\"> Kensun DSM2 \/ OSHM2345 <\/a><\/li>\n<li>Futaba S-FHSS:<a href=\"https:\/\/originhobbies.com\/sv\/shop\/radio-control\/radio-receivers\/oshm2055-omp-m2-m1-futaba-satellite-receiver-futaba\/\"> OSHM2055<\/a><\/li>\n<li>Frsky D16 for multi-protocol radios:<a href=\"https:\/\/originhobbies.com\/sv\/shop\/radio-control\/radio-receivers\/frsky-archer-plus-rs-mini-receiver-with-telemetry-24ch-access-accst-d16\/\"> Archer Plus RS mini<\/a><\/li>\n<li>ELRS protocol:<a href=\"https:\/\/originhobbies.com\/sv\/shop\/radio-control\/radio-receivers\/radiomaster-rp2-elrs-2-4ghz-nano-receiver\/\"> Radiomaster RP2<\/a> with <a href=\"https:\/\/originhobbies.com\/sv\/shop\/helicopter-parts\/omp-m1-helicopter-parts\/oshm2076-omp-m2-satellite-receiver-adapter-futaba\/\">SBUS adapter<\/a><\/li>\n<\/ul>\n<h4>Nedladdningar<\/h4>\n<ul>\n<li><a href=\"https:\/\/originhobbies.com\/sv\/omphobby-m1-m2-evo-rtf-user-guides\/\">OriginHobbies RTF User guides (Pocket \/ TX12 \/ Boxer \/ TX16S \/ Zorro)<\/a><\/li>\n<li><a href=\"https:\/\/originhobbies.com\/sv\/m2-v2-exp-evo-flight-controller-settings\/\">M2 Flight Controller user guide<\/a><\/li>\n<li><a href=\"https:\/\/originhobbies.com\/wp-content\/uploads\/2022\/12\/M2-EVO-user-manual-22-12-07.pdf\">OMP M2 EVO User Manual<\/a><\/li>\n<li><a href=\"https:\/\/originhobbies.com\/sv\/radio-setup-guides-for-omphobby-m2-omp-m1\/\">Radio Setup guides (Pocket \/ TX12 \/ Boxer \/ TX16S \/ Zorro \/ Futaba T18SZ)<\/a><\/li>\n<li><a href=\"https:\/\/originhobbies.com\/sv\/omphobby-m2-evo-spare-part-list\/\">OMP M2 EVO Spare Parts list<\/a><\/li>\n<\/ul>\n<h4>videoklipp<\/h4>\n<p><iframe loading=\"lazy\" title=\"YouTube video player\" src=\"https:\/\/www.youtube.com\/embed\/uigyYtk5rxU\" width=\"560\" height=\"315\" frameborder=\"0\" allowfullscreen=\"allowfullscreen\"><\/iframe><\/p>\n<p><iframe loading=\"lazy\" title=\"YouTube video player\" src=\"https:\/\/www.youtube.com\/embed\/CKk7A5yyJhU\" width=\"560\" height=\"315\" frameborder=\"0\" allowfullscreen=\"allowfullscreen\"><\/iframe><\/p>\n<p><iframe loading=\"lazy\" title=\"YouTube video player\" src=\"https:\/\/www.youtube.com\/embed\/xNJ1ZAYVc4M\" width=\"560\" height=\"315\" frameborder=\"0\" allowfullscreen=\"allowfullscreen\"><\/iframe><\/p>\n<\/div>","protected":false},"excerpt":{"rendered":"<p>The OMP M2 EVO RTF combo comes with everything you need to fly out of the box. The transmitter is linked and configured for the OMP M2 EVO so that you can get off the ground in no time. &nbsp; NOTE: This product is discontinued. You can check the new OMP M2 EVO MK2 RTF [&hellip;]<\/p>\n","protected":false},"featured_media":11286,"comment_status":"open","ping_status":"closed","template":"","meta":{"_eb_attr":""},"product_brand":[],"product_cat":[23],"product_tag":[],"class_list":{"0":"post-3926","1":"product","2":"type-product","3":"status-publish","4":"has-post-thumbnail","6":"product_cat-helicopter-rtf-bnf-kits","8":"first","9":"discontinued","10":"taxable","11":"shipping-taxable","12":"product-type-simple"},"jetpack_sharing_enabled":true,"_links":{"self":[{"href":"https:\/\/originhobbies.com\/sv\/wp-json\/wp\/v2\/product\/3926","targetHints":{"allow":["GET"]}}],"collection":[{"href":"https:\/\/originhobbies.com\/sv\/wp-json\/wp\/v2\/product"}],"about":[{"href":"https:\/\/originhobbies.com\/sv\/wp-json\/wp\/v2\/types\/product"}],"replies":[{"embeddable":true,"href":"https:\/\/originhobbies.com\/sv\/wp-json\/wp\/v2\/comments?post=3926"}],"wp:featuredmedia":[{"embeddable":true,"href":"https:\/\/originhobbies.com\/sv\/wp-json\/wp\/v2\/media\/11286"}],"wp:attachment":[{"href":"https:\/\/originhobbies.com\/sv\/wp-json\/wp\/v2\/media?parent=3926"}],"wp:term":[{"taxonomy":"product_brand","embeddable":true,"href":"https:\/\/originhobbies.com\/sv\/wp-json\/wp\/v2\/product_brand?post=3926"},{"taxonomy":"product_cat","embeddable":true,"href":"https:\/\/originhobbies.com\/sv\/wp-json\/wp\/v2\/product_cat?post=3926"},{"taxonomy":"product_tag","embeddable":true,"href":"https:\/\/originhobbies.com\/sv\/wp-json\/wp\/v2\/product_tag?post=3926"}],"curies":[{"name":"wp","href":"https:\/\/api.w.org\/{rel}","templated":true}]}}