{"id":1782,"date":"2021-10-12T21:20:12","date_gmt":"2021-10-12T18:20:12","guid":{"rendered":"http:\/\/originhobbies.com\/?post_type=product&#038;p=1782"},"modified":"2026-04-28T15:52:01","modified_gmt":"2026-04-28T13:52:01","slug":"omp-m2-v2-bnf","status":"publish","type":"product","link":"https:\/\/originhobbies.com\/sv\/shop\/rc-helicopters\/helicopter-rtf-bnf-kits\/omp-m2-v2-bnf\/","title":{"rendered":"OMPHobby M2 V2 RC Helikopter BnF"},"content":{"rendered":"<div class=\"post-content woocommerce-product-details__short-description\">\n<p>OMPHobby M2 V2 2021 -versionen \u00e4r BnF (Bind and Fly). Den anv\u00e4nder kolf\u00f6rst\u00e4rkt polymer f\u00f6r servofodral. M2 V2 har kompletta CNC -legeringskomponenter och har en f\u00f6rb\u00e4ttrad och fullt konfigurerbar flygkontroll, f\u00f6rb\u00e4ttrad ESC med regulatorfunktion, ny &#039;teardrop&#039; svansbom, robust landningsst\u00e4ll. M2 V2 Helicopter \u00e4r en h\u00f6gkvalitativ produkt skapad av OMPHOBBY R &amp; D-team f\u00f6r helikopterentusiaster. Dess kompakta storlek \u00e4r l\u00e4mplig f\u00f6r inomhus flexibel flygning och utomhus v\u00e5ldsam flygning.<\/p>\n<hr \/>\n<p><span style=\"color: #ff0000;\">VARNING!<\/span> Detta \u00e4r ingen leksak. Felaktig anv\u00e4ndning kan leda till allvarlig skada. RC-simulator\u00f6vning rekommenderas innan du f\u00f6rs\u00f6ker flyga denna modell. Inte l\u00e4mplig f\u00f6r barn.<br \/>\n<a href=\"https:\/\/originhobbies.com\/sv\/legal-disclaimer\/\">L\u00e4s mer!<\/a><\/p>\n<div>\n<hr \/>\n<p>Obs: M2-helikoptern levereras med inbyggd OMPHobby-mottagare. Den har en SBUS- och DSM2\/DSMX -satellitport f\u00f6r att ansluta din egen mottagare.<\/p>\n<p><strong><a href=\"https:\/\/originhobbies.com\/sv\/shop\/helicopter-parts\/omp-m2-parts\/omphobby-m2-swash-leveling-tool\/\">M2 Swash leveling tool<\/a> provided free with every M2 Helicopter purchase!<\/strong><\/p>\n<p><img loading=\"lazy\" decoding=\"async\" class=\"alignnone wp-image-4825\" src=\"https:\/\/originhobbies.com\/wp-content\/uploads\/2022\/09\/oh-m2-swash-tool5-300x300.jpg\" alt=\"OMPHobby M2 Swash leveling tool\" width=\"198\" height=\"198\" srcset=\"https:\/\/originhobbies.com\/wp-content\/uploads\/2022\/09\/oh-m2-swash-tool5-300x300.jpg 300w, https:\/\/originhobbies.com\/wp-content\/uploads\/2022\/09\/oh-m2-swash-tool5-150x150.jpg 150w, https:\/\/originhobbies.com\/wp-content\/uploads\/2022\/09\/oh-m2-swash-tool5-12x12.jpg 12w, https:\/\/originhobbies.com\/wp-content\/uploads\/2022\/09\/oh-m2-swash-tool5-324x324.jpg 324w, https:\/\/originhobbies.com\/wp-content\/uploads\/2022\/09\/oh-m2-swash-tool5-416x416.jpg 416w, https:\/\/originhobbies.com\/wp-content\/uploads\/2022\/09\/oh-m2-swash-tool5-100x100.jpg 100w, https:\/\/originhobbies.com\/wp-content\/uploads\/2022\/09\/oh-m2-swash-tool5.jpg 700w\" sizes=\"auto, (max-width: 198px) 100vw, 198px\" \/><\/p>\n<h4>Specifikationer<\/h4>\n<ul>\n<li><strong>Huvudmotor:<\/strong> SunnySky V4<\/li>\n<li><strong>Svansmotor:<\/strong> SunnySky R1<\/li>\n<li><strong>Servos:<\/strong> Metallv\u00e4xel, CNC -legeringsfodral<\/li>\n<li><strong>Huvudrotorns diameter:<\/strong> 400 mm<\/li>\n<li><strong>Tail Rotor Diameter:<\/strong> 71 mm<\/li>\n<li><strong>Flygande vikt:<\/strong> Cirka. 315 g<\/li>\n<li><strong>M\u00e5tt:<\/strong> 408 mm*72 mm*135 mm<\/li>\n<li><strong>Batteri:<\/strong> 3S 650 mAh 45C<\/li>\n<li><strong>Flygtid:<\/strong> Maximal flygtid 9 minuter - 4 minuter f\u00f6r extrema 3D -man\u00f6vrar<\/li>\n<li><strong>Ing\u00e5r:<\/strong> 1 x batteri, 3 x servoarmar, 1 x huvudaxel, 1 x fj\u00e4deraxel, reservskruvar, EPP -fodral<\/li>\n<li><strong>N\u00f6dv\u00e4ndig<\/strong>: OMPHobby T6 -s\u00e4ndare (ing\u00e5r ej) eller din egen s\u00e4ndare och DSM2\/DSMX eller SBus -mottagare<\/li>\n<\/ul>\n<h4>Nedladdningar<\/h4>\n<ul>\n<li><a href=\"https:\/\/originhobbies.com\/sv\/omphobby-m1-m2-evo-rtf-user-guides\/\">OriginHobbies RTF User guides (TX16S \/ Zorro)<\/a><\/li>\n<li><a href=\"https:\/\/originhobbies.com\/sv\/m2-v2-exp-evo-flight-controller-settings\/\">M2 Flight Controller user guide<\/a><\/li>\n<li><a href=\"https:\/\/originhobbies.com\/wp-content\/uploads\/2021\/10\/M2-V2-manual-2021-09-14.pdf\">OMP M2 V2 User Manual<\/a><\/li>\n<li><a href=\"https:\/\/originhobbies.com\/sv\/radio-setup-guides-for-omphobby-m2-omp-m1\/\">Radio Setup guides (TX16S \/ Zorro \/ Futaba T18SZ)<\/a><\/li>\n<li><a href=\"https:\/\/originhobbies.com\/sv\/omphobby-m2-part-list\/\">OMP M2 Spare Parts list<\/a><\/li>\n<li><a href=\"https:\/\/originhobbies.com\/sv\/mikado-logo-200-vs-omphobby-m2-parts-compatibility-reference\/\">Mikado Logo 200 vs OMP M2 -kompatibilitetsreferens<\/a><\/li>\n<\/ul>\n<h4>videoklipp<\/h4>\n<p><iframe loading=\"lazy\" title=\"YouTube video player\" src=\"https:\/\/www.youtube.com\/embed\/bAt1AEIKLJ0\" width=\"560\" height=\"315\" frameborder=\"0\" allowfullscreen=\"allowfullscreen\"><\/iframe><\/p>\n<p><iframe loading=\"lazy\" title=\"YouTube video player\" src=\"https:\/\/www.youtube.com\/embed\/WjVVuEE8U5w\" width=\"560\" height=\"315\" frameborder=\"0\" allowfullscreen=\"allowfullscreen\"><span style=\"display: inline-block; width: 0px; overflow: hidden; line-height: 0;\" data-mce-type=\"bookmark\" class=\"mce_SELRES_start\"><\/span><\/iframe><\/p>\n<\/div>\n<\/div>","protected":false},"excerpt":{"rendered":"<p>The OMPHobby M2 V2 2021 version is BnF (Bind and Fly). It uses carbon reinforced polymer for servo cases. The M2 V2 has full CNC alloy components and features an improved and fully configurable flight controller, improved ESC with governor function, new \u2018teardrop\u2019 tail boom, robust landing gear. M2 V2 Helicopter is a high-quality product [&hellip;]<\/p>\n","protected":false},"featured_media":1825,"comment_status":"open","ping_status":"closed","template":"","meta":{"_eb_attr":""},"product_brand":[],"product_cat":[23],"product_tag":[],"class_list":["post-1782","product","type-product","status-publish","has-post-thumbnail","product_cat-helicopter-rtf-bnf-kits","first","discontinued","taxable","shipping-taxable","product-type-simple"],"jetpack_sharing_enabled":true,"_links":{"self":[{"href":"https:\/\/originhobbies.com\/sv\/wp-json\/wp\/v2\/product\/1782","targetHints":{"allow":["GET"]}}],"collection":[{"href":"https:\/\/originhobbies.com\/sv\/wp-json\/wp\/v2\/product"}],"about":[{"href":"https:\/\/originhobbies.com\/sv\/wp-json\/wp\/v2\/types\/product"}],"replies":[{"embeddable":true,"href":"https:\/\/originhobbies.com\/sv\/wp-json\/wp\/v2\/comments?post=1782"}],"wp:featuredmedia":[{"embeddable":true,"href":"https:\/\/originhobbies.com\/sv\/wp-json\/wp\/v2\/media\/1825"}],"wp:attachment":[{"href":"https:\/\/originhobbies.com\/sv\/wp-json\/wp\/v2\/media?parent=1782"}],"wp:term":[{"taxonomy":"product_brand","embeddable":true,"href":"https:\/\/originhobbies.com\/sv\/wp-json\/wp\/v2\/product_brand?post=1782"},{"taxonomy":"product_cat","embeddable":true,"href":"https:\/\/originhobbies.com\/sv\/wp-json\/wp\/v2\/product_cat?post=1782"},{"taxonomy":"product_tag","embeddable":true,"href":"https:\/\/originhobbies.com\/sv\/wp-json\/wp\/v2\/product_tag?post=1782"}],"curies":[{"name":"wp","href":"https:\/\/api.w.org\/{rel}","templated":true}]}}