{"id":16261,"date":"2025-04-19T22:28:40","date_gmt":"2025-04-19T20:28:40","guid":{"rendered":"http:\/\/originhobbies.com\/shop\/uncategorized\/oshm5069-omp-m5-m6-swahsplare-drive-arm\/"},"modified":"2026-04-28T15:53:01","modified_gmt":"2026-04-28T13:53:01","slug":"oshm5069-omp-m5-m6-swahsplare-drive-arm","status":"publish","type":"product","link":"https:\/\/originhobbies.com\/sv\/shop\/helicopter-parts\/omphobby-spare-parts\/omphobby-m5-spare-parts\/oshm5069-omp-m5-m6-swahsplare-drive-arm\/","title":{"rendered":"OSHM5069 OMP M5, M6 Swahsplare Drive Arm"},"content":{"rendered":"<p>Swahsplare Drive Arm for OMPHobby M5, M6 Helicopter, OSHM5069<\/p>\n<h4>Inkluderar<\/h4>\n<p>Swashplate Driver Arm(\u00d72)(5-003L)<br \/>\n Bearing Spacer(\u00d72)(7-077)<br \/>\nFlanged Bearing F683ZZ(\u00d78)(7-166)<br \/>\nSpacer  \u03c63x\u03c64.5&#215;1.6(\u00d74)(7-189)<br \/>\nScrew(Partial Thread)M3x22(\u00d72)(7-223)<\/p>","protected":false},"excerpt":{"rendered":"<p>Swahsplare Drive Arm for OMPHobby M5, M6 Helicopter, OSHM5069 Includes Swashplate Driver Arm(\u00d72)(5-003L) Bearing Spacer(\u00d72)(7-077) Flanged Bearing F683ZZ(\u00d78)(7-166) Spacer \u03c63x\u03c64.5&#215;1.6(\u00d74)(7-189) Screw(Partial Thread)M3x22(\u00d72)(7-223)<\/p>","protected":false},"featured_media":16260,"comment_status":"open","ping_status":"closed","template":"","meta":{"_eb_attr":""},"product_brand":[],"product_cat":[344,345],"product_tag":[],"class_list":{"0":"post-16261","1":"product","2":"type-product","3":"status-publish","4":"has-post-thumbnail","6":"product_cat-omphobby-m5-spare-parts","7":"product_cat-omphobby-m6-spare-parts","9":"first","10":"instock","11":"taxable","12":"shipping-taxable","13":"purchasable","14":"product-type-simple"},"jetpack_sharing_enabled":true,"_links":{"self":[{"href":"https:\/\/originhobbies.com\/sv\/wp-json\/wp\/v2\/product\/16261","targetHints":{"allow":["GET"]}}],"collection":[{"href":"https:\/\/originhobbies.com\/sv\/wp-json\/wp\/v2\/product"}],"about":[{"href":"https:\/\/originhobbies.com\/sv\/wp-json\/wp\/v2\/types\/product"}],"replies":[{"embeddable":true,"href":"https:\/\/originhobbies.com\/sv\/wp-json\/wp\/v2\/comments?post=16261"}],"wp:featuredmedia":[{"embeddable":true,"href":"https:\/\/originhobbies.com\/sv\/wp-json\/wp\/v2\/media\/16260"}],"wp:attachment":[{"href":"https:\/\/originhobbies.com\/sv\/wp-json\/wp\/v2\/media?parent=16261"}],"wp:term":[{"taxonomy":"product_brand","embeddable":true,"href":"https:\/\/originhobbies.com\/sv\/wp-json\/wp\/v2\/product_brand?post=16261"},{"taxonomy":"product_cat","embeddable":true,"href":"https:\/\/originhobbies.com\/sv\/wp-json\/wp\/v2\/product_cat?post=16261"},{"taxonomy":"product_tag","embeddable":true,"href":"https:\/\/originhobbies.com\/sv\/wp-json\/wp\/v2\/product_tag?post=16261"}],"curies":[{"name":"wp","href":"https:\/\/api.w.org\/{rel}","templated":true}]}}