{"id":1538,"date":"2021-09-05T22:04:17","date_gmt":"2021-09-05T20:04:17","guid":{"rendered":"http:\/\/originhobbies.com\/shop\/uncategorized\/oshm1046-omp-m2-main-motor-mount-set\/"},"modified":"2026-04-06T01:06:46","modified_gmt":"2026-04-05T23:06:46","slug":"oshm1046-omp-m1-main-motor-mount-set","status":"publish","type":"product","link":"https:\/\/originhobbies.com\/sv\/shop\/helicopter-parts\/omphobby-spare-parts\/omp-m1-helicopter-parts\/oshm1046-omp-m1-main-motor-mount-set\/","title":{"rendered":"OSHM1046 OMP M1 - huvudmotorf\u00e4ste (lila)"},"content":{"rendered":"<p>Huvudmotorf\u00e4ste f\u00f6r OMPHobby M1 -helikopter - OSHM1046<\/p>","protected":false},"excerpt":{"rendered":"<p>Huvudmotorf\u00e4ste f\u00f6r OMPHobby M1 -helikopter - OSHM1046<\/p>","protected":false},"featured_media":4651,"comment_status":"open","ping_status":"closed","template":"","meta":{"_eb_attr":""},"product_brand":[],"product_cat":[42],"product_tag":[],"class_list":{"0":"post-1538","1":"product","2":"type-product","3":"status-publish","4":"has-post-thumbnail","6":"product_cat-omp-m1-helicopter-parts","8":"first","9":"instock","10":"taxable","11":"shipping-taxable","12":"purchasable","13":"product-type-simple"},"jetpack_sharing_enabled":true,"_links":{"self":[{"href":"https:\/\/originhobbies.com\/sv\/wp-json\/wp\/v2\/product\/1538","targetHints":{"allow":["GET"]}}],"collection":[{"href":"https:\/\/originhobbies.com\/sv\/wp-json\/wp\/v2\/product"}],"about":[{"href":"https:\/\/originhobbies.com\/sv\/wp-json\/wp\/v2\/types\/product"}],"replies":[{"embeddable":true,"href":"https:\/\/originhobbies.com\/sv\/wp-json\/wp\/v2\/comments?post=1538"}],"wp:featuredmedia":[{"embeddable":true,"href":"https:\/\/originhobbies.com\/sv\/wp-json\/wp\/v2\/media\/4651"}],"wp:attachment":[{"href":"https:\/\/originhobbies.com\/sv\/wp-json\/wp\/v2\/media?parent=1538"}],"wp:term":[{"taxonomy":"product_brand","embeddable":true,"href":"https:\/\/originhobbies.com\/sv\/wp-json\/wp\/v2\/product_brand?post=1538"},{"taxonomy":"product_cat","embeddable":true,"href":"https:\/\/originhobbies.com\/sv\/wp-json\/wp\/v2\/product_cat?post=1538"},{"taxonomy":"product_tag","embeddable":true,"href":"https:\/\/originhobbies.com\/sv\/wp-json\/wp\/v2\/product_tag?post=1538"}],"curies":[{"name":"wp","href":"https:\/\/api.w.org\/{rel}","templated":true}]}}