{"id":11436,"date":"2024-05-15T20:53:42","date_gmt":"2024-05-15T18:53:42","guid":{"rendered":"http:\/\/originhobbies.com\/shop\/uncategorized\/oshm7065-omp-m7-tensioner-mounting-set\/"},"modified":"2026-04-06T01:05:36","modified_gmt":"2026-04-05T23:05:36","slug":"oshm7065-omp-m7-tensioner-mounting-set","status":"publish","type":"product","link":"https:\/\/originhobbies.com\/sv\/shop\/helicopter-parts\/omphobby-spare-parts\/omphobby-m7-spare-parts\/oshm7065-omp-m7-tensioner-mounting-set\/","title":{"rendered":"OSHM7065 OMP M7 Tensioner Mounting Set"},"content":{"rendered":"<p>Tensioner Mounting Set for OMPHobby M7 Helicopter, OSHM7065<\/p>\n<h4>Inkluderar<\/h4>\n<p>Tensioner Mounting Base (\u00d71) (7-021)<br \/>\nTensioner Pivot Reinforcement (\u00d71) (7-015)<br \/>\nTensioner Lever (\u00d71) (7-016)<br \/>\nCountersunk Screw (\u00d71) M3x16.2 (7-157)<br \/>\nHex Screw M2x8 (\u00d72) (7-121)<br \/>\nSpacer \u03a63x\u03a65&#215;2.1 (\u00d71) (7-192)<br \/>\nBearing \u03a63x\u03a68&#215;3 (\u00d72) (7-170)<\/p>","protected":false},"excerpt":{"rendered":"<p>Tensioner Mounting Set for OMPHobby M7 Helicopter, OSHM7065 Includes Tensioner Mounting Base (\u00d71) (7-021) Tensioner Pivot Reinforcement (\u00d71) (7-015) Tensioner Lever (\u00d71) (7-016) Countersunk Screw (\u00d71) M3x16.2 (7-157) Hex Screw M2x8 (\u00d72) (7-121) Spacer \u03a63x\u03a65&#215;2.1 (\u00d71) (7-192) Bearing \u03a63x\u03a68&#215;3 (\u00d72) (7-170)<\/p>","protected":false},"featured_media":11435,"comment_status":"open","ping_status":"closed","template":"","meta":{"_eb_attr":""},"product_brand":[],"product_cat":[278],"product_tag":[],"class_list":{"0":"post-11436","1":"product","2":"type-product","3":"status-publish","4":"has-post-thumbnail","6":"product_cat-omphobby-m7-spare-parts","8":"first","9":"instock","10":"taxable","11":"shipping-taxable","12":"purchasable","13":"product-type-simple"},"jetpack_sharing_enabled":true,"_links":{"self":[{"href":"https:\/\/originhobbies.com\/sv\/wp-json\/wp\/v2\/product\/11436","targetHints":{"allow":["GET"]}}],"collection":[{"href":"https:\/\/originhobbies.com\/sv\/wp-json\/wp\/v2\/product"}],"about":[{"href":"https:\/\/originhobbies.com\/sv\/wp-json\/wp\/v2\/types\/product"}],"replies":[{"embeddable":true,"href":"https:\/\/originhobbies.com\/sv\/wp-json\/wp\/v2\/comments?post=11436"}],"wp:featuredmedia":[{"embeddable":true,"href":"https:\/\/originhobbies.com\/sv\/wp-json\/wp\/v2\/media\/11435"}],"wp:attachment":[{"href":"https:\/\/originhobbies.com\/sv\/wp-json\/wp\/v2\/media?parent=11436"}],"wp:term":[{"taxonomy":"product_brand","embeddable":true,"href":"https:\/\/originhobbies.com\/sv\/wp-json\/wp\/v2\/product_brand?post=11436"},{"taxonomy":"product_cat","embeddable":true,"href":"https:\/\/originhobbies.com\/sv\/wp-json\/wp\/v2\/product_cat?post=11436"},{"taxonomy":"product_tag","embeddable":true,"href":"https:\/\/originhobbies.com\/sv\/wp-json\/wp\/v2\/product_tag?post=11436"}],"curies":[{"name":"wp","href":"https:\/\/api.w.org\/{rel}","templated":true}]}}