{"id":11434,"date":"2024-05-15T20:53:42","date_gmt":"2024-05-15T18:53:42","guid":{"rendered":"http:\/\/originhobbies.com\/shop\/uncategorized\/oshm7064-omp-m7-tensioner-idler-pulley-set\/"},"modified":"2026-04-06T01:05:36","modified_gmt":"2026-04-05T23:05:36","slug":"oshm7064-omp-m7-tensioner-idler-pulley-set","status":"publish","type":"product","link":"https:\/\/originhobbies.com\/sv\/shop\/helicopter-parts\/omphobby-spare-parts\/omphobby-m7-spare-parts\/oshm7064-omp-m7-tensioner-idler-pulley-set\/","title":{"rendered":"OSHM7064 OMP M7 Tensioner Idler Pulley Set"},"content":{"rendered":"<p>Tensioner Idler Pulley Set for OMPHobby M7 Helicopter, OSHM7064<\/p>\n<h4>Inkluderar<\/h4>\n<p>Idler Pulley (\u00d72) (7-023)<br \/>\nIdler Cone (\u00d71) (7-022)<br \/>\nHex Screw (Half Thread) M4x24 (\u00d71) (7-138)<br \/>\nHex Screw (Half Thread) M4x18 (\u00d71) (7-136)<br \/>\nSpacer (\u00d72) \u03a64x\u03a66&#215;2.5 (7-188)<br \/>\nBearing (\u00d74) \u03a64x\u03a612&#215;4 (7-172)<\/p>","protected":false},"excerpt":{"rendered":"<p>Tensioner Idler Pulley Set for OMPHobby M7 Helicopter, OSHM7064 Includes Idler Pulley (\u00d72) (7-023) Idler Cone (\u00d71) (7-022) Hex Screw (Half Thread) M4x24 (\u00d71) (7-138) Hex Screw (Half Thread) M4x18 (\u00d71) (7-136) Spacer (\u00d72) \u03a64x\u03a66&#215;2.5 (7-188) Bearing (\u00d74) \u03a64x\u03a612&#215;4 (7-172)<\/p>","protected":false},"featured_media":11433,"comment_status":"open","ping_status":"closed","template":"","meta":{"_eb_attr":""},"product_brand":[],"product_cat":[278,416],"product_tag":[],"class_list":{"0":"post-11434","1":"product","2":"type-product","3":"status-publish","4":"has-post-thumbnail","6":"product_cat-omphobby-m7-spare-parts","7":"product_cat-omphobby-m7r-spare-parts","9":"first","10":"instock","11":"taxable","12":"shipping-taxable","13":"purchasable","14":"product-type-simple"},"jetpack_sharing_enabled":true,"_links":{"self":[{"href":"https:\/\/originhobbies.com\/sv\/wp-json\/wp\/v2\/product\/11434","targetHints":{"allow":["GET"]}}],"collection":[{"href":"https:\/\/originhobbies.com\/sv\/wp-json\/wp\/v2\/product"}],"about":[{"href":"https:\/\/originhobbies.com\/sv\/wp-json\/wp\/v2\/types\/product"}],"replies":[{"embeddable":true,"href":"https:\/\/originhobbies.com\/sv\/wp-json\/wp\/v2\/comments?post=11434"}],"wp:featuredmedia":[{"embeddable":true,"href":"https:\/\/originhobbies.com\/sv\/wp-json\/wp\/v2\/media\/11433"}],"wp:attachment":[{"href":"https:\/\/originhobbies.com\/sv\/wp-json\/wp\/v2\/media?parent=11434"}],"wp:term":[{"taxonomy":"product_brand","embeddable":true,"href":"https:\/\/originhobbies.com\/sv\/wp-json\/wp\/v2\/product_brand?post=11434"},{"taxonomy":"product_cat","embeddable":true,"href":"https:\/\/originhobbies.com\/sv\/wp-json\/wp\/v2\/product_cat?post=11434"},{"taxonomy":"product_tag","embeddable":true,"href":"https:\/\/originhobbies.com\/sv\/wp-json\/wp\/v2\/product_tag?post=11434"}],"curies":[{"name":"wp","href":"https:\/\/api.w.org\/{rel}","templated":true}]}}