{"id":11334,"date":"2024-05-15T20:53:23","date_gmt":"2024-05-15T18:53:23","guid":{"rendered":"http:\/\/originhobbies.com\/shop\/uncategorized\/oshm7014-omp-m7-main-rotor-blade-grip-black\/"},"modified":"2026-04-06T01:05:36","modified_gmt":"2026-04-05T23:05:36","slug":"oshm7014-omp-m7-main-rotor-blade-grip-black","status":"publish","type":"product","link":"https:\/\/originhobbies.com\/sv\/shop\/helicopter-parts\/omphobby-spare-parts\/omphobby-m7-spare-parts\/oshm7014-omp-m7-main-rotor-blade-grip-black\/","title":{"rendered":"OSHM7014 OMP M7 Main Rotor Blade Grip (Black)"},"content":{"rendered":"<p>Main Rotor Blade Grip (Black) for OMPHobby M7 Helicopter, OSHM7014<\/p>\n<h4>Inkluderar<\/h4>\n<p>Main Rotor Blade Grip (\u00d71) (7-070)<br \/>\nHex Bolt (Half Thread) M5x32 (\u00d71) (7-139)<br \/>\nM5 CNC Nyloc Nut (\u00d71) (7-165)<br \/>\nHex Screw M6x12 (\u00d71) (7-140)<br \/>\nWasher \u03a66x\u03a614&#215;2 (\u00d71) (7-185)<br \/>\nButton Head Screw M3x4 (\u00d71) (7-149)<br \/>\nGasket (\u00d71) \u03a63x\u03a66&#215;0.5 (7-190)<\/p>","protected":false},"excerpt":{"rendered":"<p>Main Rotor Blade Grip (Black) for OMPHobby M7 Helicopter, OSHM7014 Includes Main Rotor Blade Grip (\u00d71) (7-070) Hex Bolt (Half Thread) M5x32 (\u00d71) (7-139) M5 CNC Nyloc Nut (\u00d71) (7-165) Hex Screw M6x12 (\u00d71) (7-140) Washer \u03a66x\u03a614&#215;2 (\u00d71) (7-185) Button Head Screw M3x4 (\u00d71) (7-149) Gasket (\u00d71) \u03a63x\u03a66&#215;0.5 (7-190)<\/p>","protected":false},"featured_media":11333,"comment_status":"open","ping_status":"closed","template":"","meta":{"_eb_attr":""},"product_brand":[],"product_cat":[278],"product_tag":[],"class_list":{"0":"post-11334","1":"product","2":"type-product","3":"status-publish","4":"has-post-thumbnail","6":"product_cat-omphobby-m7-spare-parts","8":"first","9":"instock","10":"taxable","11":"shipping-taxable","12":"purchasable","13":"product-type-simple"},"jetpack_sharing_enabled":true,"_links":{"self":[{"href":"https:\/\/originhobbies.com\/sv\/wp-json\/wp\/v2\/product\/11334","targetHints":{"allow":["GET"]}}],"collection":[{"href":"https:\/\/originhobbies.com\/sv\/wp-json\/wp\/v2\/product"}],"about":[{"href":"https:\/\/originhobbies.com\/sv\/wp-json\/wp\/v2\/types\/product"}],"replies":[{"embeddable":true,"href":"https:\/\/originhobbies.com\/sv\/wp-json\/wp\/v2\/comments?post=11334"}],"wp:featuredmedia":[{"embeddable":true,"href":"https:\/\/originhobbies.com\/sv\/wp-json\/wp\/v2\/media\/11333"}],"wp:attachment":[{"href":"https:\/\/originhobbies.com\/sv\/wp-json\/wp\/v2\/media?parent=11334"}],"wp:term":[{"taxonomy":"product_brand","embeddable":true,"href":"https:\/\/originhobbies.com\/sv\/wp-json\/wp\/v2\/product_brand?post=11334"},{"taxonomy":"product_cat","embeddable":true,"href":"https:\/\/originhobbies.com\/sv\/wp-json\/wp\/v2\/product_cat?post=11334"},{"taxonomy":"product_tag","embeddable":true,"href":"https:\/\/originhobbies.com\/sv\/wp-json\/wp\/v2\/product_tag?post=11334"}],"curies":[{"name":"wp","href":"https:\/\/api.w.org\/{rel}","templated":true}]}}