{"id":1089,"date":"2021-08-22T18:00:57","date_gmt":"2021-08-22T16:00:57","guid":{"rendered":"http:\/\/originhobbies.com\/?post_type=product&#038;p=1089"},"modified":"2026-04-06T01:06:57","modified_gmt":"2026-04-05T23:06:57","slug":"kst-ds215mg-v3-x3-swash-servo-bundle","status":"publish","type":"product","link":"https:\/\/originhobbies.com\/sv\/shop\/radio-control\/servos\/kst-ds215mg-v3-x3-swash-servo-bundle\/","title":{"rendered":"KST DS215MG V8 3PCS Swash Servo Bundle"},"content":{"rendered":"<p>KST DS215MG V8 Micro Digital Metal Gear Servo, is ideal for Cyclic and Tail use. Looking for speed in a micro package? The KST DS215MG is lightning fast, high voltage compatible and comes in a beautiful aluminum case. Power comes via a coreless motor, running on silky smooth bearings with all metal gears. For the ultimate in speed and accuracy, turn to the DS215MG for your demanding needs.<\/p>\n<h4>Kompatibla helikoptrar<\/h4>\n<p>Swash and tail servo for: OMPHobby M4, Oxy 3, Oxy 4, MSH PROTOS 380 , Goblin 280, Goblin 380, Goblin 420, Align TREX 450, T-REX 470, Gaui X3<\/p>\n<h4>V8.0<\/h4>\n<p>Updated maximum supported voltage to 8.4V with higher torque than previous version.<\/p>\n<h4>V3.0<\/h4>\n<p>Med tiden har KST gjort ytterligare utveckling p\u00e5 v\u00e4xelt\u00e5get p\u00e5 215 -servon och bytt servomaterialet som anv\u00e4nds till rostfritt st\u00e5l fr\u00e5n aluminium. Detta inneb\u00e4r att metallv\u00e4xeln kommer att vara mycket mer h\u00e5llbar \u00e4n tidigare versioner, vilket f\u00f6rb\u00e4ttrar h\u00e5llbarheten kraftigt.<\/p>\n<h4>Funktioner:<\/h4>\n<ul>\n<li>Aluminiumfodral i mikrostorlek<\/li>\n<li>Fullmetallv\u00e4xlar<\/li>\n<li>Dubbla kullager<\/li>\n<li>HV -kompatibel<\/li>\n<li>Blixtsnabbt<\/li>\n<li>K\u00e4rnl\u00f6s motor<\/li>\n<\/ul>\n<h4>Specifikationer:<\/h4>\n<p><strong>Driftsp\u00e4nning: <\/strong>6-8,4V<br \/>\n<strong>Storlek: <\/strong>23x12x27,5 mm<br \/>\n<strong>Vridmoment:<\/strong> 3.10kg.cm @ 6.0V; 3.70kg.cm @ 7.4V; 4.0Kg.cm @ 8.4V<br \/>\n<strong>Fart:<\/strong> 0.06sec\/60\u00b0 @ 6.0V; 0.055sec\/60\u00b0 @ 7.4V; 0.05sec\/60\u00b0 @ 8.4V<br \/>\n<strong>Vikt: <\/strong>20 g<br \/>\n<strong>Arbetsfrekvens:<\/strong> 1520us\/333Hz, 800us - 2200us<br \/>\n<strong>Motor: <\/strong>K\u00e4rnl\u00f6s<br \/>\n<strong>Kullagret:<\/strong> 2BB<br \/>\n<strong>Servo spline:<\/strong> 25T<\/p>\n<h4>Datablad:<\/h4>\n<p><a href=\"https:\/\/originhobbies.com\/wp-content\/uploads\/2023\/09\/KST_0821_DS215MG_V8_Datasheet_02_2023_en.pdf\">Ladda ner datablad.<\/a><\/p>","protected":false},"excerpt":{"rendered":"<p>KST DS215MG V8 Micro Digital Metal Gear Servo, is ideal for Cyclic and Tail use. Looking for speed in a micro package? The KST DS215MG is lightning fast, high voltage compatible and comes in a beautiful aluminum case. Power comes via a coreless motor, running on silky smooth bearings with all metal gears. For the [&hellip;]<\/p>\n","protected":false},"featured_media":8683,"comment_status":"open","ping_status":"closed","template":"","meta":{"_eb_attr":""},"product_brand":[],"product_cat":[66],"product_tag":[],"class_list":{"0":"post-1089","1":"product","2":"type-product","3":"status-publish","4":"has-post-thumbnail","6":"product_cat-servos","8":"first","9":"instock","10":"taxable","11":"shipping-taxable","12":"purchasable","13":"product-type-simple"},"jetpack_sharing_enabled":true,"_links":{"self":[{"href":"https:\/\/originhobbies.com\/sv\/wp-json\/wp\/v2\/product\/1089","targetHints":{"allow":["GET"]}}],"collection":[{"href":"https:\/\/originhobbies.com\/sv\/wp-json\/wp\/v2\/product"}],"about":[{"href":"https:\/\/originhobbies.com\/sv\/wp-json\/wp\/v2\/types\/product"}],"replies":[{"embeddable":true,"href":"https:\/\/originhobbies.com\/sv\/wp-json\/wp\/v2\/comments?post=1089"}],"wp:featuredmedia":[{"embeddable":true,"href":"https:\/\/originhobbies.com\/sv\/wp-json\/wp\/v2\/media\/8683"}],"wp:attachment":[{"href":"https:\/\/originhobbies.com\/sv\/wp-json\/wp\/v2\/media?parent=1089"}],"wp:term":[{"taxonomy":"product_brand","embeddable":true,"href":"https:\/\/originhobbies.com\/sv\/wp-json\/wp\/v2\/product_brand?post=1089"},{"taxonomy":"product_cat","embeddable":true,"href":"https:\/\/originhobbies.com\/sv\/wp-json\/wp\/v2\/product_cat?post=1089"},{"taxonomy":"product_tag","embeddable":true,"href":"https:\/\/originhobbies.com\/sv\/wp-json\/wp\/v2\/product_tag?post=1089"}],"curies":[{"name":"wp","href":"https:\/\/api.w.org\/{rel}","templated":true}]}}