{"id":517,"date":"2021-06-20T21:43:46","date_gmt":"2021-06-20T19:43:46","guid":{"rendered":"http:\/\/originhobbies.com\/?page_id=517"},"modified":"2025-10-02T14:11:17","modified_gmt":"2025-10-02T12:11:17","slug":"delivery-terms-and-refund-policy","status":"publish","type":"page","link":"https:\/\/originhobbies.com\/sv\/delivery-terms-and-refund-policy\/","title":{"rendered":"Anv\u00e4ndarvillkor, frakt- och returpolicy"},"content":{"rendered":"<h2 class=\"wp-block-heading\">Fraktkostnader<\/h2>\n\n\n\n<p>Vi erbjuder leverans med <strong>DHL Express, GLS EuroBusinessParcel, UPS<\/strong> och <strong>Letter post<\/strong>. All products marked <strong>&quot;i lager&quot;<\/strong> are in our storage and we will ship them within the next day. We provide a shipment tracking number as soon as we ship your order.<\/p>\n\n\n\n<p>Du kan se de exakta kostnaderna vid kassan. Exempel p\u00e5 fraktkostnader i tabellen nedan.<\/p>\n\n\n\n<figure class=\"wp-block-table is-style-regular\"><table><thead><tr><th>Land<\/th><th>Frakt metod<\/th><th>Kosta<\/th><th>Leveranstid<\/th><\/tr><\/thead><tbody><tr><td>Finland<\/td><td>Posti \/ Matkahuolto<\/td><td>5.99\u20ac<\/td><td><strong>1-2<\/strong> arbetsdagar<\/td><\/tr><tr><td>EU<\/td><td>GLS \/ UPS<\/td><td>9.99\u20ac<\/td><td><strong>2-4<\/strong> arbetsdagar<\/td><\/tr><tr><td>EU<\/td><td>DHL Express<\/td><td>34.90\u20ac<\/td><td><strong>1-2<\/strong> arbetsdagar<\/td><\/tr><tr><td>Worldwide<\/td><td>Brevpost (ingen sp\u00e5rning)<\/td><td>4.90\u20ac<\/td><td>upp till <strong>10<\/strong> arbetsdagar<\/td><\/tr><tr><td>Worldwide<\/td><td>DHL Express<\/td><td>34.90\u20ac<\/td><td><strong>2-5<\/strong> arbetsdagar<\/td><\/tr><\/tbody><\/table><figcaption class=\"wp-element-caption\">Fraktpriser tabell<\/figcaption><\/figure>\n\n\n\n<p>Du kan se en mer exakt uppskattning av varje leveransalternativ till ditt land vid best\u00e4llningskassan.<\/p>\n\n\n\n<p>LiPo -batterier utan tillh\u00f6rande utrustning (helikopter\/radio) kan endast skickas med GLS. Detta beror p\u00e5 flygfraktbegr\u00e4nsningar<\/p>\n\n\n\n<h2 class=\"wp-block-heading\">Betalningsmetoder<\/h2>\n\n\n\n<p><strong>Vi accepterar<\/strong> Paypal- och kredit-\/bankkortbetalningar i euro -valuta. Du kan ocks\u00e5 anv\u00e4nda Klarnas l\u00f6n senare och finansieringstj\u00e4nster i l\u00e4nder som Klarna betj\u00e4nar.<\/p>\n\n\n\n<h2 class=\"wp-block-heading\">R\u00e4tt till avbest\u00e4llning<\/h2>\n\n\n\n<p><strong>Avbest\u00e4llningspolicy f\u00f6r varor<\/strong><\/p>\n\n\n\n<p>Konsumenter har 14 dagars \u00e5ngerr\u00e4tt.<\/p>\n\n\n\n<p><strong>R\u00e4tt att avbest\u00e4lla<\/strong><\/p>\n\n\n\n<p>Du har r\u00e4tt att s\u00e4ga upp detta avtal inom 14 dagar utan att ange n\u00e5gon orsak. \u00c5ngerfristen l\u00f6per ut efter 14 dagar fr\u00e5n den dag d\u00e5 du eller en tredje part som inte \u00e4r transport\u00f6ren och som du har angett f\u00e5r fysisk besittning av varorna.<\/p>\n\n\n\n<p>F\u00f6r att ut\u00f6va \u00e5ngerr\u00e4tten m\u00e5ste du informera oss (Originhobbies Octal Oy, Matinkulma 5 C 20, 02230 Espoo, Finland, info@originhobbies.com, Phone: +358-403286900) om ditt beslut att fr\u00e5ntr\u00e4da detta avtal genom ett tydligt meddelande (t.ex. ett brev som skickats per post, fax eller e-post). Du kan anv\u00e4nda det bifogade standardformul\u00e4ret f\u00f6r upps\u00e4gning, men det \u00e4r inte obligatoriskt.<\/p>\n\n\n\n<p>F\u00f6r att iaktta \u00e5ngerfristen r\u00e4cker det att du skickar ditt meddelande om ut\u00f6vande av \u00e5ngerr\u00e4tten innan \u00e5ngerfristen har l\u00f6pt ut.<\/p>\n\n\n\n<p><strong>Effekter av avbest\u00e4llning<\/strong><\/p>\n\n\n\n<p>Om du fr\u00e5ntr\u00e4der detta avtal kommer vi att \u00e5terbetala alla betalningar som vi mottagit fr\u00e5n dig, inklusive leveranskostnaderna (med undantag f\u00f6r de extra kostnader som uppst\u00e5r om du valt en annan typ av leverans \u00e4n den billigaste typen av standardleverans som vi erbjuder), utan on\u00f6digt dr\u00f6jsm\u00e5l och under alla omst\u00e4ndigheter senast 14 dagar fr\u00e5n den dag d\u00e5 vi informerades om ditt beslut att fr\u00e5ntr\u00e4da detta avtal. Vi kommer att g\u00f6ra \u00e5terbetalningen med samma betalningsmedel som du anv\u00e4nde f\u00f6r den ursprungliga transaktionen, s\u00e5vida du inte uttryckligen har kommit \u00f6verens om n\u00e5got annat; i vilket fall som helst kommer du inte att \u00e5dra dig n\u00e5gra avgifter till f\u00f6ljd av s\u00e5dan \u00e5terbetalning. Vi kan h\u00e5lla inne \u00e5terbetalningen tills vi har f\u00e5tt tillbaka varorna eller tills du har l\u00e4mnat bevis p\u00e5 att du har skickat tillbaka varorna, beroende p\u00e5 vilket som intr\u00e4ffar tidigast.<\/p>\n\n\n\n<p>Ni ska skicka tillbaka varorna eller \u00f6verl\u00e4mna dem till oss utan on\u00f6digt dr\u00f6jsm\u00e5l och under alla omst\u00e4ndigheter senast 14 dagar fr\u00e5n den dag d\u00e5 ni meddelade oss att ni fr\u00e5ntr\u00e4der detta avtal. Tidsfristen \u00e4r uppfylld om du skickar tillbaka varorna innan perioden p\u00e5 14 dagar har l\u00f6pt ut. Du m\u00e5ste b\u00e4ra den direkta kostnaden f\u00f6r att returnera varorna. Du \u00e4r endast ansvarig f\u00f6r eventuell v\u00e4rdeminskning av varorna till f\u00f6ljd av annan hantering \u00e4n vad som \u00e4r n\u00f6dv\u00e4ndigt f\u00f6r att fastst\u00e4lla varornas art, egenskaper och funktion.<\/p>\n\n\n\n<figure class=\"wp-block-table\"><table class=\"has-fixed-layout\"><tbody><tr><td><strong>Exempel p\u00e5 avbest\u00e4llningsblankett<\/strong><br><br><em>(Om du vill h\u00e4va avtalet ska du fylla i formul\u00e4ret nedan och skicka tillbaka det till oss).<\/em><br><br>- Till Originhobbies Octal Oy Matinkulma 5 C 20, 02230 Esbo, Finland, info@originhobbies.com<br><br>- Jag \/ Vi(*) meddelar h\u00e4rmed att jag \/ Vi(*) h\u00e4ver mitt \/ v\u00e5rt (*) avtal om f\u00f6rs\u00e4ljning av f\u00f6ljande varor (*) \/ f\u00f6r tillhandah\u00e5llande av f\u00f6ljande tj\u00e4nst(*)<br>- Best\u00e4lld den (*) \/ mottagen den (*)<br>- Konsumentens namn<br>- Konsumentens\/konsumenternas adress<br><br>- Konsumentens\/konsumenternas namnteckning (endast om denna anm\u00e4lan g\u00f6rs p\u00e5 papper)<br>- Datum<br><br>(*) Stryk det som inte \u00e4r till\u00e4mpligt<\/td><\/tr><\/tbody><\/table><\/figure>\n\n\n\n<p><strong>Etiketter f\u00f6r returfrakt<\/strong><br>Utan att det p\u00e5verkar dina lagstadgade r\u00e4ttigheter kommer vi att f\u00f6rse dig med gratis returfraktsedlar. Returfraktsedeln ing\u00e5r i din leverans. Du kan l\u00e4mna in returen i en paketshop hos respektive leverant\u00f6r.<\/p>\n\n\n\n<h2 class=\"wp-block-heading\">Skadad leverans<\/h2>\n\n\n\n<p>Om din f\u00f6rs\u00e4ndelse har skadats (t.ex. skadad eller sprucken f\u00f6rpackning), ta bilder och skicka dem till oss p\u00e5 <em><a href=\"mailto:info@originhobbies.com\">info@originhobbies.com<\/a><\/em> och vi kommer att se till att du erbjuds en bra l\u00f6sning. Meddela \u00e4ven budtj\u00e4nsten att f\u00f6rs\u00e4ndelsen har skadats. Det kommer att hj\u00e4lpa oss.<\/p>\n\n\n\n<h2 class=\"wp-block-heading\">Kontaktinformation<\/h2>\n\n\n\n<p><strong>Phone<\/strong>: +358-403286900<br><strong>e-post<\/strong>: <a href=\"mailto:info@originhobbies.com\">info@originhobbies.com<\/a><br><strong>Adress<\/strong>: Piilipuuntie 14 A 8, 02250 Espoo, Finland<\/p>","protected":false},"excerpt":{"rendered":"<p>Shipping costs We offer delivery using DHL Express, GLS EuroBusinessParcel, UPS and Letter post. All products marked &#8220;in stock&#8221; are in our storage and we will ship them within the next day. We provide a shipment tracking number as soon as we ship your order. You can see the exact costs during checkout. Example shipping [&hellip;]<\/p>\n","protected":false},"author":1,"featured_media":0,"parent":0,"menu_order":0,"comment_status":"closed","ping_status":"closed","template":"","meta":{"_eb_attr":"","footnotes":""},"class_list":["post-517","page","type-page","status-publish","hentry"],"jetpack_sharing_enabled":true,"jetpack_shortlink":"https:\/\/wp.me\/Ph9vxs-8l","_links":{"self":[{"href":"https:\/\/originhobbies.com\/sv\/wp-json\/wp\/v2\/pages\/517","targetHints":{"allow":["GET"]}}],"collection":[{"href":"https:\/\/originhobbies.com\/sv\/wp-json\/wp\/v2\/pages"}],"about":[{"href":"https:\/\/originhobbies.com\/sv\/wp-json\/wp\/v2\/types\/page"}],"author":[{"embeddable":true,"href":"https:\/\/originhobbies.com\/sv\/wp-json\/wp\/v2\/users\/1"}],"replies":[{"embeddable":true,"href":"https:\/\/originhobbies.com\/sv\/wp-json\/wp\/v2\/comments?post=517"}],"version-history":[{"count":0,"href":"https:\/\/originhobbies.com\/sv\/wp-json\/wp\/v2\/pages\/517\/revisions"}],"wp:attachment":[{"href":"https:\/\/originhobbies.com\/sv\/wp-json\/wp\/v2\/media?parent=517"}],"curies":[{"name":"wp","href":"https:\/\/api.w.org\/{rel}","templated":true}]}}