{"id":795,"date":"2021-07-06T17:00:23","date_gmt":"2021-07-06T14:00:23","guid":{"rendered":"http:\/\/originhobbies.com\/?post_type=product&#038;p=795"},"modified":"2026-04-12T16:52:37","modified_gmt":"2026-04-12T14:52:37","slug":"radiomaster-tx16s-lipo-5000mah-battery","status":"publish","type":"product","link":"https:\/\/originhobbies.com\/fr\/shop\/radio-control\/radio-transmitters-receivers\/radiomaster-tx16s-accessories\/radiomaster-tx16s-lipo-5000mah-battery\/","title":{"rendered":"RadioMaster 21700 Li-ion battery 5000mah (TX16S \/ TX12 \/ Boxer \/ TX15)"},"content":{"rendered":"<p>RadioMaster 5000mah* 2s Li-ion pack is the perfect battery for all variants of the TX16S and TX12. Offering longer run times and safer use when compared to Li-poly batteries. Li-ion batteries typically offer higher energy density and are well suited to lower current draw applications.<\/p>\n<p>Le pack RadioMaster 5000 mah * associ\u00e9 aux capacit\u00e9s de charge internes des TX16 offre commodit\u00e9 et tranquillit\u00e9 d&#039;esprit pour des heures de plaisir de vol.<\/p>\n<p>La batterie comprend une prise de sortie XT30 qui est la longueur id\u00e9ale pour une utilisation avec des modules externes tels que le TBS Crossfire.<\/p>\n<h2>Caract\u00e9ristiques<\/h2>\n<ul>\n<li>Capacit\u00e9 : 5000 mAh*<\/li>\n<li>Watt-heures\u00a0: 37\u00a0Wh<\/li>\n<li>Tension : 7.4v<\/li>\n<li>Cellules : 2 x 21700 Li-ion 3.7v 18.5Wh<\/li>\n<li>Connecteur : JST-XH et XT30<\/li>\n<li>Poids : 150g<\/li>\n<li>Taille : 72 mm x 42 mm x 22 mm<\/li>\n<li>Courant de charge: Max 2amp<\/li>\n<\/ul>\n<p><b>*Il a \u00e9t\u00e9 constat\u00e9 que la valeur mAh mesur\u00e9e pour cette batterie se situait entre 3000 et 4000 mAh, malgr\u00e9 l&#039;\u00e9tiquetage 5000 mAh. Malgr\u00e9 cela la batterie tient tr\u00e8s longtemps dans votre radio TX16S et nous recommandons fortement cette lipo.<\/b><\/p>","protected":false},"excerpt":{"rendered":"<p>RadioMaster 5000mah* 2s Li-ion pack is the perfect battery for all variants of the TX16S and TX12. Offering longer run times and safer use when compared to Li-poly batteries. Li-ion batteries typically offer higher energy density and are well suited to lower current draw applications. The RadioMaster 5000mah* pack coupled with the internal charging capabilities [&hellip;]<\/p>\n","protected":false},"featured_media":793,"comment_status":"open","ping_status":"closed","template":"","meta":{"_eb_attr":""},"product_brand":[],"product_cat":[53,105,239,197,391,450,198],"product_tag":[135],"class_list":{"0":"post-795","1":"product","2":"type-product","3":"status-publish","4":"has-post-thumbnail","6":"product_cat-radiomaster-tx16s-accessories","7":"product_cat-batteries","8":"product_cat-radiomaster-accessories","9":"product_cat-radiomaster-tx12-accessories","10":"product_cat-radiomaster-tx15-accessories","11":"product_cat-radiomaster-tx16s-mk3-accessories","12":"product_cat-radiomaster-boxer-accessories","13":"product_tag-lipo","15":"first","16":"instock","17":"taxable","18":"shipping-taxable","19":"purchasable","20":"product-type-simple"},"jetpack_sharing_enabled":true,"_links":{"self":[{"href":"https:\/\/originhobbies.com\/fr\/wp-json\/wp\/v2\/product\/795","targetHints":{"allow":["GET"]}}],"collection":[{"href":"https:\/\/originhobbies.com\/fr\/wp-json\/wp\/v2\/product"}],"about":[{"href":"https:\/\/originhobbies.com\/fr\/wp-json\/wp\/v2\/types\/product"}],"replies":[{"embeddable":true,"href":"https:\/\/originhobbies.com\/fr\/wp-json\/wp\/v2\/comments?post=795"}],"wp:featuredmedia":[{"embeddable":true,"href":"https:\/\/originhobbies.com\/fr\/wp-json\/wp\/v2\/media\/793"}],"wp:attachment":[{"href":"https:\/\/originhobbies.com\/fr\/wp-json\/wp\/v2\/media?parent=795"}],"wp:term":[{"taxonomy":"product_brand","embeddable":true,"href":"https:\/\/originhobbies.com\/fr\/wp-json\/wp\/v2\/product_brand?post=795"},{"taxonomy":"product_cat","embeddable":true,"href":"https:\/\/originhobbies.com\/fr\/wp-json\/wp\/v2\/product_cat?post=795"},{"taxonomy":"product_tag","embeddable":true,"href":"https:\/\/originhobbies.com\/fr\/wp-json\/wp\/v2\/product_tag?post=795"}],"curies":[{"name":"wp","href":"https:\/\/api.w.org\/{rel}","templated":true}]}}