{"id":632,"date":"2021-06-27T11:47:02","date_gmt":"2021-06-27T09:47:02","guid":{"rendered":"http:\/\/originhobbies.com\/?post_type=product&#038;p=632"},"modified":"2026-04-06T01:06:57","modified_gmt":"2026-04-05T23:06:57","slug":"oshm1062-canopy-rubber-ring-set-4-omp-m1","status":"publish","type":"product","link":"https:\/\/originhobbies.com\/fr\/shop\/helicopter-parts\/omphobby-spare-parts\/omp-m1-helicopter-parts\/oshm1062-canopy-rubber-ring-set-4-omp-m1\/","title":{"rendered":"OSHM1062 OMP M1 &#8211; Canopy Rubber Grommets (4pcs)"},"content":{"rendered":"<p>OSHM1062 OMP M1 &#8211; Canopy rubber Grommets \/ ring set (4pcs)<\/p>\n<p>Jeu d&#039;anneaux en caoutchouc pour canop\u00e9e (\u0153illets) pour l&#039;h\u00e9licopt\u00e8re OMPHobby M1.<\/p>\n<p>4 pi\u00e8ces par paquet.<\/p>","protected":false},"excerpt":{"rendered":"<p>OSHM1062 OMP M1 &#8211; Canopy rubber Grommets \/ ring set (4pcs) Canopy rubber ring set (grommets) for the OMPHobby M1 Helicopter. 4 pieces per pack.<\/p>","protected":false},"featured_media":4667,"comment_status":"open","ping_status":"closed","template":"","meta":{"_eb_attr":""},"product_brand":[],"product_cat":[42,174],"product_tag":[],"class_list":{"0":"post-632","1":"product","2":"type-product","3":"status-publish","4":"has-post-thumbnail","6":"product_cat-omp-m1-helicopter-parts","7":"product_cat-omphobby-m1-evo-spare-parts","9":"first","10":"instock","11":"taxable","12":"shipping-taxable","13":"purchasable","14":"product-type-simple"},"jetpack_sharing_enabled":true,"_links":{"self":[{"href":"https:\/\/originhobbies.com\/fr\/wp-json\/wp\/v2\/product\/632","targetHints":{"allow":["GET"]}}],"collection":[{"href":"https:\/\/originhobbies.com\/fr\/wp-json\/wp\/v2\/product"}],"about":[{"href":"https:\/\/originhobbies.com\/fr\/wp-json\/wp\/v2\/types\/product"}],"replies":[{"embeddable":true,"href":"https:\/\/originhobbies.com\/fr\/wp-json\/wp\/v2\/comments?post=632"}],"wp:featuredmedia":[{"embeddable":true,"href":"https:\/\/originhobbies.com\/fr\/wp-json\/wp\/v2\/media\/4667"}],"wp:attachment":[{"href":"https:\/\/originhobbies.com\/fr\/wp-json\/wp\/v2\/media?parent=632"}],"wp:term":[{"taxonomy":"product_brand","embeddable":true,"href":"https:\/\/originhobbies.com\/fr\/wp-json\/wp\/v2\/product_brand?post=632"},{"taxonomy":"product_cat","embeddable":true,"href":"https:\/\/originhobbies.com\/fr\/wp-json\/wp\/v2\/product_cat?post=632"},{"taxonomy":"product_tag","embeddable":true,"href":"https:\/\/originhobbies.com\/fr\/wp-json\/wp\/v2\/product_tag?post=632"}],"curies":[{"name":"wp","href":"https:\/\/api.w.org\/{rel}","templated":true}]}}