{"id":1782,"date":"2021-10-12T21:20:12","date_gmt":"2021-10-12T18:20:12","guid":{"rendered":"http:\/\/originhobbies.com\/?post_type=product&#038;p=1782"},"modified":"2026-04-28T15:52:01","modified_gmt":"2026-04-28T13:52:01","slug":"omp-m2-v2-bnf","status":"publish","type":"product","link":"https:\/\/originhobbies.com\/fr\/shop\/rc-helicopters\/helicopter-rtf-bnf-kits\/omp-m2-v2-bnf\/","title":{"rendered":"H\u00e9licopt\u00e8re OMPHobby M2 V2 RC BnF"},"content":{"rendered":"<div class=\"post-content woocommerce-product-details__short-description\">\n<p>La version OMPHobby M2 V2 2021 est BnF (Bind and Fly). Il utilise un polym\u00e8re renforc\u00e9 de carbone pour les bo\u00eetiers d&#039;asservissement. Le M2 V2 est dot\u00e9 de composants enti\u00e8rement en alliage CNC et dispose d&#039;un contr\u00f4leur de vol am\u00e9lior\u00e9 et enti\u00e8rement configurable, d&#039;un ESC am\u00e9lior\u00e9 avec fonction de gouverneur, d&#039;une nouvelle poutre de queue en forme de larme, d&#039;un train d&#039;atterrissage robuste. L&#039;h\u00e9licopt\u00e8re M2 V2 est un produit de haute qualit\u00e9 cr\u00e9\u00e9 par l&#039;\u00e9quipe R&amp;D d&#039;OMPHOBBY pour les passionn\u00e9s d&#039;h\u00e9licopt\u00e8res. Sa taille compacte convient au vol flexible int\u00e9rieur et au vol violent ext\u00e9rieur.<\/p>\n<hr \/>\n<p><span style=\"color: #ff0000;\">ATTENTION!<\/span> Il ne s'agit pas d'un jouet. Une utilisation incorrecte peut entra\u00eener des blessures graves. Il est recommand\u00e9 d'utiliser un simulateur RC avant d'essayer de faire voler ce mod\u00e8le. Ne convient pas aux enfants.<br \/>\n<a href=\"https:\/\/originhobbies.com\/fr\/legal-disclaimer\/\">Lire plus!<\/a><\/p>\n<div>\n<hr \/>\n<p>Remarque : l&#039;h\u00e9licopt\u00e8re M2 est livr\u00e9 avec un r\u00e9cepteur OMPHobby int\u00e9gr\u00e9. Il dispose d&#039;un port satellite SBUS et DSM2\/DSMX pour connecter votre propre r\u00e9cepteur.<\/p>\n<p><strong><a href=\"https:\/\/originhobbies.com\/fr\/shop\/helicopter-parts\/omp-m2-parts\/omphobby-m2-swash-leveling-tool\/\">M2 Swash leveling tool<\/a> provided free with every M2 Helicopter purchase!<\/strong><\/p>\n<p><img loading=\"lazy\" decoding=\"async\" class=\"alignnone wp-image-4825\" src=\"https:\/\/originhobbies.com\/wp-content\/uploads\/2022\/09\/oh-m2-swash-tool5-300x300.jpg\" alt=\"OMPHobby M2 Swash leveling tool\" width=\"198\" height=\"198\" srcset=\"https:\/\/originhobbies.com\/wp-content\/uploads\/2022\/09\/oh-m2-swash-tool5-300x300.jpg 300w, https:\/\/originhobbies.com\/wp-content\/uploads\/2022\/09\/oh-m2-swash-tool5-150x150.jpg 150w, https:\/\/originhobbies.com\/wp-content\/uploads\/2022\/09\/oh-m2-swash-tool5-12x12.jpg 12w, https:\/\/originhobbies.com\/wp-content\/uploads\/2022\/09\/oh-m2-swash-tool5-324x324.jpg 324w, https:\/\/originhobbies.com\/wp-content\/uploads\/2022\/09\/oh-m2-swash-tool5-416x416.jpg 416w, https:\/\/originhobbies.com\/wp-content\/uploads\/2022\/09\/oh-m2-swash-tool5-100x100.jpg 100w, https:\/\/originhobbies.com\/wp-content\/uploads\/2022\/09\/oh-m2-swash-tool5.jpg 700w\" sizes=\"auto, (max-width: 198px) 100vw, 198px\" \/><\/p>\n<h4>Caract\u00e9ristiques<\/h4>\n<ul>\n<li><strong>Moteur principal:<\/strong> SunnySky V4<\/li>\n<li><strong>Moteur de queue\u00a0:<\/strong> SunnySky R1<\/li>\n<li><strong>Servos\u00a0:<\/strong> Engrenage en m\u00e9tal, bo\u00eetier en alliage CNC<\/li>\n<li><strong>Diam\u00e8tre du rotor principal\u00a0:<\/strong> 400 mm<\/li>\n<li><strong>Diam\u00e8tre du rotor de queue\u00a0:<\/strong> 71mm<\/li>\n<li><strong>Poids de vol\u00a0:<\/strong> Environ. 315g<\/li>\n<li><strong>Dimensions:<\/strong> 408mm*72mm*135mm<\/li>\n<li><strong>Batterie:<\/strong> 3S 650 mAh 45C<\/li>\n<li><strong>Temps de vol:<\/strong> Temps de vol maximum 9 min \u2013 4 min pour des man\u0153uvres 3D extr\u00eames<\/li>\n<li><strong>Inclus:<\/strong> 1 x batterie, 3 x bras de servo, 1 x arbre principal, 1 x arbre de mise en drapeau, vis de rechange, bo\u00eetier EPP<\/li>\n<li><strong>Obligatoire<\/strong>: \u00c9metteur OMPHobby T6 (non inclus) ou votre propre \u00e9metteur et r\u00e9cepteur DSM2\/DSMX ou SBus<\/li>\n<\/ul>\n<h4>T\u00e9l\u00e9chargements<\/h4>\n<ul>\n<li><a href=\"https:\/\/originhobbies.com\/fr\/omphobby-m1-m2-evo-rtf-user-guides\/\">OriginHobbies RTF User guides (TX16S \/ Zorro)<\/a><\/li>\n<li><a href=\"https:\/\/originhobbies.com\/fr\/m2-v2-exp-evo-flight-controller-settings\/\">M2 Flight Controller user guide<\/a><\/li>\n<li><a href=\"https:\/\/originhobbies.com\/wp-content\/uploads\/2021\/10\/M2-V2-manual-2021-09-14.pdf\">OMP M2 V2 User Manual<\/a><\/li>\n<li><a href=\"https:\/\/originhobbies.com\/fr\/radio-setup-guides-for-omphobby-m2-omp-m1\/\">Radio Setup guides (TX16S \/ Zorro \/ Futaba T18SZ)<\/a><\/li>\n<li><a href=\"https:\/\/originhobbies.com\/fr\/omphobby-m2-part-list\/\">OMP M2 Spare Parts list<\/a><\/li>\n<li><a href=\"https:\/\/originhobbies.com\/fr\/mikado-logo-200-vs-omphobby-m2-parts-compatibility-reference\/\">R\u00e9f\u00e9rence de compatibilit\u00e9 des pi\u00e8ces Mikado Logo 200 vs OMP M2<\/a><\/li>\n<\/ul>\n<h4>Vid\u00e9os<\/h4>\n<p><iframe loading=\"lazy\" title=\"YouTube video player\" src=\"https:\/\/www.youtube.com\/embed\/bAt1AEIKLJ0\" width=\"560\" height=\"315\" frameborder=\"0\" allowfullscreen=\"allowfullscreen\"><\/iframe><\/p>\n<p><iframe loading=\"lazy\" title=\"YouTube video player\" src=\"https:\/\/www.youtube.com\/embed\/WjVVuEE8U5w\" width=\"560\" height=\"315\" frameborder=\"0\" allowfullscreen=\"allowfullscreen\"><span style=\"display: inline-block; width: 0px; overflow: hidden; line-height: 0;\" data-mce-type=\"bookmark\" class=\"mce_SELRES_start\"><\/span><\/iframe><\/p>\n<\/div>\n<\/div>","protected":false},"excerpt":{"rendered":"<p>The OMPHobby M2 V2 2021 version is BnF (Bind and Fly). It uses carbon reinforced polymer for servo cases. The M2 V2 has full CNC alloy components and features an improved and fully configurable flight controller, improved ESC with governor function, new \u2018teardrop\u2019 tail boom, robust landing gear. M2 V2 Helicopter is a high-quality product [&hellip;]<\/p>\n","protected":false},"featured_media":1825,"comment_status":"open","ping_status":"closed","template":"","meta":{"_eb_attr":""},"product_brand":[],"product_cat":[23],"product_tag":[],"class_list":{"0":"post-1782","1":"product","2":"type-product","3":"status-publish","4":"has-post-thumbnail","6":"product_cat-helicopter-rtf-bnf-kits","8":"first","9":"discontinued","10":"taxable","11":"shipping-taxable","12":"product-type-simple"},"jetpack_sharing_enabled":true,"_links":{"self":[{"href":"https:\/\/originhobbies.com\/fr\/wp-json\/wp\/v2\/product\/1782","targetHints":{"allow":["GET"]}}],"collection":[{"href":"https:\/\/originhobbies.com\/fr\/wp-json\/wp\/v2\/product"}],"about":[{"href":"https:\/\/originhobbies.com\/fr\/wp-json\/wp\/v2\/types\/product"}],"replies":[{"embeddable":true,"href":"https:\/\/originhobbies.com\/fr\/wp-json\/wp\/v2\/comments?post=1782"}],"wp:featuredmedia":[{"embeddable":true,"href":"https:\/\/originhobbies.com\/fr\/wp-json\/wp\/v2\/media\/1825"}],"wp:attachment":[{"href":"https:\/\/originhobbies.com\/fr\/wp-json\/wp\/v2\/media?parent=1782"}],"wp:term":[{"taxonomy":"product_brand","embeddable":true,"href":"https:\/\/originhobbies.com\/fr\/wp-json\/wp\/v2\/product_brand?post=1782"},{"taxonomy":"product_cat","embeddable":true,"href":"https:\/\/originhobbies.com\/fr\/wp-json\/wp\/v2\/product_cat?post=1782"},{"taxonomy":"product_tag","embeddable":true,"href":"https:\/\/originhobbies.com\/fr\/wp-json\/wp\/v2\/product_tag?post=1782"}],"curies":[{"name":"wp","href":"https:\/\/api.w.org\/{rel}","templated":true}]}}