{"id":16801,"date":"2025-05-07T21:29:01","date_gmt":"2025-05-07T19:29:01","guid":{"rendered":"http:\/\/originhobbies.com\/shop\/uncategorized\/h0426d-s-delrin-damperner-d-size-for-hps2-3-goblin-urukay-630-700-770-competition-speed\/"},"modified":"2026-04-06T01:04:50","modified_gmt":"2026-04-05T23:04:50","slug":"h0426d-s-delrin-damperner-d-size-for-hps2-3-goblin-urukay-630-700-770-competition-speed","status":"publish","type":"product","link":"https:\/\/originhobbies.com\/fr\/shop\/helicopter-parts\/sab-spare-parts\/sab-ilgoblin-kse-spare-parts\/h0426d-s-delrin-damperner-d-size-for-hps2-3-goblin-urukay-630-700-770-competition-speed\/","title":{"rendered":"SAB H0426D-S Delrin Damperner D Size For HPS2\/3 &#8211; Goblin Urukay\/630\/700\/770\/Competition\/Speed"},"content":{"rendered":"<p>H0426D-S Delrin Damperner D Size For HPS2\/3 &#8211; Goblin Urukay\/630\/700\/770\/Competition\/Speed<\/p>\n<div class=\"content text-base\">\n<p style=\"margin-top: 0px; margin-bottom: 20px; font-family: 'Open Sans', Arial, Helvetica, sans-serif; font-size: 14px; line-height: 22px; text-align: justify;\">  <span style=\"text-decoration: underline;\">   <strong>    Includes:   <\/strong>  <\/span> <\/p>\n<p style=\"margin-top: 0px; margin-bottom: 20px; font-family: 'Open Sans', Arial, Helvetica, sans-serif; font-size: 14px; line-height: 22px; text-align: justify;\">  &#8211; CNC Delrin Dampener Type D x 3pcs <\/p>\n<p style=\"margin-top: 0px; margin-bottom: 20px; font-family: 'Open Sans', Arial, Helvetica, sans-serif; font-size: 14px; line-height: 22px; text-align: justify;\">  &#8211; Steel Shims \u00d810 x \u00d816 x 1 x 3pcs <\/p>\n<p style=\"margin-top: 0px; margin-bottom: 20px; font-family: 'Open Sans', Arial, Helvetica, sans-serif; font-size: 14px; line-height: 22px; text-align: justify;\">  &#8211; Steel Shims \u00d810 x \u00d816 x 0,2 x 3pcs <\/p>\n<p style=\"margin-top: 0px; margin-bottom: 20px; font-family: 'Open Sans', Arial, Helvetica, sans-serif; font-size: 14px; line-height: 22px; text-align: justify;\">  &#8211; O-ring 3050 x 3pcs <\/p>\n<p style=\"margin-top: 0px; margin-bottom: 20px; font-family: 'Open Sans', Arial, Helvetica, sans-serif; font-size: 14px; line-height: 22px; text-align: justify;\">  <span style=\"text-decoration: underline;\">   <strong>    Use for:   <\/strong>  <\/span> <\/p>\n<p style=\"margin-top: 0px; margin-bottom: 20px; font-family: 'Open Sans', Arial, Helvetica, sans-serif; font-size: 14px; line-height: 22px; text-align: justify;\">  &#8211; Goblin Urukay  <span style=\"text-decoration: underline;\">   <strong>    <strong>     <br \/>    <\/strong>   <\/strong>  <\/span> <\/p>\n<p style=\"margin-top: 0px; margin-bottom: 20px; font-family: 'Open Sans', Arial, Helvetica, sans-serif; font-size: 14px; line-height: 22px; text-align: justify;\">  &#8211; Goblin 630\/700\/770\/Competition\/Speed Using New HPS2\/3 <\/p>\n<\/div>","protected":false},"excerpt":{"rendered":"<p>H0426D-S Delrin Damperner D Size For HPS2\/3 &#8211; Goblin Urukay\/630\/700\/770\/Competition\/Speed Includes: &#8211; CNC Delrin Dampener Type D x 3pcs &#8211; Steel Shims \u00d810 x \u00d816 x 1 x 3pcs &#8211; Steel Shims \u00d810 x \u00d816 x 0,2 x 3pcs &#8211; O-ring 3050 x 3pcs Use for: &#8211; Goblin Urukay &#8211; Goblin 630\/700\/770\/Competition\/Speed Using New HPS2\/3<\/p>","protected":false},"featured_media":16800,"comment_status":"open","ping_status":"closed","template":"","meta":{"_eb_attr":""},"product_brand":[],"product_cat":[360],"product_tag":[],"class_list":["post-16801","product","type-product","status-publish","has-post-thumbnail","product_cat-sab-ilgoblin-kse-spare-parts","first","outofstock","taxable","shipping-taxable","purchasable","product-type-simple"],"jetpack_sharing_enabled":true,"_links":{"self":[{"href":"https:\/\/originhobbies.com\/fr\/wp-json\/wp\/v2\/product\/16801","targetHints":{"allow":["GET"]}}],"collection":[{"href":"https:\/\/originhobbies.com\/fr\/wp-json\/wp\/v2\/product"}],"about":[{"href":"https:\/\/originhobbies.com\/fr\/wp-json\/wp\/v2\/types\/product"}],"replies":[{"embeddable":true,"href":"https:\/\/originhobbies.com\/fr\/wp-json\/wp\/v2\/comments?post=16801"}],"wp:featuredmedia":[{"embeddable":true,"href":"https:\/\/originhobbies.com\/fr\/wp-json\/wp\/v2\/media\/16800"}],"wp:attachment":[{"href":"https:\/\/originhobbies.com\/fr\/wp-json\/wp\/v2\/media?parent=16801"}],"wp:term":[{"taxonomy":"product_brand","embeddable":true,"href":"https:\/\/originhobbies.com\/fr\/wp-json\/wp\/v2\/product_brand?post=16801"},{"taxonomy":"product_cat","embeddable":true,"href":"https:\/\/originhobbies.com\/fr\/wp-json\/wp\/v2\/product_cat?post=16801"},{"taxonomy":"product_tag","embeddable":true,"href":"https:\/\/originhobbies.com\/fr\/wp-json\/wp\/v2\/product_tag?post=16801"}],"curies":[{"name":"wp","href":"https:\/\/api.w.org\/{rel}","templated":true}]}}