{"id":16271,"date":"2025-04-19T22:28:42","date_gmt":"2025-04-19T20:28:42","guid":{"rendered":"http:\/\/originhobbies.com\/shop\/uncategorized\/oshm5074-omp-m5-m6-swashplate\/"},"modified":"2026-04-06T01:05:02","modified_gmt":"2026-04-05T23:05:02","slug":"oshm5074-omp-m5-m6-swashplate","status":"publish","type":"product","link":"https:\/\/originhobbies.com\/fr\/shop\/helicopter-parts\/omphobby-spare-parts\/omphobby-m5-spare-parts\/oshm5074-omp-m5-m6-swashplate\/","title":{"rendered":"OSHM5074 OMP M5, M6 Swashplate"},"content":{"rendered":"<p>Swashplate for OMPHobby M5, M6 Helicopter, OSHM5074<\/p>\n<h4>Comprend<\/h4>\n<p>Swashplate Outer Ring(\u00d71)(5-004)<br \/>\nScrew M2.5&#215;8(\u00d71)(4-038)<br \/>\nSwashplate Inner Ring(\u00d71)(5-005L)<br \/>\nButton Head Screw M2.5\u00d78(x4)(7-147)<br \/>\nSwashplate Hub(\u00d71)(5-007)<br \/>\n Screw M2x5(\u00d73)(7-120)<br \/>\nSpherical Bearing(\u00d71)(5-011)<br \/>\n Washer \u03c62x\u03c65&#215;0.5(\u00d73)(7-181)<br \/>\nGuidance Ball Joint Screw(\u00d71)(5-017)<br \/>\nSpherical Bearing Races(\u00d72)(5-020)<br \/>\nSpherical Bearing Retention Plate(\u00d71)(5-024) Bearing 6706ZZ(\u00d71)(5-100)<br \/>\nBall Joint Screw(\u00d76)M2.5\u00d7\u03c65\u00d74(5-127)<\/p>","protected":false},"excerpt":{"rendered":"<p>Swashplate for OMPHobby M5, M6 Helicopter, OSHM5074 Includes Swashplate Outer Ring(\u00d71)(5-004) Screw M2.5&#215;8(\u00d71)(4-038) Swashplate Inner Ring(\u00d71)(5-005L) Button Head Screw M2.5\u00d78(x4)(7-147) Swashplate Hub(\u00d71)(5-007) Screw M2x5(\u00d73)(7-120) Spherical Bearing(\u00d71)(5-011) Washer \u03c62x\u03c65&#215;0.5(\u00d73)(7-181) Guidance Ball Joint Screw(\u00d71)(5-017) Spherical Bearing Races(\u00d72)(5-020) Spherical Bearing Retention Plate(\u00d71)(5-024) Bearing 6706ZZ(\u00d71)(5-100) Ball Joint Screw(\u00d76)M2.5\u00d7\u03c65\u00d74(5-127)<\/p>","protected":false},"featured_media":16270,"comment_status":"open","ping_status":"closed","template":"","meta":{"_eb_attr":""},"product_brand":[],"product_cat":[344,345],"product_tag":[],"class_list":{"0":"post-16271","1":"product","2":"type-product","3":"status-publish","4":"has-post-thumbnail","6":"product_cat-omphobby-m5-spare-parts","7":"product_cat-omphobby-m6-spare-parts","9":"first","10":"instock","11":"taxable","12":"shipping-taxable","13":"purchasable","14":"product-type-simple"},"jetpack_sharing_enabled":true,"_links":{"self":[{"href":"https:\/\/originhobbies.com\/fr\/wp-json\/wp\/v2\/product\/16271","targetHints":{"allow":["GET"]}}],"collection":[{"href":"https:\/\/originhobbies.com\/fr\/wp-json\/wp\/v2\/product"}],"about":[{"href":"https:\/\/originhobbies.com\/fr\/wp-json\/wp\/v2\/types\/product"}],"replies":[{"embeddable":true,"href":"https:\/\/originhobbies.com\/fr\/wp-json\/wp\/v2\/comments?post=16271"}],"wp:featuredmedia":[{"embeddable":true,"href":"https:\/\/originhobbies.com\/fr\/wp-json\/wp\/v2\/media\/16270"}],"wp:attachment":[{"href":"https:\/\/originhobbies.com\/fr\/wp-json\/wp\/v2\/media?parent=16271"}],"wp:term":[{"taxonomy":"product_brand","embeddable":true,"href":"https:\/\/originhobbies.com\/fr\/wp-json\/wp\/v2\/product_brand?post=16271"},{"taxonomy":"product_cat","embeddable":true,"href":"https:\/\/originhobbies.com\/fr\/wp-json\/wp\/v2\/product_cat?post=16271"},{"taxonomy":"product_tag","embeddable":true,"href":"https:\/\/originhobbies.com\/fr\/wp-json\/wp\/v2\/product_tag?post=16271"}],"curies":[{"name":"wp","href":"https:\/\/api.w.org\/{rel}","templated":true}]}}