{"id":16195,"date":"2025-04-19T22:28:24","date_gmt":"2025-04-19T20:28:24","guid":{"rendered":"http:\/\/originhobbies.com\/shop\/uncategorized\/oshm5036-omp-m5-18mm-metal-servo-arm\/"},"modified":"2026-04-28T15:53:01","modified_gmt":"2026-04-28T13:53:01","slug":"oshm5036-omp-m5-18mm-metal-servo-arm","status":"publish","type":"product","link":"https:\/\/originhobbies.com\/fr\/shop\/helicopter-parts\/omphobby-spare-parts\/omphobby-m5-spare-parts\/oshm5036-omp-m5-18mm-metal-servo-arm\/","title":{"rendered":"OSHM5036 OMP M5 18mm Metal Servo Arm"},"content":{"rendered":"<p>18mm Metal Servo Arm for OMPHobby M5 Helicopter, OSHM5036<\/p>\n<h4>Comprend<\/h4>\n<p>18mm Metal Servo Arm(\u00d73)(5-130)<br \/>\n Screw M3x6(\u00d73)(7-126)<br \/>\nBall Joint Screw M2.5\u00d7\u03c65\u00d74(\u00d73)(5-127)<\/p>","protected":false},"excerpt":{"rendered":"<p>18mm Metal Servo Arm for OMPHobby M5 Helicopter, OSHM5036 Includes 18mm Metal Servo Arm(\u00d73)(5-130) Screw M3x6(\u00d73)(7-126) Ball Joint Screw M2.5\u00d7\u03c65\u00d74(\u00d73)(5-127)<\/p>","protected":false},"featured_media":16194,"comment_status":"open","ping_status":"closed","template":"","meta":{"_eb_attr":""},"product_brand":[],"product_cat":[344,345],"product_tag":[],"class_list":["post-16195","product","type-product","status-publish","has-post-thumbnail","product_cat-omphobby-m5-spare-parts","product_cat-omphobby-m6-spare-parts","first","instock","taxable","shipping-taxable","purchasable","product-type-simple"],"jetpack_sharing_enabled":true,"_links":{"self":[{"href":"https:\/\/originhobbies.com\/fr\/wp-json\/wp\/v2\/product\/16195","targetHints":{"allow":["GET"]}}],"collection":[{"href":"https:\/\/originhobbies.com\/fr\/wp-json\/wp\/v2\/product"}],"about":[{"href":"https:\/\/originhobbies.com\/fr\/wp-json\/wp\/v2\/types\/product"}],"replies":[{"embeddable":true,"href":"https:\/\/originhobbies.com\/fr\/wp-json\/wp\/v2\/comments?post=16195"}],"wp:featuredmedia":[{"embeddable":true,"href":"https:\/\/originhobbies.com\/fr\/wp-json\/wp\/v2\/media\/16194"}],"wp:attachment":[{"href":"https:\/\/originhobbies.com\/fr\/wp-json\/wp\/v2\/media?parent=16195"}],"wp:term":[{"taxonomy":"product_brand","embeddable":true,"href":"https:\/\/originhobbies.com\/fr\/wp-json\/wp\/v2\/product_brand?post=16195"},{"taxonomy":"product_cat","embeddable":true,"href":"https:\/\/originhobbies.com\/fr\/wp-json\/wp\/v2\/product_cat?post=16195"},{"taxonomy":"product_tag","embeddable":true,"href":"https:\/\/originhobbies.com\/fr\/wp-json\/wp\/v2\/product_tag?post=16195"}],"curies":[{"name":"wp","href":"https:\/\/api.w.org\/{rel}","templated":true}]}}