{"id":16191,"date":"2025-04-19T22:28:23","date_gmt":"2025-04-19T20:28:23","guid":{"rendered":"http:\/\/originhobbies.com\/shop\/uncategorized\/oshm5034-omp-m5-m6-tensioner-idler-pulley-set\/"},"modified":"2026-04-06T01:05:02","modified_gmt":"2026-04-05T23:05:02","slug":"oshm5034-omp-m5-m6-tensioner-idler-pulley-set","status":"publish","type":"product","link":"https:\/\/originhobbies.com\/fr\/shop\/helicopter-parts\/omphobby-spare-parts\/omphobby-m5-spare-parts\/oshm5034-omp-m5-m6-tensioner-idler-pulley-set\/","title":{"rendered":"OSHM5034 OMP M5, M6 Tensioner Idler Pulley Set"},"content":{"rendered":"<p>Tensioner Idler Pulley Set for OMPHobby M5, M6 Helicopter, OSHM5034<\/p>\n<h4>Comprend<\/h4>\n<p>dler Cone(\u00d71)(7-022)<br \/>\ndler Pulley(\u00d72)(5-027)<br \/>\nSpacer \u03c64x\u03c65.5&#215;0.55(\u00d72)(5-110)<br \/>\nScrew (Partial Thread)M4x14(\u00d71)(5-119)<br \/>\nScrew(Partial Thread)M4x24(\u00d71)(7-138) Bearing 604ZZ(\u00d74)(7-172)<\/p>","protected":false},"excerpt":{"rendered":"<p>Tensioner Idler Pulley Set for OMPHobby M5, M6 Helicopter, OSHM5034 Includes dler Cone(\u00d71)(7-022) dler Pulley(\u00d72)(5-027) Spacer \u03c64x\u03c65.5&#215;0.55(\u00d72)(5-110) Screw (Partial Thread)M4x14(\u00d71)(5-119) Screw(Partial Thread)M4x24(\u00d71)(7-138) Bearing 604ZZ(\u00d74)(7-172)<\/p>","protected":false},"featured_media":16190,"comment_status":"open","ping_status":"closed","template":"","meta":{"_eb_attr":""},"product_brand":[],"product_cat":[344,345],"product_tag":[],"class_list":{"0":"post-16191","1":"product","2":"type-product","3":"status-publish","4":"has-post-thumbnail","6":"product_cat-omphobby-m5-spare-parts","7":"product_cat-omphobby-m6-spare-parts","9":"first","10":"instock","11":"taxable","12":"shipping-taxable","13":"purchasable","14":"product-type-simple"},"jetpack_sharing_enabled":true,"_links":{"self":[{"href":"https:\/\/originhobbies.com\/fr\/wp-json\/wp\/v2\/product\/16191","targetHints":{"allow":["GET"]}}],"collection":[{"href":"https:\/\/originhobbies.com\/fr\/wp-json\/wp\/v2\/product"}],"about":[{"href":"https:\/\/originhobbies.com\/fr\/wp-json\/wp\/v2\/types\/product"}],"replies":[{"embeddable":true,"href":"https:\/\/originhobbies.com\/fr\/wp-json\/wp\/v2\/comments?post=16191"}],"wp:featuredmedia":[{"embeddable":true,"href":"https:\/\/originhobbies.com\/fr\/wp-json\/wp\/v2\/media\/16190"}],"wp:attachment":[{"href":"https:\/\/originhobbies.com\/fr\/wp-json\/wp\/v2\/media?parent=16191"}],"wp:term":[{"taxonomy":"product_brand","embeddable":true,"href":"https:\/\/originhobbies.com\/fr\/wp-json\/wp\/v2\/product_brand?post=16191"},{"taxonomy":"product_cat","embeddable":true,"href":"https:\/\/originhobbies.com\/fr\/wp-json\/wp\/v2\/product_cat?post=16191"},{"taxonomy":"product_tag","embeddable":true,"href":"https:\/\/originhobbies.com\/fr\/wp-json\/wp\/v2\/product_tag?post=16191"}],"curies":[{"name":"wp","href":"https:\/\/api.w.org\/{rel}","templated":true}]}}