{"id":16189,"date":"2025-04-19T22:28:22","date_gmt":"2025-04-19T20:28:22","guid":{"rendered":"http:\/\/originhobbies.com\/shop\/uncategorized\/oshm5033-omp-m5-m6-tensioner-mounting-set\/"},"modified":"2026-04-28T15:53:01","modified_gmt":"2026-04-28T13:53:01","slug":"oshm5033-omp-m5-m6-tensioner-mounting-set","status":"publish","type":"product","link":"https:\/\/originhobbies.com\/fr\/shop\/helicopter-parts\/omphobby-spare-parts\/omphobby-m5-spare-parts\/oshm5033-omp-m5-m6-tensioner-mounting-set\/","title":{"rendered":"OSHM5033 OMP M5, M6 Tensioner Mounting Set"},"content":{"rendered":"<p>Tensioner Mounting Set for OMPHobby M5, M6 Helicopter, OSHM5033<\/p>\n<h4>Comprend<\/h4>\n<p>Tensioner Mounting Base(\u00d71)(5-042)<br \/>\nTensioner Pivot Reinforcement(\u00d71)(5-043) Tensioner Lever(\u00d71)(5-044)<br \/>\nScrew M2x8(\u00d72)(7-121)<br \/>\nCountersunk Screw M3\u00d716.2(\u00d71)(7-157) Bearing MR83ZZ(\u00d72)(7-170)<br \/>\nSpacer3x\u03c65&#215;2.1(\u00d71)(7-192)<\/p>","protected":false},"excerpt":{"rendered":"<p>Tensioner Mounting Set for OMPHobby M5, M6 Helicopter, OSHM5033 Includes Tensioner Mounting Base(\u00d71)(5-042) Tensioner Pivot Reinforcement(\u00d71)(5-043) Tensioner Lever(\u00d71)(5-044) Screw M2x8(\u00d72)(7-121) Countersunk Screw M3\u00d716.2(\u00d71)(7-157) Bearing MR83ZZ(\u00d72)(7-170) Spacer3x\u03c65&#215;2.1(\u00d71)(7-192)<\/p>","protected":false},"featured_media":16188,"comment_status":"open","ping_status":"closed","template":"","meta":{"_eb_attr":""},"product_brand":[],"product_cat":[344,345],"product_tag":[],"class_list":["post-16189","product","type-product","status-publish","has-post-thumbnail","product_cat-omphobby-m5-spare-parts","product_cat-omphobby-m6-spare-parts","first","instock","taxable","shipping-taxable","purchasable","product-type-simple"],"jetpack_sharing_enabled":true,"_links":{"self":[{"href":"https:\/\/originhobbies.com\/fr\/wp-json\/wp\/v2\/product\/16189","targetHints":{"allow":["GET"]}}],"collection":[{"href":"https:\/\/originhobbies.com\/fr\/wp-json\/wp\/v2\/product"}],"about":[{"href":"https:\/\/originhobbies.com\/fr\/wp-json\/wp\/v2\/types\/product"}],"replies":[{"embeddable":true,"href":"https:\/\/originhobbies.com\/fr\/wp-json\/wp\/v2\/comments?post=16189"}],"wp:featuredmedia":[{"embeddable":true,"href":"https:\/\/originhobbies.com\/fr\/wp-json\/wp\/v2\/media\/16188"}],"wp:attachment":[{"href":"https:\/\/originhobbies.com\/fr\/wp-json\/wp\/v2\/media?parent=16189"}],"wp:term":[{"taxonomy":"product_brand","embeddable":true,"href":"https:\/\/originhobbies.com\/fr\/wp-json\/wp\/v2\/product_brand?post=16189"},{"taxonomy":"product_cat","embeddable":true,"href":"https:\/\/originhobbies.com\/fr\/wp-json\/wp\/v2\/product_cat?post=16189"},{"taxonomy":"product_tag","embeddable":true,"href":"https:\/\/originhobbies.com\/fr\/wp-json\/wp\/v2\/product_tag?post=16189"}],"curies":[{"name":"wp","href":"https:\/\/api.w.org\/{rel}","templated":true}]}}