{"id":16173,"date":"2025-04-19T22:28:19","date_gmt":"2025-04-19T20:28:19","guid":{"rendered":"http:\/\/originhobbies.com\/shop\/uncategorized\/oshm5025-omp-m5-m6-battery-quick-release\/"},"modified":"2026-04-06T01:05:02","modified_gmt":"2026-04-05T23:05:02","slug":"oshm5025-omp-m5-m6-battery-quick-release","status":"publish","type":"product","link":"https:\/\/originhobbies.com\/fr\/shop\/helicopter-parts\/omphobby-spare-parts\/omphobby-m5-spare-parts\/oshm5025-omp-m5-m6-battery-quick-release\/","title":{"rendered":"OSHM5025 OMP M5, M6 Battery Quick Release"},"content":{"rendered":"<p>Battery Quick Release for OMPHobby M5, M6 Helicopter, OSHM5025<\/p>\n<h4>Comprend<\/h4>\n<p>Quick release Knob(\u00d71)(7-041)<br \/>\nQuick release Base(\u00d71)(7-042)<br \/>\nQuick release Pin(\u00d71)(5-052)<br \/>\nQuick release Spring(\u00d71)(7-060)<br \/>\nButton Head Screw M2.5\u00d76(\u00d71)(7-146) Washer \u03c62.5x\u03c67&#215;1(\u00d71)(7-194)<\/p>","protected":false},"excerpt":{"rendered":"<p>Battery Quick Release for OMPHobby M5, M6 Helicopter, OSHM5025 Includes Quick release Knob(\u00d71)(7-041) Quick release Base(\u00d71)(7-042) Quick release Pin(\u00d71)(5-052) Quick release Spring(\u00d71)(7-060) Button Head Screw M2.5\u00d76(\u00d71)(7-146) Washer \u03c62.5x\u03c67&#215;1(\u00d71)(7-194)<\/p>","protected":false},"featured_media":16172,"comment_status":"open","ping_status":"closed","template":"","meta":{"_eb_attr":""},"product_brand":[],"product_cat":[344,345],"product_tag":[],"class_list":{"0":"post-16173","1":"product","2":"type-product","3":"status-publish","4":"has-post-thumbnail","6":"product_cat-omphobby-m5-spare-parts","7":"product_cat-omphobby-m6-spare-parts","9":"first","10":"instock","11":"taxable","12":"shipping-taxable","13":"purchasable","14":"product-type-simple"},"jetpack_sharing_enabled":true,"_links":{"self":[{"href":"https:\/\/originhobbies.com\/fr\/wp-json\/wp\/v2\/product\/16173","targetHints":{"allow":["GET"]}}],"collection":[{"href":"https:\/\/originhobbies.com\/fr\/wp-json\/wp\/v2\/product"}],"about":[{"href":"https:\/\/originhobbies.com\/fr\/wp-json\/wp\/v2\/types\/product"}],"replies":[{"embeddable":true,"href":"https:\/\/originhobbies.com\/fr\/wp-json\/wp\/v2\/comments?post=16173"}],"wp:featuredmedia":[{"embeddable":true,"href":"https:\/\/originhobbies.com\/fr\/wp-json\/wp\/v2\/media\/16172"}],"wp:attachment":[{"href":"https:\/\/originhobbies.com\/fr\/wp-json\/wp\/v2\/media?parent=16173"}],"wp:term":[{"taxonomy":"product_brand","embeddable":true,"href":"https:\/\/originhobbies.com\/fr\/wp-json\/wp\/v2\/product_brand?post=16173"},{"taxonomy":"product_cat","embeddable":true,"href":"https:\/\/originhobbies.com\/fr\/wp-json\/wp\/v2\/product_cat?post=16173"},{"taxonomy":"product_tag","embeddable":true,"href":"https:\/\/originhobbies.com\/fr\/wp-json\/wp\/v2\/product_tag?post=16173"}],"curies":[{"name":"wp","href":"https:\/\/api.w.org\/{rel}","templated":true}]}}