{"id":14134,"date":"2024-12-14T21:16:11","date_gmt":"2024-12-14T19:16:11","guid":{"rendered":"http:\/\/originhobbies.com\/?post_type=product&#038;p=14134"},"modified":"2026-04-06T01:05:13","modified_gmt":"2026-04-05T23:05:13","slug":"omp-m2-evo-mk2-rc-helicopter-rtf-combo","status":"publish","type":"product","link":"https:\/\/originhobbies.com\/fr\/shop\/rc-helicopters\/helicopter-rtf-bnf-kits\/omp-m2-evo-mk2-rc-helicopter-rtf-combo\/","title":{"rendered":"OMP M2 Evo MK2 RC Helicopter RTF Combo"},"content":{"rendered":"<p>OMPHobby M2 EVO MK2 is available with the revolutionary OMPHobby Flight System 3 (OFS3).<\/p>\n<p><img loading=\"lazy\" decoding=\"async\" class=\"alignnone wp-image-14109 size-large\" src=\"https:\/\/originhobbies.com\/wp-content\/uploads\/2024\/12\/omp-mk2-pc-1-749x1024.jpg\" alt=\"\" width=\"749\" height=\"1024\" srcset=\"https:\/\/originhobbies.com\/wp-content\/uploads\/2024\/12\/omp-mk2-pc-1-749x1024.jpg 749w, https:\/\/originhobbies.com\/wp-content\/uploads\/2024\/12\/omp-mk2-pc-1-219x300.jpg 219w, https:\/\/originhobbies.com\/wp-content\/uploads\/2024\/12\/omp-mk2-pc-1-768x1051.jpg 768w, https:\/\/originhobbies.com\/wp-content\/uploads\/2024\/12\/omp-mk2-pc-1-50x68.jpg 50w, https:\/\/originhobbies.com\/wp-content\/uploads\/2024\/12\/omp-mk2-pc-1-1123x1536.jpg 1123w, https:\/\/originhobbies.com\/wp-content\/uploads\/2024\/12\/omp-mk2-pc-1-1497x2048.jpg 1497w, https:\/\/originhobbies.com\/wp-content\/uploads\/2024\/12\/omp-mk2-pc-1-9x12.jpg 9w, https:\/\/originhobbies.com\/wp-content\/uploads\/2024\/12\/omp-mk2-pc-1-416x569.jpg 416w, https:\/\/originhobbies.com\/wp-content\/uploads\/2024\/12\/omp-mk2-pc-1.jpg 1500w\" sizes=\"auto, (max-width: 749px) 100vw, 749px\" \/><\/p>\n<hr \/>\n<p><span style=\"color: #ff0000;\">ATTENTION!<\/span> Il ne s'agit pas d'un jouet. Une utilisation incorrecte peut entra\u00eener des blessures graves. Il est recommand\u00e9 d'utiliser un simulateur RC avant d'essayer de faire voler ce mod\u00e8le. Ne convient pas aux enfants.<br \/>\n<a href=\"https:\/\/originhobbies.com\/fr\/legal-disclaimer\/\">Lire plus!<\/a><\/p>\n<div>\n<hr \/>\n<h4>OMPHobby Flight System 3 (OFS3)<\/h4>\n<p>Two years of development, thousands of rigorous test flights, and feedback from the best of the best have led to the pinnacle of micro RC helicopter flight control technology.<\/p>\n<p><img loading=\"lazy\" decoding=\"async\" class=\"alignnone wp-image-14110 size-large\" src=\"https:\/\/originhobbies.com\/wp-content\/uploads\/2024\/12\/omp-mk2-pc-2-e1734188368511-1024x760.jpg\" alt=\"\" width=\"980\" height=\"727\" srcset=\"https:\/\/originhobbies.com\/wp-content\/uploads\/2024\/12\/omp-mk2-pc-2-e1734188368511-1024x760.jpg 1024w, https:\/\/originhobbies.com\/wp-content\/uploads\/2024\/12\/omp-mk2-pc-2-e1734188368511-300x223.jpg 300w, https:\/\/originhobbies.com\/wp-content\/uploads\/2024\/12\/omp-mk2-pc-2-e1734188368511-768x570.jpg 768w, https:\/\/originhobbies.com\/wp-content\/uploads\/2024\/12\/omp-mk2-pc-2-e1734188368511-50x37.jpg 50w, https:\/\/originhobbies.com\/wp-content\/uploads\/2024\/12\/omp-mk2-pc-2-e1734188368511-1536x1141.jpg 1536w, https:\/\/originhobbies.com\/wp-content\/uploads\/2024\/12\/omp-mk2-pc-2-e1734188368511-16x12.jpg 16w, https:\/\/originhobbies.com\/wp-content\/uploads\/2024\/12\/omp-mk2-pc-2-e1734188368511-416x309.jpg 416w, https:\/\/originhobbies.com\/wp-content\/uploads\/2024\/12\/omp-mk2-pc-2-e1734188368511-1600x1188.jpg 1600w, https:\/\/originhobbies.com\/wp-content\/uploads\/2024\/12\/omp-mk2-pc-2-e1734188368511.jpg 2016w\" sizes=\"auto, (max-width: 980px) 100vw, 980px\" \/><\/p>\n<h4>Video<\/h4>\n<p><iframe loading=\"lazy\" title=\"OMPHOBBY M2 EVO MK2 &amp; OFS3! Bluetooth, Telemetry, Next Level 3D Performance and More!\" width=\"980\" height=\"551\" src=\"https:\/\/www.youtube.com\/embed\/HUe3-_EARPc?feature=oembed\" frameborder=\"0\" allow=\"accelerometer; autoplay; clipboard-write; encrypted-media; gyroscope; picture-in-picture; web-share\" referrerpolicy=\"strict-origin-when-cross-origin\" allowfullscreen><\/iframe><\/p>\n<h4>Configurable with Smartphone app or buttons<\/h4>\n<p>With the <strong>included Bluetooth module<\/strong> and Smartphone app can access every parameter that makes OFS3 fly such as PIDF and TALY gains, rates, deadbands, filters and much more.<br \/>\nA simplified LED tuning setup like on the previous generation OFS is also available.<\/p>\n<p><img loading=\"lazy\" decoding=\"async\" class=\"alignnone wp-image-14123 size-large\" src=\"https:\/\/originhobbies.com\/wp-content\/uploads\/2024\/12\/omp-mk2-pc-3-1024x516.jpg\" alt=\"\" width=\"980\" height=\"494\" srcset=\"https:\/\/originhobbies.com\/wp-content\/uploads\/2024\/12\/omp-mk2-pc-3-1024x516.jpg 1024w, https:\/\/originhobbies.com\/wp-content\/uploads\/2024\/12\/omp-mk2-pc-3-300x151.jpg 300w, https:\/\/originhobbies.com\/wp-content\/uploads\/2024\/12\/omp-mk2-pc-3-768x387.jpg 768w, https:\/\/originhobbies.com\/wp-content\/uploads\/2024\/12\/omp-mk2-pc-3-50x25.jpg 50w, https:\/\/originhobbies.com\/wp-content\/uploads\/2024\/12\/omp-mk2-pc-3-18x9.jpg 18w, https:\/\/originhobbies.com\/wp-content\/uploads\/2024\/12\/omp-mk2-pc-3-416x210.jpg 416w, https:\/\/originhobbies.com\/wp-content\/uploads\/2024\/12\/omp-mk2-pc-3.jpg 1290w\" sizes=\"auto, (max-width: 980px) 100vw, 980px\" \/><\/p>\n<p><img loading=\"lazy\" decoding=\"async\" class=\"alignnone wp-image-14169 size-thumbnail\" src=\"https:\/\/originhobbies.com\/wp-content\/uploads\/2024\/12\/omphobby_app-150x150.jpg\" alt=\"\" width=\"150\" height=\"150\" srcset=\"https:\/\/originhobbies.com\/wp-content\/uploads\/2024\/12\/omphobby_app-150x150.jpg 150w, https:\/\/originhobbies.com\/wp-content\/uploads\/2024\/12\/omphobby_app-50x50.jpg 50w, https:\/\/originhobbies.com\/wp-content\/uploads\/2024\/12\/omphobby_app-12x12.jpg 12w, https:\/\/originhobbies.com\/wp-content\/uploads\/2024\/12\/omphobby_app-100x100.jpg 100w, https:\/\/originhobbies.com\/wp-content\/uploads\/2024\/12\/omphobby_app.jpg 230w\" sizes=\"auto, (max-width: 150px) 100vw, 150px\" \/><\/p>\n<p><strong>IOs App:<\/strong> <a href=\"https:\/\/apps.apple.com\/us\/app\/omphobby\/id6447233080\" rel=\"nofollow noopener\" target=\"_blank\">https:\/\/apps.apple.com\/us\/app\/omphobby\/id6447233080<\/a><br \/>\n<strong>Android App:<\/strong> <a href=\"https:\/\/play.google.com\/store\/apps\/details?id=com.omphobby.control\" rel=\"nofollow noopener\" target=\"_blank\">https:\/\/play.google.com\/store\/apps\/details?id=com.omphobby.control<\/a><\/p>\n<h4>Telemetry Support*<\/h4>\n<p>Full voltage and mAh telemetry lets you enjoy each and every flight to the fullest.<br \/>\n*NOTE: Telemetry is supported only on ELRS port. Currently ELRS, Crossfire and Tracer receivers can be used for telemetry. Future Telemetry support maybe added for other receivers with firmware upgrade.<\/p>\n<p><img loading=\"lazy\" decoding=\"async\" class=\"alignnone size-full wp-image-14122\" src=\"https:\/\/originhobbies.com\/wp-content\/uploads\/2024\/12\/omp-mk2-pc-4.jpg\" alt=\"\" width=\"614\" height=\"376\" srcset=\"https:\/\/originhobbies.com\/wp-content\/uploads\/2024\/12\/omp-mk2-pc-4.jpg 614w, https:\/\/originhobbies.com\/wp-content\/uploads\/2024\/12\/omp-mk2-pc-4-300x184.jpg 300w, https:\/\/originhobbies.com\/wp-content\/uploads\/2024\/12\/omp-mk2-pc-4-50x31.jpg 50w, https:\/\/originhobbies.com\/wp-content\/uploads\/2024\/12\/omp-mk2-pc-4-18x12.jpg 18w, https:\/\/originhobbies.com\/wp-content\/uploads\/2024\/12\/omp-mk2-pc-4-416x255.jpg 416w\" sizes=\"auto, (max-width: 614px) 100vw, 614px\" \/><\/p>\n<h4>Improved Vibration Resistance<\/h4>\n<p>New filter algorithms improve OFS3&#8217;s vibration resistance and are user adjustable for the harshest conditions.<\/p>\n<p><img loading=\"lazy\" decoding=\"async\" class=\"alignnone wp-image-14121\" src=\"https:\/\/originhobbies.com\/wp-content\/uploads\/2024\/12\/omp-mk2-pc-6.jpg\" alt=\"\" width=\"620\" height=\"430\" srcset=\"https:\/\/originhobbies.com\/wp-content\/uploads\/2024\/12\/omp-mk2-pc-6.jpg 608w, https:\/\/originhobbies.com\/wp-content\/uploads\/2024\/12\/omp-mk2-pc-6-300x208.jpg 300w, https:\/\/originhobbies.com\/wp-content\/uploads\/2024\/12\/omp-mk2-pc-6-50x35.jpg 50w, https:\/\/originhobbies.com\/wp-content\/uploads\/2024\/12\/omp-mk2-pc-6-18x12.jpg 18w, https:\/\/originhobbies.com\/wp-content\/uploads\/2024\/12\/omp-mk2-pc-6-416x289.jpg 416w\" sizes=\"auto, (max-width: 620px) 100vw, 620px\" \/><\/p>\n<h4>Simplified Flight Setup<\/h4>\n<p>Optional software Throttle mode makes setting up throttle curve mixes obsolete. Simply assign a 3-position switch and define your throttle values in the OMPHOBBY app.<\/p>\n<p><img loading=\"lazy\" decoding=\"async\" class=\"alignnone wp-image-14124\" src=\"https:\/\/originhobbies.com\/wp-content\/uploads\/2024\/12\/omp-mk2-pc-5.jpg\" alt=\"\" width=\"619\" height=\"423\" srcset=\"https:\/\/originhobbies.com\/wp-content\/uploads\/2024\/12\/omp-mk2-pc-5.jpg 632w, https:\/\/originhobbies.com\/wp-content\/uploads\/2024\/12\/omp-mk2-pc-5-300x205.jpg 300w, https:\/\/originhobbies.com\/wp-content\/uploads\/2024\/12\/omp-mk2-pc-5-50x34.jpg 50w, https:\/\/originhobbies.com\/wp-content\/uploads\/2024\/12\/omp-mk2-pc-5-18x12.jpg 18w, https:\/\/originhobbies.com\/wp-content\/uploads\/2024\/12\/omp-mk2-pc-5-416x284.jpg 416w\" sizes=\"auto, (max-width: 619px) 100vw, 619px\" \/><\/p>\n<h4>Optimized Geometry<\/h4>\n<p>A new swashplate geometry allows larger cyclic deflections giving more control authority than ever before.<\/p>\n<p><img loading=\"lazy\" decoding=\"async\" class=\"alignnone size-full wp-image-14120\" src=\"https:\/\/originhobbies.com\/wp-content\/uploads\/2024\/12\/omp-mk2-pc-7.jpg\" alt=\"\" width=\"620\" height=\"490\" srcset=\"https:\/\/originhobbies.com\/wp-content\/uploads\/2024\/12\/omp-mk2-pc-7.jpg 620w, https:\/\/originhobbies.com\/wp-content\/uploads\/2024\/12\/omp-mk2-pc-7-300x237.jpg 300w, https:\/\/originhobbies.com\/wp-content\/uploads\/2024\/12\/omp-mk2-pc-7-50x40.jpg 50w, https:\/\/originhobbies.com\/wp-content\/uploads\/2024\/12\/omp-mk2-pc-7-15x12.jpg 15w, https:\/\/originhobbies.com\/wp-content\/uploads\/2024\/12\/omp-mk2-pc-7-416x329.jpg 416w\" sizes=\"auto, (max-width: 620px) 100vw, 620px\" \/><\/p>\n<h4>Stellar Tail performance<\/h4>\n<p>With its vastly improved second-generation TALY algorithm, OFS3&#8217;s tail control performance rivals variable pitch tails.<\/p>\n<p><img loading=\"lazy\" decoding=\"async\" class=\"alignnone wp-image-14119\" src=\"https:\/\/originhobbies.com\/wp-content\/uploads\/2024\/12\/omp-mk2-pc-8.jpg\" alt=\"\" width=\"620\" height=\"502\" srcset=\"https:\/\/originhobbies.com\/wp-content\/uploads\/2024\/12\/omp-mk2-pc-8.jpg 610w, https:\/\/originhobbies.com\/wp-content\/uploads\/2024\/12\/omp-mk2-pc-8-300x243.jpg 300w, https:\/\/originhobbies.com\/wp-content\/uploads\/2024\/12\/omp-mk2-pc-8-50x40.jpg 50w, https:\/\/originhobbies.com\/wp-content\/uploads\/2024\/12\/omp-mk2-pc-8-15x12.jpg 15w, https:\/\/originhobbies.com\/wp-content\/uploads\/2024\/12\/omp-mk2-pc-8-416x337.jpg 416w\" sizes=\"auto, (max-width: 620px) 100vw, 620px\" \/><\/p>\n<h4>Power Upgrade<\/h4>\n<p>A new larger main motor with increased Kv boosts both power and yaw authority for even the craziest of 3D flights.<\/p>\n<p><img loading=\"lazy\" decoding=\"async\" class=\"alignnone wp-image-14118\" src=\"https:\/\/originhobbies.com\/wp-content\/uploads\/2024\/12\/omp-mk2-pc-9.jpg\" alt=\"\" width=\"620\" height=\"552\" srcset=\"https:\/\/originhobbies.com\/wp-content\/uploads\/2024\/12\/omp-mk2-pc-9.jpg 602w, https:\/\/originhobbies.com\/wp-content\/uploads\/2024\/12\/omp-mk2-pc-9-300x267.jpg 300w, https:\/\/originhobbies.com\/wp-content\/uploads\/2024\/12\/omp-mk2-pc-9-50x45.jpg 50w, https:\/\/originhobbies.com\/wp-content\/uploads\/2024\/12\/omp-mk2-pc-9-13x12.jpg 13w, https:\/\/originhobbies.com\/wp-content\/uploads\/2024\/12\/omp-mk2-pc-9-416x370.jpg 416w\" sizes=\"auto, (max-width: 620px) 100vw, 620px\" \/><\/p>\n<h4><strong><a href=\"https:\/\/originhobbies.com\/fr\/shop\/helicopter-parts\/omp-m2-parts\/omphobby-m2-swash-leveling-tool\/\">M2 Swash leveling tool<\/a> fourni gratuitement avec chaque h\u00e9licopt\u00e8re M2 !<\/strong><\/h4>\n<p><img loading=\"lazy\" decoding=\"async\" class=\"wp-image-4825 alignleft\" src=\"https:\/\/originhobbies.com\/wp-content\/uploads\/2022\/09\/oh-m2-swash-tool5-300x300.jpg\" alt=\"OMPHobby M2 Swash leveling tool\" width=\"219\" height=\"219\" srcset=\"https:\/\/originhobbies.com\/wp-content\/uploads\/2022\/09\/oh-m2-swash-tool5-300x300.jpg 300w, https:\/\/originhobbies.com\/wp-content\/uploads\/2022\/09\/oh-m2-swash-tool5-150x150.jpg 150w, https:\/\/originhobbies.com\/wp-content\/uploads\/2022\/09\/oh-m2-swash-tool5-12x12.jpg 12w, https:\/\/originhobbies.com\/wp-content\/uploads\/2022\/09\/oh-m2-swash-tool5-324x324.jpg 324w, https:\/\/originhobbies.com\/wp-content\/uploads\/2022\/09\/oh-m2-swash-tool5-416x416.jpg 416w, https:\/\/originhobbies.com\/wp-content\/uploads\/2022\/09\/oh-m2-swash-tool5-100x100.jpg 100w, https:\/\/originhobbies.com\/wp-content\/uploads\/2022\/09\/oh-m2-swash-tool5.jpg 700w\" sizes=\"auto, (max-width: 219px) 100vw, 219px\" \/><\/p>\n<h4>Contenu<\/h4>\n<ul>\n<li>1x Helicopter<\/li>\n<li>1x LiPo Battery 750mAh<\/li>\n<li>1x <strong>Bluetooth<\/strong> module<\/li>\n<li>1x Radio Transmitter<\/li>\n<li>1x Radio Receiver<\/li>\n<li>1x swash leveling tool<\/li>\n<li>1x spare Feathering shaft<\/li>\n<li>1x spare Main shaft<\/li>\n<li>3x servo arms<\/li>\n<li>3x zip ties<\/li>\n<li>1x Instruction leaflet<\/li>\n<li>1x EPP box<\/li>\n<li>1x OriginHobbies Shop setup and Flight test sheet<\/li>\n<li>1x OriginHobbies 3D printed swash leveling tool<\/li>\n<\/ul>\n<h4>Recommended receivers<\/h4>\n<ul>\n<li>ELRS protocol:\n<ul>\n<li><a href=\"https:\/\/originhobbies.com\/fr\/shop\/radio-control\/radio-receivers\/radiomaster-xr2-nano-2-4ghz-expresslrs-receiver-elrs-lbt\/\">Radiomaster XR2<\/a> (Full Telemetry supported)<\/li>\n<\/ul>\n<\/li>\n<\/ul>\n<h4>Compatible receivers<\/h4>\n<ul>\n<li>For 4-in-1 multi-protocol:<a href=\"https:\/\/originhobbies.com\/fr\/shop\/radio-control\/radio-receivers\/frsky-archer-plus-rs-mini-receiver-with-telemetry-24ch-access-accst-d16\/\"> Archer Plus RS mini<\/a> (Telemetry not currently supported but could be supported in the future)<\/li>\n<li>Futaba S-FHSS:<a href=\"https:\/\/originhobbies.com\/fr\/shop\/radio-control\/radio-receivers\/oshm2055-omp-m2-m1-futaba-satellite-receiver-futaba\/\"> OSHM2055<\/a> (no telemetry)<\/li>\n<li>Spektrum DSMX\/DSM2:<a href=\"https:\/\/originhobbies.com\/fr\/shop\/radio-control\/radio-receivers\/kensun-dsm2-dsmx-nano-satellite-receiver-with-bind-button\/\"> Kensun DSM2 \/ OSHM2345<\/a> (no telemetry)<\/li>\n<\/ul>\n<h4>T\u00e9l\u00e9chargements<\/h4>\n<ul>\n<li><a href=\"https:\/\/originhobbies.com\/wp-content\/uploads\/OMPHOBBY_OFS3_User_Guide.pdf\">OMP Flight System 3 (OFS3) user guide<\/a><\/li>\n<li>Smartphone OMPHobby App<br \/>\n<strong>IOs:<\/strong> <a href=\"https:\/\/apps.apple.com\/us\/app\/omphobby\/id6447233080\" rel=\"nofollow noopener\" target=\"_blank\">https:\/\/apps.apple.com\/us\/app\/omphobby\/id6447233080<\/a><br \/>\n<strong>Android:<\/strong> <a href=\"https:\/\/play.google.com\/store\/apps\/details?id=com.omphobby.control\" rel=\"nofollow noopener\" target=\"_blank\">https:\/\/play.google.com\/store\/apps\/details?id=com.omphobby.control<\/a><\/li>\n<li>OMP M2 Evo Mk2 User Manual<\/li>\n<li><a href=\"https:\/\/originhobbies.com\/fr\/omphobby-m1-m2-evo-rtf-user-guides\/\">OriginHobbies RTF User guides (Boxer \/ TX12 \/ TX16S \/ Zorro)<\/a><\/li>\n<li><a href=\"https:\/\/originhobbies.com\/fr\/radio-setup-guides-for-omphobby-m2-omp-m1\/\">Radio Setup guides (Boxer \/ TX12 \/ TX16S \/ Zorro \/ Futaba T18SZ)<\/a><\/li>\n<li><a href=\"https:\/\/originhobbies.com\/fr\/omphobby-m2-evo-spare-part-list\/\">OMP M2 EVO Spare Parts list<\/a><\/li>\n<\/ul>\n<\/div>","protected":false},"excerpt":{"rendered":"<p>OMPHobby M2 EVO MK2 is available with the revolutionary OMPHobby Flight System 3 (OFS3). WARNING! This is not a Toy. Improper usage can result is serious injury. RC Simulator practice is recommended before attempting to fly this model. Not suitable for children. Read more! OMPHobby Flight System 3 (OFS3) Two years of development, thousands of [&hellip;]<\/p>\n","protected":false},"featured_media":17662,"comment_status":"open","ping_status":"closed","template":"","meta":{"_eb_attr":""},"product_brand":[],"product_cat":[23,124],"product_tag":[],"class_list":{"0":"post-14134","1":"product","2":"type-product","3":"status-publish","4":"has-post-thumbnail","6":"product_cat-helicopter-rtf-bnf-kits","7":"product_cat-rc-helicopters","9":"first","10":"discontinued","11":"taxable","12":"shipping-taxable","13":"product-type-simple"},"jetpack_sharing_enabled":true,"_links":{"self":[{"href":"https:\/\/originhobbies.com\/fr\/wp-json\/wp\/v2\/product\/14134","targetHints":{"allow":["GET"]}}],"collection":[{"href":"https:\/\/originhobbies.com\/fr\/wp-json\/wp\/v2\/product"}],"about":[{"href":"https:\/\/originhobbies.com\/fr\/wp-json\/wp\/v2\/types\/product"}],"replies":[{"embeddable":true,"href":"https:\/\/originhobbies.com\/fr\/wp-json\/wp\/v2\/comments?post=14134"}],"wp:featuredmedia":[{"embeddable":true,"href":"https:\/\/originhobbies.com\/fr\/wp-json\/wp\/v2\/media\/17662"}],"wp:attachment":[{"href":"https:\/\/originhobbies.com\/fr\/wp-json\/wp\/v2\/media?parent=14134"}],"wp:term":[{"taxonomy":"product_brand","embeddable":true,"href":"https:\/\/originhobbies.com\/fr\/wp-json\/wp\/v2\/product_brand?post=14134"},{"taxonomy":"product_cat","embeddable":true,"href":"https:\/\/originhobbies.com\/fr\/wp-json\/wp\/v2\/product_cat?post=14134"},{"taxonomy":"product_tag","embeddable":true,"href":"https:\/\/originhobbies.com\/fr\/wp-json\/wp\/v2\/product_tag?post=14134"}],"curies":[{"name":"wp","href":"https:\/\/api.w.org\/{rel}","templated":true}]}}