{"id":1187,"date":"2021-09-03T15:00:39","date_gmt":"2021-09-03T13:00:39","guid":{"rendered":"http:\/\/originhobbies.com\/?post_type=product&#038;p=1187"},"modified":"2026-04-06T01:06:57","modified_gmt":"2026-04-05T23:06:57","slug":"radiomaster-tx16s-carry-case-medium","status":"publish","type":"product","link":"https:\/\/originhobbies.com\/fr\/shop\/radio-control\/radio-transmitters-receivers\/radiomaster-tx16s-accessories\/radiomaster-tx16s-carry-case-medium\/","title":{"rendered":"\u00c9tui de transport RadioMaster TX16S \u2013 Moyen"},"content":{"rendered":"<p>Mallette de transport Radiomaster TX16s \u2013 Taille moyenne.<\/p>\n<p>Gardez votre TX16 en s\u00e9curit\u00e9 avec style gr\u00e2ce \u00e0 l&#039;\u00e9tui de transport officiel RadioMaster. Cet \u00e9tui transportera votre radio et d&#039;autres accessoires tels que des lunettes FPV pour \u00e9conomiser de l&#039;espace et a fi\u00e8re allure. La doublure interne est douce et rembourr\u00e9e pour \u00e9viter les rayures et prot\u00e9ger la radio. Le haut de l&#039;\u00e9tui a une section zipp\u00e9e pour ranger les accessoires.<\/p>\n<h4>Sp\u00e9cification:<\/h4>\n<p>Nom de la marque: Radiomaster<br \/>\nNom de l&#039;article: \u00e9metteur sac \u00e0 main<br \/>\nPoids : 500g<br \/>\nTaille: 24x20x11cm (L*W*H)<br \/>\nCouleur : Gris<br \/>\nMat\u00e9riel: Tissu<\/p>\n<p><strong>Remarque : ** Convient aux radios avec poign\u00e9e rabattable uniquement (pas assez de hauteur pour la poign\u00e9e fixe). **<\/strong><\/p>\n<p>Vous pouvez facilement convertir une poign\u00e9e fixe en une poign\u00e9e pliante. D\u00e9couvrez la poign\u00e9e pliante dans les accessoires TX16S.<\/p>","protected":false},"excerpt":{"rendered":"<p>Taille moyenne<\/p>","protected":false},"featured_media":792,"comment_status":"open","ping_status":"closed","template":"","meta":{"_eb_attr":""},"product_brand":[],"product_cat":[53,239],"product_tag":[],"class_list":{"0":"post-1187","1":"product","2":"type-product","3":"status-publish","4":"has-post-thumbnail","6":"product_cat-radiomaster-tx16s-accessories","7":"product_cat-radiomaster-accessories","9":"first","10":"instock","11":"taxable","12":"shipping-taxable","13":"purchasable","14":"product-type-simple"},"jetpack_sharing_enabled":true,"_links":{"self":[{"href":"https:\/\/originhobbies.com\/fr\/wp-json\/wp\/v2\/product\/1187","targetHints":{"allow":["GET"]}}],"collection":[{"href":"https:\/\/originhobbies.com\/fr\/wp-json\/wp\/v2\/product"}],"about":[{"href":"https:\/\/originhobbies.com\/fr\/wp-json\/wp\/v2\/types\/product"}],"replies":[{"embeddable":true,"href":"https:\/\/originhobbies.com\/fr\/wp-json\/wp\/v2\/comments?post=1187"}],"wp:featuredmedia":[{"embeddable":true,"href":"https:\/\/originhobbies.com\/fr\/wp-json\/wp\/v2\/media\/792"}],"wp:attachment":[{"href":"https:\/\/originhobbies.com\/fr\/wp-json\/wp\/v2\/media?parent=1187"}],"wp:term":[{"taxonomy":"product_brand","embeddable":true,"href":"https:\/\/originhobbies.com\/fr\/wp-json\/wp\/v2\/product_brand?post=1187"},{"taxonomy":"product_cat","embeddable":true,"href":"https:\/\/originhobbies.com\/fr\/wp-json\/wp\/v2\/product_cat?post=1187"},{"taxonomy":"product_tag","embeddable":true,"href":"https:\/\/originhobbies.com\/fr\/wp-json\/wp\/v2\/product_tag?post=1187"}],"curies":[{"name":"wp","href":"https:\/\/api.w.org\/{rel}","templated":true}]}}