{"id":11440,"date":"2024-05-15T20:53:43","date_gmt":"2024-05-15T18:53:43","guid":{"rendered":"http:\/\/originhobbies.com\/shop\/uncategorized\/oshm7067-omp-m7-canopy-mounting-set\/"},"modified":"2026-04-06T01:05:36","modified_gmt":"2026-04-05T23:05:36","slug":"oshm7067-omp-m7-canopy-mounting-set","status":"publish","type":"product","link":"https:\/\/originhobbies.com\/fr\/shop\/helicopter-parts\/omphobby-spare-parts\/omphobby-m7-spare-parts\/oshm7067-omp-m7-canopy-mounting-set\/","title":{"rendered":"OSHM7067 OMP M7 Canopy Mounting set"},"content":{"rendered":"<p>Canopy Mounting set for OMPHobby M7 Helicopter, OSHM7067<\/p>\n<h4>Comprend<\/h4>\n<p>Canopy Mounting Posts (\u00d72) (7-034)<br \/>\nCrossmember 45mm (\u00d71) (7-017)<br \/>\nCanopy Ball Screw M2.5x\u03a65&#215;4 (\u00d72) (7-143)<br \/>\nButton Head Screw M3x6 (\u00d72) (7-150)<br \/>\nButton Head Screw M3x8 (\u00d72) (7-151)<br \/>\nCanopy Mount Sacrificial Plate (\u00d72) (7-010)<\/p>","protected":false},"excerpt":{"rendered":"<p>Canopy Mounting set for OMPHobby M7 Helicopter, OSHM7067 Includes Canopy Mounting Posts (\u00d72) (7-034) Crossmember 45mm (\u00d71) (7-017) Canopy Ball Screw M2.5x\u03a65&#215;4 (\u00d72) (7-143) Button Head Screw M3x6 (\u00d72) (7-150) Button Head Screw M3x8 (\u00d72) (7-151) Canopy Mount Sacrificial Plate (\u00d72) (7-010)<\/p>","protected":false},"featured_media":11439,"comment_status":"open","ping_status":"closed","template":"","meta":{"_eb_attr":""},"product_brand":[],"product_cat":[278,416],"product_tag":[],"class_list":{"0":"post-11440","1":"product","2":"type-product","3":"status-publish","4":"has-post-thumbnail","6":"product_cat-omphobby-m7-spare-parts","7":"product_cat-omphobby-m7r-spare-parts","9":"first","10":"instock","11":"taxable","12":"shipping-taxable","13":"purchasable","14":"product-type-simple"},"jetpack_sharing_enabled":true,"_links":{"self":[{"href":"https:\/\/originhobbies.com\/fr\/wp-json\/wp\/v2\/product\/11440","targetHints":{"allow":["GET"]}}],"collection":[{"href":"https:\/\/originhobbies.com\/fr\/wp-json\/wp\/v2\/product"}],"about":[{"href":"https:\/\/originhobbies.com\/fr\/wp-json\/wp\/v2\/types\/product"}],"replies":[{"embeddable":true,"href":"https:\/\/originhobbies.com\/fr\/wp-json\/wp\/v2\/comments?post=11440"}],"wp:featuredmedia":[{"embeddable":true,"href":"https:\/\/originhobbies.com\/fr\/wp-json\/wp\/v2\/media\/11439"}],"wp:attachment":[{"href":"https:\/\/originhobbies.com\/fr\/wp-json\/wp\/v2\/media?parent=11440"}],"wp:term":[{"taxonomy":"product_brand","embeddable":true,"href":"https:\/\/originhobbies.com\/fr\/wp-json\/wp\/v2\/product_brand?post=11440"},{"taxonomy":"product_cat","embeddable":true,"href":"https:\/\/originhobbies.com\/fr\/wp-json\/wp\/v2\/product_cat?post=11440"},{"taxonomy":"product_tag","embeddable":true,"href":"https:\/\/originhobbies.com\/fr\/wp-json\/wp\/v2\/product_tag?post=11440"}],"curies":[{"name":"wp","href":"https:\/\/api.w.org\/{rel}","templated":true}]}}