{"id":159,"date":"2021-06-06T14:33:50","date_gmt":"2021-06-06T12:33:50","guid":{"rendered":"http:\/\/originhobbies.com\/?page_id=159"},"modified":"2025-10-02T14:11:37","modified_gmt":"2025-10-02T12:11:37","slug":"a-propos-originhobbies","status":"publish","type":"page","link":"https:\/\/originhobbies.com\/fr\/about-originhobbies\/","title":{"rendered":"\u00c0 propos de nous"},"content":{"rendered":"<p class=\"wp-block-paragraph\">Nous stockons des mod\u00e8les d&#039;h\u00e9licopt\u00e8res RC de haute qualit\u00e9, des pi\u00e8ces de rechange et des syst\u00e8mes de contr\u00f4le radio. Nous exp\u00e9dions dans toute l&#039;UE.<\/p>\n\n\n\n<p class=\"wp-block-paragraph\">Nous sommes dans le hobby RC depuis plus de 10 ans et avons une vaste exp\u00e9rience dans la construction et le pilotage d&#039;h\u00e9licopt\u00e8res RC, d&#039;avions RC, de drones RC et de voitures RC. Parmi eux, nous aimons le plus les h\u00e9licopt\u00e8res RC. Malheureusement, les h\u00e9licopt\u00e8res RC ne sont plus populaires parmi les nouveaux amateurs car ils sont tr\u00e8s difficiles \u00e0 construire et encore plus difficiles \u00e0 piloter. L&#039;une des principales intentions de OriginHobbies est de faire vivre #keeprchelisalive en vous proposant d&#039;excellents mod\u00e8les et pi\u00e8ces de rechange.<\/p>\n\n\n\n<p class=\"wp-block-paragraph\">Nous sommes bas\u00e9s \u00e0 Espoo, en Finlande. Nous exp\u00e9dierons votre commande d\u00e8s que possible et vous fournirons toute l&#039;assistance dont vous pourriez avoir besoin avec votre mod\u00e8le. N&#039;h\u00e9sitez pas \u00e0 nous contacter et nous vous r\u00e9pondrons dans les plus brefs d\u00e9lais !<\/p>\n\n\n\n<p class=\"wp-block-paragraph\"><strong>OriginePasse-temps<\/strong> est une marque d\u00e9pos\u00e9e de <strong>Octal Oy<\/strong>.<br>Num\u00e9ro d&#039;entreprise\u00a0: 32253774<br>Num\u00e9ro de TVA : FI 32253774<\/p>\n\n\n\n<p class=\"wp-block-paragraph\"><strong>Informations de contact:<\/strong><\/p>\n\n\n\n<p class=\"wp-block-paragraph\"><strong>T\u00e9l\u00e9phone\/Whatsapp<\/strong>: +358-403286900<br><strong>E-mail<\/strong>: <a href=\"mailto:info@originhobbies.com\">info@originhobbies.com<\/a><br><strong>Adresse<\/strong>: Piilipuuntie 14 A 8, Espoo 02250, Finland<\/p>\n\n\n\n<p class=\"wp-block-paragraph\">Vous pouvez \u00e9galement cliquer sur les liens des r\u00e9seaux sociaux ci-dessous pour nous joindre.<\/p>\n\n\n\n<p class=\"wp-block-paragraph\">Cordialement,<br>OriginePasse-temps<\/p>","protected":false},"excerpt":{"rendered":"<p>We stock high quality RC Helicopter models, spare parts and radio control systems. We ship EU wide. We have been been in the RC hobby for over 10 years and have extensive experience building and flying RC helicopters, RC airplanes, RC drones and RC cars. Among them we love RC helicopters the most. Unfortunately, RC [&hellip;]<\/p>\n","protected":false},"author":1,"featured_media":0,"parent":0,"menu_order":0,"comment_status":"closed","ping_status":"closed","template":"","meta":{"_eb_attr":"","footnotes":""},"class_list":["post-159","page","type-page","status-publish","hentry"],"jetpack_sharing_enabled":true,"jetpack_shortlink":"https:\/\/wp.me\/Ph9vxs-2z","_links":{"self":[{"href":"https:\/\/originhobbies.com\/fr\/wp-json\/wp\/v2\/pages\/159","targetHints":{"allow":["GET"]}}],"collection":[{"href":"https:\/\/originhobbies.com\/fr\/wp-json\/wp\/v2\/pages"}],"about":[{"href":"https:\/\/originhobbies.com\/fr\/wp-json\/wp\/v2\/types\/page"}],"author":[{"embeddable":true,"href":"https:\/\/originhobbies.com\/fr\/wp-json\/wp\/v2\/users\/1"}],"replies":[{"embeddable":true,"href":"https:\/\/originhobbies.com\/fr\/wp-json\/wp\/v2\/comments?post=159"}],"version-history":[{"count":0,"href":"https:\/\/originhobbies.com\/fr\/wp-json\/wp\/v2\/pages\/159\/revisions"}],"wp:attachment":[{"href":"https:\/\/originhobbies.com\/fr\/wp-json\/wp\/v2\/media?parent=159"}],"curies":[{"name":"wp","href":"https:\/\/api.w.org\/{rel}","templated":true}]}}