{"id":9244,"date":"2023-10-28T15:15:03","date_gmt":"2023-10-28T12:15:03","guid":{"rendered":"http:\/\/originhobbies.com\/shop\/uncategorized\/oshm4x026-omp-m4-max-socket-cap-screw-m1-6x3mm\/"},"modified":"2026-04-28T15:52:49","modified_gmt":"2026-04-28T13:52:49","slug":"oshm4x026-omp-m4-max-socket-cap-screw-m1-6x3mm","status":"publish","type":"product","link":"https:\/\/originhobbies.com\/fi\/shop\/helicopter-parts\/omphobby-spare-parts\/omphobby-m4-max-spare-parts\/oshm4x026-omp-m4-max-socket-cap-screw-m1-6x3mm\/","title":{"rendered":"OSHM4X026 OMP M4 Max Socket cap screw M1.6x3mm"},"content":{"rendered":"<p>Socket cap screw M1.6x3mm for OMPHobby M4 Max Helicopter, OSHM4X026<\/p>\n<h4>Sis\u00e4lt\u00e4\u00e4<\/h4>\n<p>Round Head Hex Screw M1.6x3mm-8<\/p>","protected":false},"excerpt":{"rendered":"<p>Socket cap screw M1.6x3mm for OMPHobby M4 Max Helicopter, OSHM4X026 Includes Round Head Hex Screw M1.6x3mm-8<\/p>","protected":false},"featured_media":9554,"comment_status":"open","ping_status":"closed","template":"","meta":{"_eb_attr":""},"product_brand":[],"product_cat":[268],"product_tag":[],"class_list":["post-9244","product","type-product","status-publish","has-post-thumbnail","product_cat-omphobby-m4-max-spare-parts","first","instock","taxable","shipping-taxable","purchasable","product-type-simple"],"jetpack_sharing_enabled":true,"_links":{"self":[{"href":"https:\/\/originhobbies.com\/fi\/wp-json\/wp\/v2\/product\/9244","targetHints":{"allow":["GET"]}}],"collection":[{"href":"https:\/\/originhobbies.com\/fi\/wp-json\/wp\/v2\/product"}],"about":[{"href":"https:\/\/originhobbies.com\/fi\/wp-json\/wp\/v2\/types\/product"}],"replies":[{"embeddable":true,"href":"https:\/\/originhobbies.com\/fi\/wp-json\/wp\/v2\/comments?post=9244"}],"wp:featuredmedia":[{"embeddable":true,"href":"https:\/\/originhobbies.com\/fi\/wp-json\/wp\/v2\/media\/9554"}],"wp:attachment":[{"href":"https:\/\/originhobbies.com\/fi\/wp-json\/wp\/v2\/media?parent=9244"}],"wp:term":[{"taxonomy":"product_brand","embeddable":true,"href":"https:\/\/originhobbies.com\/fi\/wp-json\/wp\/v2\/product_brand?post=9244"},{"taxonomy":"product_cat","embeddable":true,"href":"https:\/\/originhobbies.com\/fi\/wp-json\/wp\/v2\/product_cat?post=9244"},{"taxonomy":"product_tag","embeddable":true,"href":"https:\/\/originhobbies.com\/fi\/wp-json\/wp\/v2\/product_tag?post=9244"}],"curies":[{"name":"wp","href":"https:\/\/api.w.org\/{rel}","templated":true}]}}