{"id":9230,"date":"2023-10-28T15:14:59","date_gmt":"2023-10-28T12:14:59","guid":{"rendered":"http:\/\/originhobbies.com\/shop\/uncategorized\/oshm4x032-omp-m4-max-71mm-tail-rotor-blade-set\/"},"modified":"2026-05-02T21:09:51","modified_gmt":"2026-05-02T19:09:51","slug":"oshm4x032-omp-m4-max-71mm-tail-rotor-blade-set","status":"publish","type":"product","link":"https:\/\/originhobbies.com\/fi\/shop\/helicopter-parts\/omphobby-spare-parts\/omphobby-m4-max-spare-parts\/oshm4x032-omp-m4-max-71mm-tail-rotor-blade-set\/","title":{"rendered":"OSHM4X032 OMP M4 Max Apex 71mm Tail Rotor blade set (4 pcs)"},"content":{"rendered":"<p>Apex 71mm Tail Rotor blade set for OMPHobby M4 Max Helicopter, OSHM4X032<\/p>\n<h4>Sis\u00e4lt\u00e4\u00e4<\/h4>\n<p>Apex 71mm Tail Rotor Blades-4<\/p>","protected":false},"excerpt":{"rendered":"<p>Apex 71mm Tail Rotor blade set for OMPHobby M4 Max Helicopter, OSHM4X032 Includes Apex 71mm Tail Rotor Blades-4<\/p>","protected":false},"featured_media":9721,"comment_status":"open","ping_status":"closed","template":"","meta":{"_eb_attr":""},"product_brand":[],"product_cat":[268],"product_tag":[],"class_list":{"0":"post-9230","1":"product","2":"type-product","3":"status-publish","4":"has-post-thumbnail","6":"product_cat-omphobby-m4-max-spare-parts","8":"first","9":"instock","10":"taxable","11":"shipping-taxable","12":"purchasable","13":"product-type-simple"},"jetpack_sharing_enabled":true,"_links":{"self":[{"href":"https:\/\/originhobbies.com\/fi\/wp-json\/wp\/v2\/product\/9230","targetHints":{"allow":["GET"]}}],"collection":[{"href":"https:\/\/originhobbies.com\/fi\/wp-json\/wp\/v2\/product"}],"about":[{"href":"https:\/\/originhobbies.com\/fi\/wp-json\/wp\/v2\/types\/product"}],"replies":[{"embeddable":true,"href":"https:\/\/originhobbies.com\/fi\/wp-json\/wp\/v2\/comments?post=9230"}],"wp:featuredmedia":[{"embeddable":true,"href":"https:\/\/originhobbies.com\/fi\/wp-json\/wp\/v2\/media\/9721"}],"wp:attachment":[{"href":"https:\/\/originhobbies.com\/fi\/wp-json\/wp\/v2\/media?parent=9230"}],"wp:term":[{"taxonomy":"product_brand","embeddable":true,"href":"https:\/\/originhobbies.com\/fi\/wp-json\/wp\/v2\/product_brand?post=9230"},{"taxonomy":"product_cat","embeddable":true,"href":"https:\/\/originhobbies.com\/fi\/wp-json\/wp\/v2\/product_cat?post=9230"},{"taxonomy":"product_tag","embeddable":true,"href":"https:\/\/originhobbies.com\/fi\/wp-json\/wp\/v2\/product_tag?post=9230"}],"curies":[{"name":"wp","href":"https:\/\/api.w.org\/{rel}","templated":true}]}}