{"id":9212,"date":"2023-10-28T15:14:55","date_gmt":"2023-10-28T12:14:55","guid":{"rendered":"http:\/\/originhobbies.com\/shop\/uncategorized\/oshm4x013-omp-m4-max-tail-pulley-flange-set-black\/"},"modified":"2026-04-06T01:05:49","modified_gmt":"2026-04-05T23:05:49","slug":"oshm4x013-omp-m4-max-tail-pulley-flange-set-black","status":"publish","type":"product","link":"https:\/\/originhobbies.com\/fi\/shop\/helicopter-parts\/omphobby-spare-parts\/omphobby-m4-max-spare-parts\/oshm4x013-omp-m4-max-tail-pulley-flange-set-black\/","title":{"rendered":"OSHM4X013 OMP M4 Max Tail Pulley Flange Set (Black)"},"content":{"rendered":"<p>Tail Pulley Flange Set (Black) for OMPHobby M4 Max Helicopter, OSHM4X013<\/p>\n<p>Discontinued: Now included in <a href=\"http:\/\/arts\/omphobby-m4-max-spare-parts\/oshm4x014-omp-m4-max-tail-pulley-22t-black\/\" rel=\"nofollow\">OSHM4x014<\/a><\/p>\n<h4>Sis\u00e4lt\u00e4\u00e4<\/h4>\n<p>Tail Pulley Limit Flange with Hole-1<br \/>\nTail Pulley Limit Flange-1<\/p>","protected":false},"excerpt":{"rendered":"<p>Tail Pulley Flange Set (Black) for OMPHobby M4 Max Helicopter, OSHM4X013 Discontinued: Now included in OSHM4x014 Includes Tail Pulley Limit Flange with Hole-1 Tail Pulley Limit Flange-1<\/p>","protected":false},"featured_media":9211,"comment_status":"open","ping_status":"closed","template":"","meta":{"_eb_attr":""},"product_brand":[],"product_cat":[268],"product_tag":[],"class_list":{"0":"post-9212","1":"product","2":"type-product","3":"status-publish","4":"has-post-thumbnail","6":"product_cat-omphobby-m4-max-spare-parts","8":"first","9":"outofstock","10":"taxable","11":"shipping-taxable","12":"purchasable","13":"product-type-simple"},"jetpack_sharing_enabled":true,"_links":{"self":[{"href":"https:\/\/originhobbies.com\/fi\/wp-json\/wp\/v2\/product\/9212","targetHints":{"allow":["GET"]}}],"collection":[{"href":"https:\/\/originhobbies.com\/fi\/wp-json\/wp\/v2\/product"}],"about":[{"href":"https:\/\/originhobbies.com\/fi\/wp-json\/wp\/v2\/types\/product"}],"replies":[{"embeddable":true,"href":"https:\/\/originhobbies.com\/fi\/wp-json\/wp\/v2\/comments?post=9212"}],"wp:featuredmedia":[{"embeddable":true,"href":"https:\/\/originhobbies.com\/fi\/wp-json\/wp\/v2\/media\/9211"}],"wp:attachment":[{"href":"https:\/\/originhobbies.com\/fi\/wp-json\/wp\/v2\/media?parent=9212"}],"wp:term":[{"taxonomy":"product_brand","embeddable":true,"href":"https:\/\/originhobbies.com\/fi\/wp-json\/wp\/v2\/product_brand?post=9212"},{"taxonomy":"product_cat","embeddable":true,"href":"https:\/\/originhobbies.com\/fi\/wp-json\/wp\/v2\/product_cat?post=9212"},{"taxonomy":"product_tag","embeddable":true,"href":"https:\/\/originhobbies.com\/fi\/wp-json\/wp\/v2\/product_tag?post=9212"}],"curies":[{"name":"wp","href":"https:\/\/api.w.org\/{rel}","templated":true}]}}