{"id":8763,"date":"2023-09-16T14:45:36","date_gmt":"2023-09-16T11:45:36","guid":{"rendered":"http:\/\/originhobbies.com\/?post_type=product&#038;p=8763"},"modified":"2026-04-06T01:06:00","modified_gmt":"2026-04-05T23:06:00","slug":"oshm4125-omphobby-tail-servo-gear-set-ds2312t","status":"publish","type":"product","link":"https:\/\/originhobbies.com\/fi\/shop\/helicopter-parts\/omphobby-spare-parts\/omphobby-m4-max-spare-parts\/oshm4125-omphobby-tail-servo-gear-set-ds2312t\/","title":{"rendered":"OSHM4125 OMPHobby Swash Servo Gear Set DS2312C"},"content":{"rendered":"<p>Swash servo gear set\u00a0 for OMPHobby DS2312C servo<\/p>\n<h4>Sis\u00e4lt\u00e4\u00e4<\/h4>\n<p>Servo gear set x1<br \/>\nRadioal bearings x2<\/p>","protected":false},"excerpt":{"rendered":"<p>Swash servo gear set\u00a0 for OMPHobby DS2312C servo Includes Servo gear set x1 Radioal bearings x2<\/p>","protected":false},"featured_media":8762,"comment_status":"open","ping_status":"closed","template":"","meta":{"_eb_attr":""},"product_brand":[],"product_cat":[268,199],"product_tag":[],"class_list":{"0":"post-8763","1":"product","2":"type-product","3":"status-publish","4":"has-post-thumbnail","6":"product_cat-omphobby-m4-max-spare-parts","7":"product_cat-omphobby-m4-spare-parts","9":"first","10":"instock","11":"taxable","12":"shipping-taxable","13":"purchasable","14":"product-type-simple"},"jetpack_sharing_enabled":true,"_links":{"self":[{"href":"https:\/\/originhobbies.com\/fi\/wp-json\/wp\/v2\/product\/8763","targetHints":{"allow":["GET"]}}],"collection":[{"href":"https:\/\/originhobbies.com\/fi\/wp-json\/wp\/v2\/product"}],"about":[{"href":"https:\/\/originhobbies.com\/fi\/wp-json\/wp\/v2\/types\/product"}],"replies":[{"embeddable":true,"href":"https:\/\/originhobbies.com\/fi\/wp-json\/wp\/v2\/comments?post=8763"}],"wp:featuredmedia":[{"embeddable":true,"href":"https:\/\/originhobbies.com\/fi\/wp-json\/wp\/v2\/media\/8762"}],"wp:attachment":[{"href":"https:\/\/originhobbies.com\/fi\/wp-json\/wp\/v2\/media?parent=8763"}],"wp:term":[{"taxonomy":"product_brand","embeddable":true,"href":"https:\/\/originhobbies.com\/fi\/wp-json\/wp\/v2\/product_brand?post=8763"},{"taxonomy":"product_cat","embeddable":true,"href":"https:\/\/originhobbies.com\/fi\/wp-json\/wp\/v2\/product_cat?post=8763"},{"taxonomy":"product_tag","embeddable":true,"href":"https:\/\/originhobbies.com\/fi\/wp-json\/wp\/v2\/product_tag?post=8763"}],"curies":[{"name":"wp","href":"https:\/\/api.w.org\/{rel}","templated":true}]}}