{"id":8602,"date":"2023-08-24T21:16:55","date_gmt":"2023-08-24T18:16:55","guid":{"rendered":"http:\/\/originhobbies.com\/?post_type=product&#038;p=8602"},"modified":"2026-04-06T01:06:00","modified_gmt":"2026-04-05T23:06:00","slug":"radiomaster-led-gimbal-set-white-for-tx16s-boxer","status":"publish","type":"product","link":"https:\/\/originhobbies.com\/fi\/shop\/radio-control\/radio-transmitters-receivers\/radiomaster-tx16s-accessories\/radiomaster-led-gimbal-set-white-for-tx16s-boxer\/","title":{"rendered":"Radiomaster LED Gimbal Set White for TX16S &#038; Boxer"},"content":{"rendered":"<p>This is the official RadioMaster gimbal LED mod set in White color. No soldering required easy plug-and-play install that will not void your warranty.<\/p>\n<h3>Video<\/h3>\n<div style=\"width: 980px;\" class=\"wp-video\"><video class=\"wp-video-shortcode\" id=\"video-8602-1\" width=\"980\" height=\"551\" preload=\"metadata\" controls=\"controls\"><source type=\"video\/mp4\" src=\"https:\/\/originhobbies.com\/wp-content\/uploads\/2023\/08\/led-gimbal-set-video.mp4?_=1\" \/><a href=\"https:\/\/originhobbies.com\/wp-content\/uploads\/2023\/08\/led-gimbal-set-video.mp4\">https:\/\/originhobbies.com\/wp-content\/uploads\/2023\/08\/led-gimbal-set-video.mp4<\/a><\/video><\/div>\n<h4>Installation method<\/h4>\n<p><img loading=\"lazy\" decoding=\"async\" class=\"alignnone size-full wp-image-8606\" src=\"https:\/\/originhobbies.com\/wp-content\/uploads\/2023\/08\/led-gimbal-set-4.jpg\" alt=\"\" width=\"600\" height=\"518\" srcset=\"https:\/\/originhobbies.com\/wp-content\/uploads\/2023\/08\/led-gimbal-set-4.jpg 600w, https:\/\/originhobbies.com\/wp-content\/uploads\/2023\/08\/led-gimbal-set-4-300x259.jpg 300w, https:\/\/originhobbies.com\/wp-content\/uploads\/2023\/08\/led-gimbal-set-4-14x12.jpg 14w, https:\/\/originhobbies.com\/wp-content\/uploads\/2023\/08\/led-gimbal-set-4-416x359.jpg 416w\" sizes=\"auto, (max-width: 600px) 100vw, 600px\" \/><\/p>\n<h4>Dimensions<\/h4>\n<p><img loading=\"lazy\" decoding=\"async\" class=\"alignnone size-full wp-image-8605\" src=\"https:\/\/originhobbies.com\/wp-content\/uploads\/2023\/08\/led-gimbal-set-3.jpg\" alt=\"\" width=\"600\" height=\"449\" srcset=\"https:\/\/originhobbies.com\/wp-content\/uploads\/2023\/08\/led-gimbal-set-3.jpg 600w, https:\/\/originhobbies.com\/wp-content\/uploads\/2023\/08\/led-gimbal-set-3-300x225.jpg 300w, https:\/\/originhobbies.com\/wp-content\/uploads\/2023\/08\/led-gimbal-set-3-16x12.jpg 16w, https:\/\/originhobbies.com\/wp-content\/uploads\/2023\/08\/led-gimbal-set-3-416x311.jpg 416w\" sizes=\"auto, (max-width: 600px) 100vw, 600px\" \/><\/p>\n<h4>Sis\u00e4lt\u00e4\u00e4:<\/h4>\n<ul>\n<li>2x LED Rings<\/li>\n<li>2x Gimbal mounts<\/li>\n<li>10x mounting screws<\/li>\n<\/ul>","protected":false},"excerpt":{"rendered":"<p>This is the official RadioMaster gimbal LED mod set in White color. No soldering required easy plug-and-play install that will not void your warranty. Video Installation method Dimensions Included: 2x LED Rings 2x Gimbal mounts 10x mounting screws<\/p>","protected":false},"featured_media":8603,"comment_status":"open","ping_status":"closed","template":"","meta":{"_eb_attr":""},"product_brand":[],"product_cat":[53,239,198],"product_tag":[],"class_list":["post-8602","product","type-product","status-publish","has-post-thumbnail","product_cat-radiomaster-tx16s-accessories","product_cat-radiomaster-accessories","product_cat-radiomaster-boxer-accessories","first","instock","taxable","shipping-taxable","purchasable","product-type-simple"],"jetpack_sharing_enabled":true,"_links":{"self":[{"href":"https:\/\/originhobbies.com\/fi\/wp-json\/wp\/v2\/product\/8602","targetHints":{"allow":["GET"]}}],"collection":[{"href":"https:\/\/originhobbies.com\/fi\/wp-json\/wp\/v2\/product"}],"about":[{"href":"https:\/\/originhobbies.com\/fi\/wp-json\/wp\/v2\/types\/product"}],"replies":[{"embeddable":true,"href":"https:\/\/originhobbies.com\/fi\/wp-json\/wp\/v2\/comments?post=8602"}],"wp:featuredmedia":[{"embeddable":true,"href":"https:\/\/originhobbies.com\/fi\/wp-json\/wp\/v2\/media\/8603"}],"wp:attachment":[{"href":"https:\/\/originhobbies.com\/fi\/wp-json\/wp\/v2\/media?parent=8602"}],"wp:term":[{"taxonomy":"product_brand","embeddable":true,"href":"https:\/\/originhobbies.com\/fi\/wp-json\/wp\/v2\/product_brand?post=8602"},{"taxonomy":"product_cat","embeddable":true,"href":"https:\/\/originhobbies.com\/fi\/wp-json\/wp\/v2\/product_cat?post=8602"},{"taxonomy":"product_tag","embeddable":true,"href":"https:\/\/originhobbies.com\/fi\/wp-json\/wp\/v2\/product_tag?post=8602"}],"curies":[{"name":"wp","href":"https:\/\/api.w.org\/{rel}","templated":true}]}}