{"id":800,"date":"2021-07-06T17:12:52","date_gmt":"2021-07-06T15:12:52","guid":{"rendered":"http:\/\/originhobbies.com\/?post_type=product&#038;p=800"},"modified":"2026-04-06T01:06:57","modified_gmt":"2026-04-05T23:06:57","slug":"radiomaster-tx16s-carry-case-large","status":"publish","type":"product","link":"https:\/\/originhobbies.com\/fi\/shop\/radio-control\/radio-transmitters-receivers\/radiomaster-tx16s-accessories\/radiomaster-tx16s-carry-case-large\/","title":{"rendered":"RadioMaster TX16S Carry Case &#8211; Large"},"content":{"rendered":"<p>Radiomaster TX16s Carry Case &#8211; Large size.<\/p>\n<p>Pid\u00e4 TX16 turvassa tyylikk\u00e4\u00e4sti virallisen RadioMaster -kantolaukun avulla. T\u00e4ss\u00e4 kotelossa on radio ja muut lis\u00e4varusteet, kuten FPV -suojalasit, mik\u00e4 s\u00e4\u00e4st\u00e4\u00e4 tilaa ja n\u00e4ytt\u00e4\u00e4 hyv\u00e4lt\u00e4. Sis\u00e4inen vuori on pehme\u00e4 ja pehmustettu est\u00e4m\u00e4\u00e4n naarmuja ja suojaamaan radiota. Kotelon yl\u00e4osassa on vetoketjullinen osa lis\u00e4varusteiden s\u00e4ilytt\u00e4mist\u00e4 varten.<\/p>\n<h4>Erittely:<\/h4>\n<p>Tuotemerkki: Radiomaster<br \/>\nTuotenimi: L\u00e4hettimen k\u00e4silaukku<br \/>\nPaino: 800 g<br \/>\nKoko: 33 x 23,5 x 12 cm (P*L*K)<br \/>\nV\u00e4ri: Harmaa<br \/>\nMateriaali: Kangas<\/p>\n<p><strong>Huomautus: ** Sopii vain radioille, joissa on taitettava kahva (ei tarpeeksi korkeutta kiinte\u00e4lle kahvalle). **<\/strong><\/p>\n<p>Voit helposti muuntaa kiinte\u00e4n kahvan taitettavaksi. Tarkista TX16S -lis\u00e4varusteiden taittokahva.<\/p>","protected":false},"excerpt":{"rendered":"<p>Koko: Suuri<\/p>","protected":false},"featured_media":802,"comment_status":"open","ping_status":"closed","template":"","meta":{"_eb_attr":""},"product_brand":[],"product_cat":[53,239],"product_tag":[],"class_list":["post-800","product","type-product","status-publish","has-post-thumbnail","product_cat-radiomaster-tx16s-accessories","product_cat-radiomaster-accessories","first","outofstock","taxable","shipping-taxable","purchasable","product-type-simple"],"jetpack_sharing_enabled":true,"_links":{"self":[{"href":"https:\/\/originhobbies.com\/fi\/wp-json\/wp\/v2\/product\/800","targetHints":{"allow":["GET"]}}],"collection":[{"href":"https:\/\/originhobbies.com\/fi\/wp-json\/wp\/v2\/product"}],"about":[{"href":"https:\/\/originhobbies.com\/fi\/wp-json\/wp\/v2\/types\/product"}],"replies":[{"embeddable":true,"href":"https:\/\/originhobbies.com\/fi\/wp-json\/wp\/v2\/comments?post=800"}],"wp:featuredmedia":[{"embeddable":true,"href":"https:\/\/originhobbies.com\/fi\/wp-json\/wp\/v2\/media\/802"}],"wp:attachment":[{"href":"https:\/\/originhobbies.com\/fi\/wp-json\/wp\/v2\/media?parent=800"}],"wp:term":[{"taxonomy":"product_brand","embeddable":true,"href":"https:\/\/originhobbies.com\/fi\/wp-json\/wp\/v2\/product_brand?post=800"},{"taxonomy":"product_cat","embeddable":true,"href":"https:\/\/originhobbies.com\/fi\/wp-json\/wp\/v2\/product_cat?post=800"},{"taxonomy":"product_tag","embeddable":true,"href":"https:\/\/originhobbies.com\/fi\/wp-json\/wp\/v2\/product_tag?post=800"}],"curies":[{"name":"wp","href":"https:\/\/api.w.org\/{rel}","templated":true}]}}