{"id":7006,"date":"2023-04-21T23:24:42","date_gmt":"2023-04-21T21:24:42","guid":{"rendered":"http:\/\/originhobbies.com\/shop\/uncategorized\/oshm4114b-omp-m4-tail-slider-bridge-black\/"},"modified":"2026-04-06T01:06:00","modified_gmt":"2026-04-05T23:06:00","slug":"oshm4114b-omp-m4-tail-slider-bridge-black","status":"publish","type":"product","link":"https:\/\/originhobbies.com\/fi\/shop\/helicopter-parts\/omphobby-spare-parts\/omphobby-m4-spare-parts\/oshm4114b-omp-m4-tail-slider-bridge-black\/","title":{"rendered":"OSHM4114B OMP M4 Tail Slider Bridge &#8211; Black"},"content":{"rendered":"<p>Tail Slider Bridge &#8211; Black for OMPHobby M4 Helicopter, OSHM4114B<\/p>\n<h4>Sis\u00e4lt\u00e4\u00e4<\/h4>\n<p>Tail Slider Bridge\uff08Black\uff09<\/p>","protected":false},"excerpt":{"rendered":"<p>Tail Slider Bridge &#8211; Black for OMPHobby M4 Helicopter, OSHM4114B Includes Tail Slider Bridge\uff08Black\uff09<\/p>","protected":false},"featured_media":7335,"comment_status":"open","ping_status":"closed","template":"","meta":{"_eb_attr":""},"product_brand":[],"product_cat":[199,268],"product_tag":[],"class_list":{"0":"post-7006","1":"product","2":"type-product","3":"status-publish","4":"has-post-thumbnail","6":"product_cat-omphobby-m4-spare-parts","7":"product_cat-omphobby-m4-max-spare-parts","9":"first","10":"instock","11":"taxable","12":"shipping-taxable","13":"purchasable","14":"product-type-simple"},"jetpack_sharing_enabled":true,"_links":{"self":[{"href":"https:\/\/originhobbies.com\/fi\/wp-json\/wp\/v2\/product\/7006","targetHints":{"allow":["GET"]}}],"collection":[{"href":"https:\/\/originhobbies.com\/fi\/wp-json\/wp\/v2\/product"}],"about":[{"href":"https:\/\/originhobbies.com\/fi\/wp-json\/wp\/v2\/types\/product"}],"replies":[{"embeddable":true,"href":"https:\/\/originhobbies.com\/fi\/wp-json\/wp\/v2\/comments?post=7006"}],"wp:featuredmedia":[{"embeddable":true,"href":"https:\/\/originhobbies.com\/fi\/wp-json\/wp\/v2\/media\/7335"}],"wp:attachment":[{"href":"https:\/\/originhobbies.com\/fi\/wp-json\/wp\/v2\/media?parent=7006"}],"wp:term":[{"taxonomy":"product_brand","embeddable":true,"href":"https:\/\/originhobbies.com\/fi\/wp-json\/wp\/v2\/product_brand?post=7006"},{"taxonomy":"product_cat","embeddable":true,"href":"https:\/\/originhobbies.com\/fi\/wp-json\/wp\/v2\/product_cat?post=7006"},{"taxonomy":"product_tag","embeddable":true,"href":"https:\/\/originhobbies.com\/fi\/wp-json\/wp\/v2\/product_tag?post=7006"}],"curies":[{"name":"wp","href":"https:\/\/api.w.org\/{rel}","templated":true}]}}