{"id":6876,"date":"2023-04-07T13:46:38","date_gmt":"2023-04-07T11:46:38","guid":{"rendered":"http:\/\/originhobbies.com\/?post_type=product&#038;p=6876"},"modified":"2026-04-28T15:52:38","modified_gmt":"2026-04-28T13:52:38","slug":"oshm4041s-omp-m4-tail-blade-grip-set-silver","status":"publish","type":"product","link":"https:\/\/originhobbies.com\/fi\/shop\/helicopter-parts\/omphobby-spare-parts\/omphobby-m4-spare-parts\/oshm4041s-omp-m4-tail-blade-grip-set-silver\/","title":{"rendered":"OSHM4041S OMP M4 Tail Blade Grip Set &#8211; Silver"},"content":{"rendered":"<p>Tail Blade Grip Set &#8211; Silver for OMPHobby M4 Helicopter, OSHM4041S<\/p>\n<h4>Sis\u00e4lt\u00e4\u00e4<\/h4>\n<p>Tail Blade Grip-2<br \/>\nBearing \u03a63x\u03a66&#215;2.5-4<br \/>\nThrust Bearing \u03a63x\u03a66&#215;2.8-2<br \/>\nWasher \u03a63x\u03a64.5&#215;0.2-2<br \/>\nWasher \u03a62x\u03a68&#215;0.2-2<br \/>\nSocket cap screw M2x10-2<br \/>\nM2 Nylon locknut-2<\/p>","protected":false},"excerpt":{"rendered":"<p>Tail Blade Grip Set &#8211; Silver for OMPHobby M4 Helicopter, OSHM4041S Includes Tail Blade Grip-2 Bearing \u03a63x\u03a66&#215;2.5-4 Thrust Bearing \u03a63x\u03a66&#215;2.8-2 Washer \u03a63x\u03a64.5&#215;0.2-2 Washer \u03a62x\u03a68&#215;0.2-2 Socket cap screw M2x10-2 M2 Nylon locknut-2<\/p>","protected":false},"featured_media":7589,"comment_status":"open","ping_status":"closed","template":"","meta":{"_eb_attr":""},"product_brand":[],"product_cat":[199],"product_tag":[],"class_list":["post-6876","product","type-product","status-publish","has-post-thumbnail","product_cat-omphobby-m4-spare-parts","first","instock","taxable","shipping-taxable","purchasable","product-type-simple"],"jetpack_sharing_enabled":true,"_links":{"self":[{"href":"https:\/\/originhobbies.com\/fi\/wp-json\/wp\/v2\/product\/6876","targetHints":{"allow":["GET"]}}],"collection":[{"href":"https:\/\/originhobbies.com\/fi\/wp-json\/wp\/v2\/product"}],"about":[{"href":"https:\/\/originhobbies.com\/fi\/wp-json\/wp\/v2\/types\/product"}],"replies":[{"embeddable":true,"href":"https:\/\/originhobbies.com\/fi\/wp-json\/wp\/v2\/comments?post=6876"}],"wp:featuredmedia":[{"embeddable":true,"href":"https:\/\/originhobbies.com\/fi\/wp-json\/wp\/v2\/media\/7589"}],"wp:attachment":[{"href":"https:\/\/originhobbies.com\/fi\/wp-json\/wp\/v2\/media?parent=6876"}],"wp:term":[{"taxonomy":"product_brand","embeddable":true,"href":"https:\/\/originhobbies.com\/fi\/wp-json\/wp\/v2\/product_brand?post=6876"},{"taxonomy":"product_cat","embeddable":true,"href":"https:\/\/originhobbies.com\/fi\/wp-json\/wp\/v2\/product_cat?post=6876"},{"taxonomy":"product_tag","embeddable":true,"href":"https:\/\/originhobbies.com\/fi\/wp-json\/wp\/v2\/product_tag?post=6876"}],"curies":[{"name":"wp","href":"https:\/\/api.w.org\/{rel}","templated":true}]}}