{"id":6867,"date":"2023-04-07T13:46:37","date_gmt":"2023-04-07T11:46:37","guid":{"rendered":"http:\/\/originhobbies.com\/?post_type=product&#038;p=6867"},"modified":"2026-04-06T01:06:00","modified_gmt":"2026-04-05T23:06:00","slug":"oshm4019s-omp-m4-square-frame-brace-silver","status":"publish","type":"product","link":"https:\/\/originhobbies.com\/fi\/shop\/helicopter-parts\/omphobby-spare-parts\/omphobby-m4-spare-parts\/oshm4019s-omp-m4-square-frame-brace-silver\/","title":{"rendered":"OSHM4019S OMP M4 Square Frame Brace &#8211; Silver"},"content":{"rendered":"<p>Square Frame Brace &#8211; Silver for OMPHobby M4 Helicopter, OSHM4019S<\/p>\n<h4>Sis\u00e4lt\u00e4\u00e4<\/h4>\n<p>Square Frame Brace-1<\/p>","protected":false},"excerpt":{"rendered":"<p>Square Frame Brace &#8211; Silver for OMPHobby M4 Helicopter, OSHM4019S Includes Square Frame Brace-1<\/p>","protected":false},"featured_media":7594,"comment_status":"open","ping_status":"closed","template":"","meta":{"_eb_attr":""},"product_brand":[],"product_cat":[199],"product_tag":[],"class_list":{"0":"post-6867","1":"product","2":"type-product","3":"status-publish","4":"has-post-thumbnail","6":"product_cat-omphobby-m4-spare-parts","8":"first","9":"outofstock","10":"taxable","11":"shipping-taxable","12":"purchasable","13":"product-type-simple"},"jetpack_sharing_enabled":true,"_links":{"self":[{"href":"https:\/\/originhobbies.com\/fi\/wp-json\/wp\/v2\/product\/6867","targetHints":{"allow":["GET"]}}],"collection":[{"href":"https:\/\/originhobbies.com\/fi\/wp-json\/wp\/v2\/product"}],"about":[{"href":"https:\/\/originhobbies.com\/fi\/wp-json\/wp\/v2\/types\/product"}],"replies":[{"embeddable":true,"href":"https:\/\/originhobbies.com\/fi\/wp-json\/wp\/v2\/comments?post=6867"}],"wp:featuredmedia":[{"embeddable":true,"href":"https:\/\/originhobbies.com\/fi\/wp-json\/wp\/v2\/media\/7594"}],"wp:attachment":[{"href":"https:\/\/originhobbies.com\/fi\/wp-json\/wp\/v2\/media?parent=6867"}],"wp:term":[{"taxonomy":"product_brand","embeddable":true,"href":"https:\/\/originhobbies.com\/fi\/wp-json\/wp\/v2\/product_brand?post=6867"},{"taxonomy":"product_cat","embeddable":true,"href":"https:\/\/originhobbies.com\/fi\/wp-json\/wp\/v2\/product_cat?post=6867"},{"taxonomy":"product_tag","embeddable":true,"href":"https:\/\/originhobbies.com\/fi\/wp-json\/wp\/v2\/product_tag?post=6867"}],"curies":[{"name":"wp","href":"https:\/\/api.w.org\/{rel}","templated":true}]}}