{"id":6603,"date":"2023-03-08T22:15:37","date_gmt":"2023-03-08T20:15:37","guid":{"rendered":"http:\/\/originhobbies.com\/shop\/uncategorized\/oshm4105-omp-m4-step-socket-cap-screw-m2-5x6mm\/"},"modified":"2026-04-28T15:52:49","modified_gmt":"2026-04-28T13:52:49","slug":"oshm4105-omp-m4-step-socket-cap-screw-m2-5x6mm","status":"publish","type":"product","link":"https:\/\/originhobbies.com\/fi\/shop\/helicopter-parts\/omphobby-spare-parts\/omphobby-m4-spare-parts\/oshm4105-omp-m4-step-socket-cap-screw-m2-5x6mm\/","title":{"rendered":"OSHM4105 OMP M4 Step socket cap screw M2.5x6mm"},"content":{"rendered":"<p>Step socket cap screw M2.5x6mm for OMPHobby M4 Helicopter, OSHM4105<\/p>\n<h4>Sis\u00e4lt\u00e4\u00e4<\/h4>\n<p>Step socket cap screw M2.5x6mm-8<\/p>","protected":false},"excerpt":{"rendered":"<p>Step socket cap screw M2.5x6mm for OMPHobby M4 Helicopter, OSHM4105 Includes Step socket cap screw M2.5x6mm-8<\/p>","protected":false},"featured_media":7327,"comment_status":"open","ping_status":"closed","template":"","meta":{"_eb_attr":""},"product_brand":[],"product_cat":[199,268],"product_tag":[],"class_list":{"0":"post-6603","1":"product","2":"type-product","3":"status-publish","4":"has-post-thumbnail","6":"product_cat-omphobby-m4-spare-parts","7":"product_cat-omphobby-m4-max-spare-parts","9":"first","10":"instock","11":"taxable","12":"shipping-taxable","13":"purchasable","14":"product-type-simple"},"jetpack_sharing_enabled":true,"_links":{"self":[{"href":"https:\/\/originhobbies.com\/fi\/wp-json\/wp\/v2\/product\/6603","targetHints":{"allow":["GET"]}}],"collection":[{"href":"https:\/\/originhobbies.com\/fi\/wp-json\/wp\/v2\/product"}],"about":[{"href":"https:\/\/originhobbies.com\/fi\/wp-json\/wp\/v2\/types\/product"}],"replies":[{"embeddable":true,"href":"https:\/\/originhobbies.com\/fi\/wp-json\/wp\/v2\/comments?post=6603"}],"wp:featuredmedia":[{"embeddable":true,"href":"https:\/\/originhobbies.com\/fi\/wp-json\/wp\/v2\/media\/7327"}],"wp:attachment":[{"href":"https:\/\/originhobbies.com\/fi\/wp-json\/wp\/v2\/media?parent=6603"}],"wp:term":[{"taxonomy":"product_brand","embeddable":true,"href":"https:\/\/originhobbies.com\/fi\/wp-json\/wp\/v2\/product_brand?post=6603"},{"taxonomy":"product_cat","embeddable":true,"href":"https:\/\/originhobbies.com\/fi\/wp-json\/wp\/v2\/product_cat?post=6603"},{"taxonomy":"product_tag","embeddable":true,"href":"https:\/\/originhobbies.com\/fi\/wp-json\/wp\/v2\/product_tag?post=6603"}],"curies":[{"name":"wp","href":"https:\/\/api.w.org\/{rel}","templated":true}]}}