{"id":6565,"date":"2023-03-08T22:15:28","date_gmt":"2023-03-08T20:15:28","guid":{"rendered":"http:\/\/originhobbies.com\/shop\/uncategorized\/oshm4086-omp-m4-bearing-%e2%88%858x%e2%88%8514x4mm\/"},"modified":"2026-04-06T01:06:13","modified_gmt":"2026-04-05T23:06:13","slug":"oshm4086-omp-m4-bearing-%e2%88%858x%e2%88%8514x4mm","status":"publish","type":"product","link":"https:\/\/originhobbies.com\/fi\/shop\/helicopter-parts\/omphobby-spare-parts\/omphobby-m6-spare-parts\/oshm4086-omp-m4-bearing-%e2%88%858x%e2%88%8514x4mm\/","title":{"rendered":"OSHM4086 OMP M4, M5, M6 bearing 8x14x4 mm"},"content":{"rendered":"<p>bearing 8x14x4 mm for OMPHobby M4, Max, M5, M6 Helicopter, OSHM4086<\/p>\n<h4>Sis\u00e4lt\u00e4\u00e4<\/h4>\n<p>bearing \u22058x\u220514x4mm-2 (4-045)<\/p>","protected":false},"excerpt":{"rendered":"<p>bearing 8x14x4 mm for OMPHobby M4, Max, M5, M6 Helicopter, OSHM4086 Includes bearing \u22058x\u220514x4mm-2 (4-045)<\/p>","protected":false},"featured_media":7128,"comment_status":"open","ping_status":"closed","template":"","meta":{"_eb_attr":""},"product_brand":[],"product_cat":[345,199,268,344],"product_tag":[],"class_list":{"0":"post-6565","1":"product","2":"type-product","3":"status-publish","4":"has-post-thumbnail","6":"product_cat-omphobby-m6-spare-parts","7":"product_cat-omphobby-m4-spare-parts","8":"product_cat-omphobby-m4-max-spare-parts","9":"product_cat-omphobby-m5-spare-parts","11":"first","12":"instock","13":"taxable","14":"shipping-taxable","15":"purchasable","16":"product-type-simple"},"jetpack_sharing_enabled":true,"_links":{"self":[{"href":"https:\/\/originhobbies.com\/fi\/wp-json\/wp\/v2\/product\/6565","targetHints":{"allow":["GET"]}}],"collection":[{"href":"https:\/\/originhobbies.com\/fi\/wp-json\/wp\/v2\/product"}],"about":[{"href":"https:\/\/originhobbies.com\/fi\/wp-json\/wp\/v2\/types\/product"}],"replies":[{"embeddable":true,"href":"https:\/\/originhobbies.com\/fi\/wp-json\/wp\/v2\/comments?post=6565"}],"wp:featuredmedia":[{"embeddable":true,"href":"https:\/\/originhobbies.com\/fi\/wp-json\/wp\/v2\/media\/7128"}],"wp:attachment":[{"href":"https:\/\/originhobbies.com\/fi\/wp-json\/wp\/v2\/media?parent=6565"}],"wp:term":[{"taxonomy":"product_brand","embeddable":true,"href":"https:\/\/originhobbies.com\/fi\/wp-json\/wp\/v2\/product_brand?post=6565"},{"taxonomy":"product_cat","embeddable":true,"href":"https:\/\/originhobbies.com\/fi\/wp-json\/wp\/v2\/product_cat?post=6565"},{"taxonomy":"product_tag","embeddable":true,"href":"https:\/\/originhobbies.com\/fi\/wp-json\/wp\/v2\/product_tag?post=6565"}],"curies":[{"name":"wp","href":"https:\/\/api.w.org\/{rel}","templated":true}]}}