{"id":6519,"date":"2023-03-08T22:15:19","date_gmt":"2023-03-08T20:15:19","guid":{"rendered":"http:\/\/originhobbies.com\/shop\/uncategorized\/oshm4063-omp-m4-main-rotor-linkage-set\/"},"modified":"2026-04-06T01:06:13","modified_gmt":"2026-04-05T23:06:13","slug":"oshm4063-omp-m4-main-rotor-linkage-set","status":"publish","type":"product","link":"https:\/\/originhobbies.com\/fi\/shop\/helicopter-parts\/omphobby-spare-parts\/omphobby-m4-spare-parts\/oshm4063-omp-m4-main-rotor-linkage-set\/","title":{"rendered":"OSHM4063 OMP M4 Main Rotor Linkage Rod Set"},"content":{"rendered":"<p>Main Rotor Linkage Rod Set for OMPHobby M4 Helicopter, OSHM4063<\/p>\n<h4>Sis\u00e4lt\u00e4\u00e4<\/h4>\n<p>Main Rotor Linkage-3<br \/>\n4.5 Universal Ball Joint-6<\/p>","protected":false},"excerpt":{"rendered":"<p>Main Rotor Linkage Rod Set for OMPHobby M4 Helicopter, OSHM4063 Includes Main Rotor Linkage-3 4.5 Universal Ball Joint-6<\/p>","protected":false},"featured_media":7106,"comment_status":"open","ping_status":"closed","template":"","meta":{"_eb_attr":""},"product_brand":[],"product_cat":[199,268],"product_tag":[],"class_list":{"0":"post-6519","1":"product","2":"type-product","3":"status-publish","4":"has-post-thumbnail","6":"product_cat-omphobby-m4-spare-parts","7":"product_cat-omphobby-m4-max-spare-parts","9":"first","10":"instock","11":"taxable","12":"shipping-taxable","13":"purchasable","14":"product-type-simple"},"jetpack_sharing_enabled":true,"_links":{"self":[{"href":"https:\/\/originhobbies.com\/fi\/wp-json\/wp\/v2\/product\/6519","targetHints":{"allow":["GET"]}}],"collection":[{"href":"https:\/\/originhobbies.com\/fi\/wp-json\/wp\/v2\/product"}],"about":[{"href":"https:\/\/originhobbies.com\/fi\/wp-json\/wp\/v2\/types\/product"}],"replies":[{"embeddable":true,"href":"https:\/\/originhobbies.com\/fi\/wp-json\/wp\/v2\/comments?post=6519"}],"wp:featuredmedia":[{"embeddable":true,"href":"https:\/\/originhobbies.com\/fi\/wp-json\/wp\/v2\/media\/7106"}],"wp:attachment":[{"href":"https:\/\/originhobbies.com\/fi\/wp-json\/wp\/v2\/media?parent=6519"}],"wp:term":[{"taxonomy":"product_brand","embeddable":true,"href":"https:\/\/originhobbies.com\/fi\/wp-json\/wp\/v2\/product_brand?post=6519"},{"taxonomy":"product_cat","embeddable":true,"href":"https:\/\/originhobbies.com\/fi\/wp-json\/wp\/v2\/product_cat?post=6519"},{"taxonomy":"product_tag","embeddable":true,"href":"https:\/\/originhobbies.com\/fi\/wp-json\/wp\/v2\/product_tag?post=6519"}],"curies":[{"name":"wp","href":"https:\/\/api.w.org\/{rel}","templated":true}]}}