{"id":6479,"date":"2023-03-08T22:15:10","date_gmt":"2023-03-08T20:15:10","guid":{"rendered":"http:\/\/originhobbies.com\/shop\/uncategorized\/oshm4046-omp-m4-385mm-main-blade\/"},"modified":"2026-04-06T01:06:13","modified_gmt":"2026-04-05T23:06:13","slug":"oshm4046-omp-m4-385mm-main-blade","status":"publish","type":"product","link":"https:\/\/originhobbies.com\/fi\/shop\/helicopter-parts\/omphobby-spare-parts\/omphobby-m4-spare-parts\/oshm4046-omp-m4-385mm-main-blade\/","title":{"rendered":"OSHM4046 OMP M4 385mm Main blade &#8211; RotorTech RT-385-U"},"content":{"rendered":"<p>385mm Main blade (Rotortech 385-U) for OMPHobby M4 Helicopter, OSHM4046<\/p>\n<h4>Sis\u00e4lt\u00e4\u00e4<\/h4>\n<p>RotorTech 385mm Ultimate Main blade-2<\/p>","protected":false},"excerpt":{"rendered":"<p>385mm Main blade (Rotortech 385-U) for OMPHobby M4 Helicopter, OSHM4046 Includes RotorTech 385mm Ultimate Main blade-2<\/p>","protected":false},"featured_media":7088,"comment_status":"open","ping_status":"closed","template":"","meta":{"_eb_attr":""},"product_brand":[],"product_cat":[199,150],"product_tag":[],"class_list":{"0":"post-6479","1":"product","2":"type-product","3":"status-publish","4":"has-post-thumbnail","6":"product_cat-omphobby-m4-spare-parts","7":"product_cat-300-400mm","9":"first","10":"outofstock","11":"taxable","12":"shipping-taxable","13":"purchasable","14":"product-type-simple"},"jetpack_sharing_enabled":true,"_links":{"self":[{"href":"https:\/\/originhobbies.com\/fi\/wp-json\/wp\/v2\/product\/6479","targetHints":{"allow":["GET"]}}],"collection":[{"href":"https:\/\/originhobbies.com\/fi\/wp-json\/wp\/v2\/product"}],"about":[{"href":"https:\/\/originhobbies.com\/fi\/wp-json\/wp\/v2\/types\/product"}],"replies":[{"embeddable":true,"href":"https:\/\/originhobbies.com\/fi\/wp-json\/wp\/v2\/comments?post=6479"}],"wp:featuredmedia":[{"embeddable":true,"href":"https:\/\/originhobbies.com\/fi\/wp-json\/wp\/v2\/media\/7088"}],"wp:attachment":[{"href":"https:\/\/originhobbies.com\/fi\/wp-json\/wp\/v2\/media?parent=6479"}],"wp:term":[{"taxonomy":"product_brand","embeddable":true,"href":"https:\/\/originhobbies.com\/fi\/wp-json\/wp\/v2\/product_brand?post=6479"},{"taxonomy":"product_cat","embeddable":true,"href":"https:\/\/originhobbies.com\/fi\/wp-json\/wp\/v2\/product_cat?post=6479"},{"taxonomy":"product_tag","embeddable":true,"href":"https:\/\/originhobbies.com\/fi\/wp-json\/wp\/v2\/product_tag?post=6479"}],"curies":[{"name":"wp","href":"https:\/\/api.w.org\/{rel}","templated":true}]}}