{"id":6447,"date":"2023-03-08T22:15:04","date_gmt":"2023-03-08T20:15:04","guid":{"rendered":"http:\/\/originhobbies.com\/shop\/uncategorized\/oshm4033-omp-m4-tail-housing-mounting-brace\/"},"modified":"2026-04-06T01:06:13","modified_gmt":"2026-04-05T23:06:13","slug":"oshm4033-omp-m4-tail-housing-mounting-brace","status":"publish","type":"product","link":"https:\/\/originhobbies.com\/fi\/shop\/helicopter-parts\/omphobby-spare-parts\/omphobby-m4-spare-parts\/oshm4033-omp-m4-tail-housing-mounting-brace\/","title":{"rendered":"OSHM4033B OMP M4 Tail Housing Mounting Brace &#8211; Black"},"content":{"rendered":"<p>Tail Housing Mounting Brace &#8211; Black for OMPHobby M4 Helicopter, OSHM4033B<\/p>\n<h4>Sis\u00e4lt\u00e4\u00e4<\/h4>\n<p>Tail Housing Mounting Brace-1<br \/>\nSocket cap screw M2.5&#215;6-4<\/p>","protected":false},"excerpt":{"rendered":"<p>Tail Housing Mounting Brace &#8211; Black for OMPHobby M4 Helicopter, OSHM4033B Includes Tail Housing Mounting Brace-1 Socket cap screw M2.5&#215;6-4<\/p>","protected":false},"featured_media":7417,"comment_status":"open","ping_status":"closed","template":"","meta":{"_eb_attr":""},"product_brand":[],"product_cat":[199],"product_tag":[],"class_list":{"0":"post-6447","1":"product","2":"type-product","3":"status-publish","4":"has-post-thumbnail","6":"product_cat-omphobby-m4-spare-parts","8":"first","9":"instock","10":"taxable","11":"shipping-taxable","12":"purchasable","13":"product-type-simple"},"jetpack_sharing_enabled":true,"_links":{"self":[{"href":"https:\/\/originhobbies.com\/fi\/wp-json\/wp\/v2\/product\/6447","targetHints":{"allow":["GET"]}}],"collection":[{"href":"https:\/\/originhobbies.com\/fi\/wp-json\/wp\/v2\/product"}],"about":[{"href":"https:\/\/originhobbies.com\/fi\/wp-json\/wp\/v2\/types\/product"}],"replies":[{"embeddable":true,"href":"https:\/\/originhobbies.com\/fi\/wp-json\/wp\/v2\/comments?post=6447"}],"wp:featuredmedia":[{"embeddable":true,"href":"https:\/\/originhobbies.com\/fi\/wp-json\/wp\/v2\/media\/7417"}],"wp:attachment":[{"href":"https:\/\/originhobbies.com\/fi\/wp-json\/wp\/v2\/media?parent=6447"}],"wp:term":[{"taxonomy":"product_brand","embeddable":true,"href":"https:\/\/originhobbies.com\/fi\/wp-json\/wp\/v2\/product_brand?post=6447"},{"taxonomy":"product_cat","embeddable":true,"href":"https:\/\/originhobbies.com\/fi\/wp-json\/wp\/v2\/product_cat?post=6447"},{"taxonomy":"product_tag","embeddable":true,"href":"https:\/\/originhobbies.com\/fi\/wp-json\/wp\/v2\/product_tag?post=6447"}],"curies":[{"name":"wp","href":"https:\/\/api.w.org\/{rel}","templated":true}]}}