{"id":6445,"date":"2023-03-08T22:15:04","date_gmt":"2023-03-08T20:15:04","guid":{"rendered":"http:\/\/originhobbies.com\/shop\/uncategorized\/oshm4032-omp-m4-tail-bellcrank-arm\/"},"modified":"2026-04-06T01:06:13","modified_gmt":"2026-04-05T23:06:13","slug":"oshm4032-omp-m4-tail-bellcrank-arm","status":"publish","type":"product","link":"https:\/\/originhobbies.com\/fi\/shop\/helicopter-parts\/omphobby-spare-parts\/omphobby-m4-spare-parts\/oshm4032-omp-m4-tail-bellcrank-arm\/","title":{"rendered":"OSHM4032 OMP M4 Tail Bellcrank Arm"},"content":{"rendered":"<p>Tail Bellcrank Arm for OMPHobby M4 Helicopter, OSHM4032<\/p>\n<h4>Sis\u00e4lt\u00e4\u00e4<\/h4>\n<p>Tail Bellcrank Arm-1<br \/>\nSocket cap screw M2x4-2<\/p>","protected":false},"excerpt":{"rendered":"<p>Tail Bellcrank Arm for OMPHobby M4 Helicopter, OSHM4032 Includes Tail Bellcrank Arm-1 Socket cap screw M2x4-2<\/p>","protected":false},"featured_media":7070,"comment_status":"open","ping_status":"closed","template":"","meta":{"_eb_attr":""},"product_brand":[],"product_cat":[199],"product_tag":[],"class_list":{"0":"post-6445","1":"product","2":"type-product","3":"status-publish","4":"has-post-thumbnail","6":"product_cat-omphobby-m4-spare-parts","8":"first","9":"instock","10":"taxable","11":"shipping-taxable","12":"purchasable","13":"product-type-simple"},"jetpack_sharing_enabled":true,"_links":{"self":[{"href":"https:\/\/originhobbies.com\/fi\/wp-json\/wp\/v2\/product\/6445","targetHints":{"allow":["GET"]}}],"collection":[{"href":"https:\/\/originhobbies.com\/fi\/wp-json\/wp\/v2\/product"}],"about":[{"href":"https:\/\/originhobbies.com\/fi\/wp-json\/wp\/v2\/types\/product"}],"replies":[{"embeddable":true,"href":"https:\/\/originhobbies.com\/fi\/wp-json\/wp\/v2\/comments?post=6445"}],"wp:featuredmedia":[{"embeddable":true,"href":"https:\/\/originhobbies.com\/fi\/wp-json\/wp\/v2\/media\/7070"}],"wp:attachment":[{"href":"https:\/\/originhobbies.com\/fi\/wp-json\/wp\/v2\/media?parent=6445"}],"wp:term":[{"taxonomy":"product_brand","embeddable":true,"href":"https:\/\/originhobbies.com\/fi\/wp-json\/wp\/v2\/product_brand?post=6445"},{"taxonomy":"product_cat","embeddable":true,"href":"https:\/\/originhobbies.com\/fi\/wp-json\/wp\/v2\/product_cat?post=6445"},{"taxonomy":"product_tag","embeddable":true,"href":"https:\/\/originhobbies.com\/fi\/wp-json\/wp\/v2\/product_tag?post=6445"}],"curies":[{"name":"wp","href":"https:\/\/api.w.org\/{rel}","templated":true}]}}