{"id":6433,"date":"2023-03-08T22:15:02","date_gmt":"2023-03-08T20:15:02","guid":{"rendered":"http:\/\/originhobbies.com\/shop\/uncategorized\/oshm4027y-omp-m4-landing-skid-racing-yellow\/"},"modified":"2026-04-06T19:27:35","modified_gmt":"2026-04-06T17:27:35","slug":"oshm4027y-omp-m4-landing-skid-racing-yellow","status":"publish","type":"product","link":"https:\/\/originhobbies.com\/fi\/shop\/helicopter-parts\/omphobby-spare-parts\/omphobby-m4-spare-parts\/oshm4027y-omp-m4-landing-skid-racing-yellow\/","title":{"rendered":"OSHM4027Y OMP M4 Landing skid &#8211; Racing Yellow"},"content":{"rendered":"<p>Landing skid &#8211; Racing Yellow for OMPHobby M4 Helicopter, OSHM4027Y<\/p>\n<h4>Sis\u00e4lt\u00e4\u00e4<\/h4>\n<p>Landing skid-1<br \/>\nCanopy Brace-1<br \/>\nSocket cap screw M2.5&#215;10-2<br \/>\nSocket cap screw M2.5&#215;12-2<\/p>","protected":false},"excerpt":{"rendered":"<p>Landing skid &#8211; Racing Yellow for OMPHobby M4 Helicopter, OSHM4027Y Includes Landing skid-1 Canopy Brace-1 Socket cap screw M2.5&#215;10-2 Socket cap screw M2.5&#215;12-2<\/p>","protected":false},"featured_media":7062,"comment_status":"open","ping_status":"closed","template":"","meta":{"_eb_attr":""},"product_brand":[],"product_cat":[199],"product_tag":[],"class_list":{"0":"post-6433","1":"product","2":"type-product","3":"status-publish","4":"has-post-thumbnail","6":"product_cat-omphobby-m4-spare-parts","8":"first","9":"instock","10":"taxable","11":"shipping-taxable","12":"purchasable","13":"product-type-simple"},"jetpack_sharing_enabled":true,"_links":{"self":[{"href":"https:\/\/originhobbies.com\/fi\/wp-json\/wp\/v2\/product\/6433","targetHints":{"allow":["GET"]}}],"collection":[{"href":"https:\/\/originhobbies.com\/fi\/wp-json\/wp\/v2\/product"}],"about":[{"href":"https:\/\/originhobbies.com\/fi\/wp-json\/wp\/v2\/types\/product"}],"replies":[{"embeddable":true,"href":"https:\/\/originhobbies.com\/fi\/wp-json\/wp\/v2\/comments?post=6433"}],"wp:featuredmedia":[{"embeddable":true,"href":"https:\/\/originhobbies.com\/fi\/wp-json\/wp\/v2\/media\/7062"}],"wp:attachment":[{"href":"https:\/\/originhobbies.com\/fi\/wp-json\/wp\/v2\/media?parent=6433"}],"wp:term":[{"taxonomy":"product_brand","embeddable":true,"href":"https:\/\/originhobbies.com\/fi\/wp-json\/wp\/v2\/product_brand?post=6433"},{"taxonomy":"product_cat","embeddable":true,"href":"https:\/\/originhobbies.com\/fi\/wp-json\/wp\/v2\/product_cat?post=6433"},{"taxonomy":"product_tag","embeddable":true,"href":"https:\/\/originhobbies.com\/fi\/wp-json\/wp\/v2\/product_tag?post=6433"}],"curies":[{"name":"wp","href":"https:\/\/api.w.org\/{rel}","templated":true}]}}