{"id":6429,"date":"2023-03-08T22:15:01","date_gmt":"2023-03-08T20:15:01","guid":{"rendered":"http:\/\/originhobbies.com\/shop\/uncategorized\/oshm4027r-omp-m4-landing-skid-viva-magenta\/"},"modified":"2026-04-28T15:52:38","modified_gmt":"2026-04-28T13:52:38","slug":"oshm4027r-omp-m4-landing-skid-viva-magenta","status":"publish","type":"product","link":"https:\/\/originhobbies.com\/fi\/shop\/helicopter-parts\/omphobby-spare-parts\/omphobby-m4-spare-parts\/oshm4027r-omp-m4-landing-skid-viva-magenta\/","title":{"rendered":"OSHM4027R OMP M4 Landing skid &#8211; Viva Magenta \/ Red"},"content":{"rendered":"<p>Landing skid &#8211; Viva Magenta \/ Red for OMPHobby M4 Helicopter, OSHM4027R<\/p>\n<h4>Sis\u00e4lt\u00e4\u00e4<\/h4>\n<p>Landing skid-1<br \/>\nCanopy Brace-1<br \/>\nSocket cap screw M2.5&#215;10-2<br \/>\nSocket cap screw M2.5&#215;12-2<\/p>","protected":false},"excerpt":{"rendered":"<p>Landing skid &#8211; Viva Magenta \/ Red for OMPHobby M4 Helicopter, OSHM4027R Includes Landing skid-1 Canopy Brace-1 Socket cap screw M2.5&#215;10-2 Socket cap screw M2.5&#215;12-2<\/p>","protected":false},"featured_media":7061,"comment_status":"open","ping_status":"closed","template":"","meta":{"_eb_attr":""},"product_brand":[],"product_cat":[199],"product_tag":[],"class_list":["post-6429","product","type-product","status-publish","has-post-thumbnail","product_cat-omphobby-m4-spare-parts","first","instock","taxable","shipping-taxable","purchasable","product-type-simple"],"jetpack_sharing_enabled":true,"_links":{"self":[{"href":"https:\/\/originhobbies.com\/fi\/wp-json\/wp\/v2\/product\/6429","targetHints":{"allow":["GET"]}}],"collection":[{"href":"https:\/\/originhobbies.com\/fi\/wp-json\/wp\/v2\/product"}],"about":[{"href":"https:\/\/originhobbies.com\/fi\/wp-json\/wp\/v2\/types\/product"}],"replies":[{"embeddable":true,"href":"https:\/\/originhobbies.com\/fi\/wp-json\/wp\/v2\/comments?post=6429"}],"wp:featuredmedia":[{"embeddable":true,"href":"https:\/\/originhobbies.com\/fi\/wp-json\/wp\/v2\/media\/7061"}],"wp:attachment":[{"href":"https:\/\/originhobbies.com\/fi\/wp-json\/wp\/v2\/media?parent=6429"}],"wp:term":[{"taxonomy":"product_brand","embeddable":true,"href":"https:\/\/originhobbies.com\/fi\/wp-json\/wp\/v2\/product_brand?post=6429"},{"taxonomy":"product_cat","embeddable":true,"href":"https:\/\/originhobbies.com\/fi\/wp-json\/wp\/v2\/product_cat?post=6429"},{"taxonomy":"product_tag","embeddable":true,"href":"https:\/\/originhobbies.com\/fi\/wp-json\/wp\/v2\/product_tag?post=6429"}],"curies":[{"name":"wp","href":"https:\/\/api.w.org\/{rel}","templated":true}]}}