{"id":6409,"date":"2023-03-08T22:14:55","date_gmt":"2023-03-08T20:14:55","guid":{"rendered":"http:\/\/originhobbies.com\/shop\/uncategorized\/oshm40017-omp-m4-swashplate-guidance-plate\/"},"modified":"2026-04-28T15:52:38","modified_gmt":"2026-04-28T13:52:38","slug":"oshm4017-omp-m4-swashplate-guidance-plate","status":"publish","type":"product","link":"https:\/\/originhobbies.com\/fi\/shop\/helicopter-parts\/omphobby-spare-parts\/omphobby-m4-spare-parts\/oshm4017-omp-m4-swashplate-guidance-plate\/","title":{"rendered":"OSHM4017 OMP M4 Swashplate Guidance Plate"},"content":{"rendered":"<p>Swashplate Guidance Plate for OMPHobby M4 Helicopter, OSHM4017<\/p>\n<h4>Sis\u00e4lt\u00e4\u00e4<\/h4>\n<p>Swashplate Guidance Plate-1<br \/>\nM2.5&#215;5 socket cap screw-2<\/p>","protected":false},"excerpt":{"rendered":"<p>Swashplate Guidance Plate for OMPHobby M4 Helicopter, OSHM4017 Includes Swashplate Guidance Plate-1 M2.5&#215;5 socket cap screw-2<\/p>","protected":false},"featured_media":7046,"comment_status":"open","ping_status":"closed","template":"","meta":{"_eb_attr":""},"product_brand":[],"product_cat":[199,268],"product_tag":[],"class_list":["post-6409","product","type-product","status-publish","has-post-thumbnail","product_cat-omphobby-m4-spare-parts","product_cat-omphobby-m4-max-spare-parts","first","instock","taxable","shipping-taxable","purchasable","product-type-simple"],"jetpack_sharing_enabled":true,"_links":{"self":[{"href":"https:\/\/originhobbies.com\/fi\/wp-json\/wp\/v2\/product\/6409","targetHints":{"allow":["GET"]}}],"collection":[{"href":"https:\/\/originhobbies.com\/fi\/wp-json\/wp\/v2\/product"}],"about":[{"href":"https:\/\/originhobbies.com\/fi\/wp-json\/wp\/v2\/types\/product"}],"replies":[{"embeddable":true,"href":"https:\/\/originhobbies.com\/fi\/wp-json\/wp\/v2\/comments?post=6409"}],"wp:featuredmedia":[{"embeddable":true,"href":"https:\/\/originhobbies.com\/fi\/wp-json\/wp\/v2\/media\/7046"}],"wp:attachment":[{"href":"https:\/\/originhobbies.com\/fi\/wp-json\/wp\/v2\/media?parent=6409"}],"wp:term":[{"taxonomy":"product_brand","embeddable":true,"href":"https:\/\/originhobbies.com\/fi\/wp-json\/wp\/v2\/product_brand?post=6409"},{"taxonomy":"product_cat","embeddable":true,"href":"https:\/\/originhobbies.com\/fi\/wp-json\/wp\/v2\/product_cat?post=6409"},{"taxonomy":"product_tag","embeddable":true,"href":"https:\/\/originhobbies.com\/fi\/wp-json\/wp\/v2\/product_tag?post=6409"}],"curies":[{"name":"wp","href":"https:\/\/api.w.org\/{rel}","templated":true}]}}