{"id":6397,"date":"2023-03-08T22:14:53","date_gmt":"2023-03-08T20:14:53","guid":{"rendered":"http:\/\/originhobbies.com\/shop\/uncategorized\/oshm4014r-l-omp-m4-left-main-frame-viva-magenta\/"},"modified":"2026-04-28T15:52:38","modified_gmt":"2026-04-28T13:52:38","slug":"oshm4014r-l-omp-m4-left-main-frame-viva-magenta","status":"publish","type":"product","link":"https:\/\/originhobbies.com\/fi\/shop\/helicopter-parts\/omphobby-spare-parts\/omphobby-m4-spare-parts\/oshm4014r-l-omp-m4-left-main-frame-viva-magenta\/","title":{"rendered":"OSHM4014R-L OMP M4 Left Main Frame &#8211; Viva Magenta \/ Red"},"content":{"rendered":"<p>Left Main Frame &#8211; Viva Magenta \/ Red for OMPHobby M4 Helicopter, OSHM4014R-L<\/p>\n<h4>Sis\u00e4lt\u00e4\u00e4<\/h4>\n<p>Left Main Frame &#8211; Viva Magenta*1<\/p>","protected":false},"excerpt":{"rendered":"<p>Left Main Frame &#8211; Viva Magenta \/ Red for OMPHobby M4 Helicopter, OSHM4014R-L Includes Left Main Frame &#8211; Viva Magenta*1<\/p>","protected":false},"featured_media":7039,"comment_status":"open","ping_status":"closed","template":"","meta":{"_eb_attr":""},"product_brand":[],"product_cat":[199],"product_tag":[],"class_list":["post-6397","product","type-product","status-publish","has-post-thumbnail","product_cat-omphobby-m4-spare-parts","first","instock","taxable","shipping-taxable","purchasable","product-type-simple"],"jetpack_sharing_enabled":true,"_links":{"self":[{"href":"https:\/\/originhobbies.com\/fi\/wp-json\/wp\/v2\/product\/6397","targetHints":{"allow":["GET"]}}],"collection":[{"href":"https:\/\/originhobbies.com\/fi\/wp-json\/wp\/v2\/product"}],"about":[{"href":"https:\/\/originhobbies.com\/fi\/wp-json\/wp\/v2\/types\/product"}],"replies":[{"embeddable":true,"href":"https:\/\/originhobbies.com\/fi\/wp-json\/wp\/v2\/comments?post=6397"}],"wp:featuredmedia":[{"embeddable":true,"href":"https:\/\/originhobbies.com\/fi\/wp-json\/wp\/v2\/media\/7039"}],"wp:attachment":[{"href":"https:\/\/originhobbies.com\/fi\/wp-json\/wp\/v2\/media?parent=6397"}],"wp:term":[{"taxonomy":"product_brand","embeddable":true,"href":"https:\/\/originhobbies.com\/fi\/wp-json\/wp\/v2\/product_brand?post=6397"},{"taxonomy":"product_cat","embeddable":true,"href":"https:\/\/originhobbies.com\/fi\/wp-json\/wp\/v2\/product_cat?post=6397"},{"taxonomy":"product_tag","embeddable":true,"href":"https:\/\/originhobbies.com\/fi\/wp-json\/wp\/v2\/product_tag?post=6397"}],"curies":[{"name":"wp","href":"https:\/\/api.w.org\/{rel}","templated":true}]}}