{"id":3993,"date":"2022-07-23T13:21:20","date_gmt":"2022-07-23T11:21:20","guid":{"rendered":"http:\/\/originhobbies.com\/shop\/uncategorized\/oshm2309-omp-m2-evo-main-rotor-holder-set\/"},"modified":"2026-04-12T17:22:20","modified_gmt":"2026-04-12T15:22:20","slug":"oshm2309-omp-m2-evo-main-rotor-holder-set","status":"publish","type":"product","link":"https:\/\/originhobbies.com\/fi\/shop\/helicopter-parts\/omphobby-spare-parts\/omphobby-m2-evo-spare-parts\/oshm2309-omp-m2-evo-main-rotor-holder-set\/","title":{"rendered":"OSHM2309 OMP M2 EVO &#8211; Main Rotor Holder set"},"content":{"rendered":"<p>Main Rotor Holder set for the OMP M2 EVO Helicopter, OSHM2309<\/p>\n<h4>Sis\u00e4lt\u00e4\u00e4<\/h4>\n<p>Main Rotor Holder-1pcs<br \/>\nBearing \u03a63*\u03a66*2.5-2pcs<br \/>\ngasket \u03a64.5*\u03a66*0.1-1pcs<br \/>\nMain Rotor Holder Bearing sleeve-1pcs<br \/>\nBall screw-L2.5-M2-1pcs<\/p>\n<p><img loading=\"lazy\" decoding=\"async\" class=\"alignnone wp-image-3992 size-medium\" src=\"https:\/\/originhobbies.com\/wp-content\/uploads\/2022\/07\/OSHM2309-300x300.jpg\" alt=\"\" width=\"300\" height=\"300\" srcset=\"https:\/\/originhobbies.com\/wp-content\/uploads\/2022\/07\/OSHM2309-300x300.jpg 300w, https:\/\/originhobbies.com\/wp-content\/uploads\/2022\/07\/OSHM2309-150x150.jpg 150w, https:\/\/originhobbies.com\/wp-content\/uploads\/2022\/07\/OSHM2309-768x768.jpg 768w, https:\/\/originhobbies.com\/wp-content\/uploads\/2022\/07\/OSHM2309-12x12.jpg 12w, https:\/\/originhobbies.com\/wp-content\/uploads\/2022\/07\/OSHM2309-324x324.jpg 324w, https:\/\/originhobbies.com\/wp-content\/uploads\/2022\/07\/OSHM2309-416x416.jpg 416w, https:\/\/originhobbies.com\/wp-content\/uploads\/2022\/07\/OSHM2309-100x100.jpg 100w, https:\/\/originhobbies.com\/wp-content\/uploads\/2022\/07\/OSHM2309.jpg 800w\" sizes=\"auto, (max-width: 300px) 100vw, 300px\" \/><\/p>","protected":false},"excerpt":{"rendered":"<p>Main Rotor Holder set for the OMP M2 EVO Helicopter, OSHM2309 Includes Main Rotor Holder-1pcs Bearing \u03a63*\u03a66*2.5-2pcs gasket \u03a64.5*\u03a66*0.1-1pcs Main Rotor Holder Bearing sleeve-1pcs Ball screw-L2.5-M2-1pcs<\/p>","protected":false},"featured_media":4731,"comment_status":"open","ping_status":"closed","template":"","meta":{"_eb_attr":""},"product_brand":[],"product_cat":[165,334],"product_tag":[],"class_list":{"0":"post-3993","1":"product","2":"type-product","3":"status-publish","4":"has-post-thumbnail","6":"product_cat-omphobby-m2-evo-spare-parts","7":"product_cat-omp-m2-evo-mk2-spare-parts","9":"first","10":"outofstock","11":"taxable","12":"shipping-taxable","13":"purchasable","14":"product-type-simple"},"jetpack_sharing_enabled":true,"_links":{"self":[{"href":"https:\/\/originhobbies.com\/fi\/wp-json\/wp\/v2\/product\/3993","targetHints":{"allow":["GET"]}}],"collection":[{"href":"https:\/\/originhobbies.com\/fi\/wp-json\/wp\/v2\/product"}],"about":[{"href":"https:\/\/originhobbies.com\/fi\/wp-json\/wp\/v2\/types\/product"}],"replies":[{"embeddable":true,"href":"https:\/\/originhobbies.com\/fi\/wp-json\/wp\/v2\/comments?post=3993"}],"wp:featuredmedia":[{"embeddable":true,"href":"https:\/\/originhobbies.com\/fi\/wp-json\/wp\/v2\/media\/4731"}],"wp:attachment":[{"href":"https:\/\/originhobbies.com\/fi\/wp-json\/wp\/v2\/media?parent=3993"}],"wp:term":[{"taxonomy":"product_brand","embeddable":true,"href":"https:\/\/originhobbies.com\/fi\/wp-json\/wp\/v2\/product_brand?post=3993"},{"taxonomy":"product_cat","embeddable":true,"href":"https:\/\/originhobbies.com\/fi\/wp-json\/wp\/v2\/product_cat?post=3993"},{"taxonomy":"product_tag","embeddable":true,"href":"https:\/\/originhobbies.com\/fi\/wp-json\/wp\/v2\/product_tag?post=3993"}],"curies":[{"name":"wp","href":"https:\/\/api.w.org\/{rel}","templated":true}]}}