{"id":24552,"date":"2026-03-16T00:46:15","date_gmt":"2026-03-15T22:46:15","guid":{"rendered":"https:\/\/originhobbies.com\/shop\/uncategorized\/oshm1282-omp-m1-v3-pro-screw-m1-6x12\/"},"modified":"2026-04-29T20:52:45","modified_gmt":"2026-04-29T18:52:45","slug":"oshm1282-omp-m1-v3-pro-screw-m1-6x12","status":"publish","type":"product","link":"https:\/\/originhobbies.com\/fi\/shop\/helicopter-parts\/omphobby-spare-parts\/omphobby-m1-v3-pro-spare-parts\/oshm1282-omp-m1-v3-pro-screw-m1-6x12\/","title":{"rendered":"OSHM1282 OMP M1 V3 Pro Screws M1.6\u00d712"},"content":{"rendered":"<p>Screws M1.6\u00d712 for OMPHobby M1 V3 Pro Helicopter, OSHM1282<\/p>\n<h4>Sis\u00e4lt\u00e4\u00e4<\/h4>\n<p>Cup-head hex socket screw M1.6*12*4<\/p>","protected":false},"excerpt":{"rendered":"<p>Screws M1.6\u00d712 for OMPHobby M1 V3 Pro Helicopter, OSHM1282 Includes Cup-head hex socket screw M1.6*12*4<\/p>","protected":false},"featured_media":24551,"comment_status":"open","ping_status":"closed","template":"","meta":{"_eb_attr":""},"product_brand":[],"product_cat":[453],"product_tag":[],"class_list":["post-24552","product","type-product","status-publish","has-post-thumbnail","product_cat-omphobby-m1-v3-pro-spare-parts","first","instock","taxable","shipping-taxable","purchasable","product-type-simple"],"jetpack_sharing_enabled":true,"_links":{"self":[{"href":"https:\/\/originhobbies.com\/fi\/wp-json\/wp\/v2\/product\/24552","targetHints":{"allow":["GET"]}}],"collection":[{"href":"https:\/\/originhobbies.com\/fi\/wp-json\/wp\/v2\/product"}],"about":[{"href":"https:\/\/originhobbies.com\/fi\/wp-json\/wp\/v2\/types\/product"}],"replies":[{"embeddable":true,"href":"https:\/\/originhobbies.com\/fi\/wp-json\/wp\/v2\/comments?post=24552"}],"wp:featuredmedia":[{"embeddable":true,"href":"https:\/\/originhobbies.com\/fi\/wp-json\/wp\/v2\/media\/24551"}],"wp:attachment":[{"href":"https:\/\/originhobbies.com\/fi\/wp-json\/wp\/v2\/media?parent=24552"}],"wp:term":[{"taxonomy":"product_brand","embeddable":true,"href":"https:\/\/originhobbies.com\/fi\/wp-json\/wp\/v2\/product_brand?post=24552"},{"taxonomy":"product_cat","embeddable":true,"href":"https:\/\/originhobbies.com\/fi\/wp-json\/wp\/v2\/product_cat?post=24552"},{"taxonomy":"product_tag","embeddable":true,"href":"https:\/\/originhobbies.com\/fi\/wp-json\/wp\/v2\/product_tag?post=24552"}],"curies":[{"name":"wp","href":"https:\/\/api.w.org\/{rel}","templated":true}]}}