{"id":24506,"date":"2026-03-16T00:45:52","date_gmt":"2026-03-15T22:45:52","guid":{"rendered":"https:\/\/originhobbies.com\/shop\/uncategorized\/oshm1257-omp-m1-v3-pro-flight-controller-set\/"},"modified":"2026-04-29T20:46:45","modified_gmt":"2026-04-29T18:46:45","slug":"oshm1257-omp-m1-v3-pro-flight-controller-set","status":"publish","type":"product","link":"https:\/\/originhobbies.com\/fi\/shop\/helicopter-parts\/omphobby-spare-parts\/omphobby-m1-v3-pro-spare-parts\/oshm1257-omp-m1-v3-pro-flight-controller-set\/","title":{"rendered":"OSHM1257 OMP M1 V3 Pro Flight Controller + ESC Set"},"content":{"rendered":"<p>Flight Controller + ESC Set for OMPHobby M1 V3 Pro Helicopter, OSHM1257<\/p>\n<h4>Sis\u00e4lt\u00e4\u00e4<\/h4>\n<p>OFS3+ Flight Controller &amp; ESC*1<br \/>\nCup-head hex socket screw M1.4&#215;3*3<br \/>\nFlight controller mounting pillar*4<br \/>\nCup-head hex socket screw M1.6&#215;12*4<\/p>","protected":false},"excerpt":{"rendered":"<p>Flight Controller + ESC Set for OMPHobby M1 V3 Pro Helicopter, OSHM1257 Includes OFS3+ Flight Controller &amp; ESC*1 Cup-head hex socket screw M1.4&#215;3*3 Flight controller mounting pillar*4 Cup-head hex socket screw M1.6&#215;12*4<\/p>","protected":false},"featured_media":25817,"comment_status":"open","ping_status":"closed","template":"","meta":{"_eb_attr":""},"product_brand":[],"product_cat":[453],"product_tag":[],"class_list":{"0":"post-24506","1":"product","2":"type-product","3":"status-publish","4":"has-post-thumbnail","6":"product_cat-omphobby-m1-v3-pro-spare-parts","8":"first","9":"instock","10":"taxable","11":"shipping-taxable","12":"purchasable","13":"product-type-simple"},"jetpack_sharing_enabled":true,"_links":{"self":[{"href":"https:\/\/originhobbies.com\/fi\/wp-json\/wp\/v2\/product\/24506","targetHints":{"allow":["GET"]}}],"collection":[{"href":"https:\/\/originhobbies.com\/fi\/wp-json\/wp\/v2\/product"}],"about":[{"href":"https:\/\/originhobbies.com\/fi\/wp-json\/wp\/v2\/types\/product"}],"replies":[{"embeddable":true,"href":"https:\/\/originhobbies.com\/fi\/wp-json\/wp\/v2\/comments?post=24506"}],"wp:featuredmedia":[{"embeddable":true,"href":"https:\/\/originhobbies.com\/fi\/wp-json\/wp\/v2\/media\/25817"}],"wp:attachment":[{"href":"https:\/\/originhobbies.com\/fi\/wp-json\/wp\/v2\/media?parent=24506"}],"wp:term":[{"taxonomy":"product_brand","embeddable":true,"href":"https:\/\/originhobbies.com\/fi\/wp-json\/wp\/v2\/product_brand?post=24506"},{"taxonomy":"product_cat","embeddable":true,"href":"https:\/\/originhobbies.com\/fi\/wp-json\/wp\/v2\/product_cat?post=24506"},{"taxonomy":"product_tag","embeddable":true,"href":"https:\/\/originhobbies.com\/fi\/wp-json\/wp\/v2\/product_tag?post=24506"}],"curies":[{"name":"wp","href":"https:\/\/api.w.org\/{rel}","templated":true}]}}